{"id":3054,"date":"2021-06-20T21:23:35","date_gmt":"2021-06-20T18:23:35","guid":{"rendered":"https:\/\/hansabuss.ee\/sniedz-atgriezenisko-saiti\/"},"modified":"2021-06-20T21:26:59","modified_gmt":"2021-06-20T18:26:59","slug":"sniedz-atgriezenisko-saiti","status":"publish","type":"page","link":"https:\/\/hansabuss.ee\/lv\/sniedz-atgriezenisko-saiti\/","title":{"rendered":"Sniedz atgriezenisko saiti"},"content":{"rendered":"<section class=\"l-section wpb_row frontpage-reviews height_medium\"><div class=\"l-section-h i-cf\"><div class=\"g-cols vc_row via_flex valign_top type_default stacking_default\"><div class=\"vc_col-sm-12 wpb_column vc_column_container\"><div class=\"vc_column-inner us_custom_39f253c5\"><div class=\"wpb_wrapper\">\n<div class=\"wpcf7 no-js\" id=\"wpcf7-f1996-o1\" lang=\"lv-LV\" dir=\"ltr\" data-wpcf7-id=\"1996\">\n<div class=\"screen-reader-response\"><p role=\"status\" aria-live=\"polite\" aria-atomic=\"true\"><\/p> <ul><\/ul><\/div>\n<form action=\"\/lv\/wp-json\/wp\/v2\/pages\/3054#wpcf7-f1996-o1\" method=\"post\" class=\"wpcf7-form init\" aria-label=\"Contact form\" novalidate=\"novalidate\" data-status=\"init\">\n<fieldset class=\"hidden-fields-container\"><input type=\"hidden\" name=\"_wpcf7\" value=\"1996\" \/><input type=\"hidden\" name=\"_wpcf7_version\" value=\"6.1.5\" \/><input type=\"hidden\" name=\"_wpcf7_locale\" value=\"lv_LV\" \/><input type=\"hidden\" name=\"_wpcf7_unit_tag\" value=\"wpcf7-f1996-o1\" \/><input type=\"hidden\" name=\"_wpcf7_container_post\" value=\"0\" \/><input type=\"hidden\" name=\"_wpcf7_posted_data_hash\" value=\"\" \/>\n<\/fieldset>\n<p><span class=\"wpcf7-form-control-wrap\" data-name=\"your-name\"><input size=\"40\" maxlength=\"400\" class=\"wpcf7-form-control wpcf7-text wpcf7-validates-as-required\" aria-required=\"true\" aria-invalid=\"false\" placeholder=\"J\u016bsu v\u0101rds*\" value=\"\" type=\"text\" name=\"your-name\" \/><\/span><br \/>\n<span class=\"wpcf7-form-control-wrap\" data-name=\"your-email\"><input size=\"40\" maxlength=\"400\" class=\"wpcf7-form-control wpcf7-email wpcf7-text wpcf7-validates-as-email\" aria-invalid=\"false\" placeholder=\"Elektroniskais pasts\" value=\"\" type=\"email\" name=\"your-email\" \/><\/span><br \/>\n<span class=\"wpcf7-form-control-wrap\" data-name=\"your-company\"><input size=\"40\" maxlength=\"400\" class=\"wpcf7-form-control wpcf7-text\" aria-invalid=\"false\" placeholder=\"Uz\u0146\u0113mums\" value=\"\" type=\"text\" name=\"your-company\" \/><\/span><br \/>\n<span class=\"wpcf7-form-control-wrap\" data-name=\"your-message\"><textarea cols=\"40\" rows=\"10\" maxlength=\"2000\" class=\"wpcf7-form-control wpcf7-textarea\" aria-invalid=\"false\" placeholder=\"J\u016bsu atsauksmes ir svar\u012bgas, lai uzlabotu pakalpojumu - rakstiet mums\" name=\"your-message\"><\/textarea><\/span>\n<\/p>\n<p class=\"rating-subheading\">Vai iesaki m\u016bsu pakalpojumu savam draugam, kol\u0113\u0123im?\n<\/p>\n<p class=\"rating-submit\"><span class=\"wpcf7-form-control-wrap\" data-name=\"radio-numbers\"><span class=\"wpcf7-form-control wpcf7-radio rating-numbers\"><span class=\"wpcf7-list-item first\"><input type=\"radio\" name=\"radio-numbers\" value=\"1\" \/><span class=\"wpcf7-list-item-label\">1<\/span><\/span><span class=\"wpcf7-list-item\"><input type=\"radio\" name=\"radio-numbers\" value=\"2\" \/><span class=\"wpcf7-list-item-label\">2<\/span><\/span><span class=\"wpcf7-list-item\"><input type=\"radio\" name=\"radio-numbers\" value=\"3\" \/><span class=\"wpcf7-list-item-label\">3<\/span><\/span><span class=\"wpcf7-list-item\"><input type=\"radio\" name=\"radio-numbers\" value=\"4\" \/><span class=\"wpcf7-list-item-label\">4<\/span><\/span><span class=\"wpcf7-list-item\"><input type=\"radio\" name=\"radio-numbers\" value=\"5\" \/><span class=\"wpcf7-list-item-label\">5<\/span><\/span><span class=\"wpcf7-list-item\"><input type=\"radio\" name=\"radio-numbers\" value=\"6\" \/><span class=\"wpcf7-list-item-label\">6<\/span><\/span><span class=\"wpcf7-list-item\"><input type=\"radio\" name=\"radio-numbers\" value=\"7\" \/><span class=\"wpcf7-list-item-label\">7<\/span><\/span><span class=\"wpcf7-list-item\"><input type=\"radio\" name=\"radio-numbers\" value=\"8\" \/><span class=\"wpcf7-list-item-label\">8<\/span><\/span><span class=\"wpcf7-list-item\"><input type=\"radio\" name=\"radio-numbers\" value=\"9\" \/><span class=\"wpcf7-list-item-label\">9<\/span><\/span><span class=\"wpcf7-list-item last\"><input type=\"radio\" name=\"radio-numbers\" value=\"10\" checked=\"checked\" \/><span class=\"wpcf7-list-item-label\">10<\/span><\/span><\/span><\/span>\n<\/p>\n<div class=\"wpcf7-turnstile cf-turnstile\" data-sitekey=\"0x4AAAAAACHDm_BfAyMCnjXS\" data-response-field-name=\"_wpcf7_turnstile_response\"><\/div>\n<p><input class=\"wpcf7-form-control wpcf7-submit has-spinner\" type=\"submit\" value=\"Nos\u016bt\u012bt\" \/>\n<\/p><div class=\"wpcf7-response-output\" aria-hidden=\"true\"><\/div>\n<\/form>\n<\/div>\n<\/div><\/div><\/div><\/div><\/div><\/section>\n","protected":false},"excerpt":{"rendered":"Vai iesaki m\u016bsu pakalpojumu savam draugam, kol\u0113\u0123im? 12345678910","protected":false},"author":1,"featured_media":0,"parent":0,"menu_order":0,"comment_status":"closed","ping_status":"closed","template":"","meta":{"_acf_changed":false,"footnotes":""},"class_list":["post-3054","page","type-page","status-publish","hentry"],"acf":[],"yoast_head":"<!-- This site is optimized with the Yoast SEO plugin v27.3 - https:\/\/yoast.com\/product\/yoast-seo-wordpress\/ -->\n<title>Sniedz atgriezenisko saiti - Hansabuss<\/title>\n<meta name=\"robots\" content=\"index, follow, max-snippet:-1, max-image-preview:large, max-video-preview:-1\" \/>\n<link rel=\"canonical\" href=\"https:\/\/hansabuss.ee\/lv\/sniedz-atgriezenisko-saiti\/\" \/>\n<meta property=\"og:locale\" content=\"lv_LV\" \/>\n<meta property=\"og:type\" content=\"article\" \/>\n<meta property=\"og:title\" content=\"Sniedz atgriezenisko saiti - Hansabuss\" \/>\n<meta property=\"og:url\" content=\"https:\/\/hansabuss.ee\/lv\/sniedz-atgriezenisko-saiti\/\" \/>\n<meta property=\"og:site_name\" content=\"Hansabuss\" \/>\n<meta property=\"article:publisher\" content=\"https:\/\/www.facebook.com\/Hansabuss\/\" \/>\n<meta property=\"article:modified_time\" content=\"2021-06-20T18:26:59+00:00\" \/>\n<meta property=\"og:image\" content=\"https:\/\/hansabuss.ee\/wp-content\/uploads\/2021\/04\/Turismibussid-32-kohta-3.jpg\" \/>\n\t<meta property=\"og:image:width\" content=\"1024\" \/>\n\t<meta property=\"og:image:height\" content=\"682\" \/>\n\t<meta property=\"og:image:type\" content=\"image\/jpeg\" \/>\n<meta name=\"twitter:card\" content=\"summary_large_image\" \/>\n<meta name=\"twitter:label1\" content=\"Est. reading time\" \/>\n\t<meta name=\"twitter:data1\" content=\"1 minute\" \/>\n<script type=\"application\/ld+json\" class=\"yoast-schema-graph\">{\"@context\":\"https:\\\/\\\/schema.org\",\"@graph\":[{\"@type\":\"WebPage\",\"@id\":\"https:\\\/\\\/hansabuss.ee\\\/lv\\\/sniedz-atgriezenisko-saiti\\\/\",\"url\":\"https:\\\/\\\/hansabuss.ee\\\/lv\\\/sniedz-atgriezenisko-saiti\\\/\",\"name\":\"Sniedz atgriezenisko saiti - Hansabuss\",\"isPartOf\":{\"@id\":\"https:\\\/\\\/hansabuss.ee\\\/#website\"},\"datePublished\":\"2021-06-20T18:23:35+00:00\",\"dateModified\":\"2021-06-20T18:26:59+00:00\",\"breadcrumb\":{\"@id\":\"https:\\\/\\\/hansabuss.ee\\\/lv\\\/sniedz-atgriezenisko-saiti\\\/#breadcrumb\"},\"inLanguage\":\"lv-LV\",\"potentialAction\":[{\"@type\":\"ReadAction\",\"target\":[\"https:\\\/\\\/hansabuss.ee\\\/lv\\\/sniedz-atgriezenisko-saiti\\\/\"]}]},{\"@type\":\"BreadcrumbList\",\"@id\":\"https:\\\/\\\/hansabuss.ee\\\/lv\\\/sniedz-atgriezenisko-saiti\\\/#breadcrumb\",\"itemListElement\":[{\"@type\":\"ListItem\",\"position\":1,\"name\":\"Home\",\"item\":\"https:\\\/\\\/hansabuss.ee\\\/lv\\\/\"},{\"@type\":\"ListItem\",\"position\":2,\"name\":\"Sniedz atgriezenisko saiti\"}]},{\"@type\":\"WebSite\",\"@id\":\"https:\\\/\\\/hansabuss.ee\\\/#website\",\"url\":\"https:\\\/\\\/hansabuss.ee\\\/\",\"name\":\"Hansabuss\",\"description\":\"\",\"publisher\":{\"@id\":\"https:\\\/\\\/hansabuss.ee\\\/#organization\"},\"potentialAction\":[{\"@type\":\"SearchAction\",\"target\":{\"@type\":\"EntryPoint\",\"urlTemplate\":\"https:\\\/\\\/hansabuss.ee\\\/?s={search_term_string}\"},\"query-input\":{\"@type\":\"PropertyValueSpecification\",\"valueRequired\":true,\"valueName\":\"search_term_string\"}}],\"inLanguage\":\"lv-LV\"},{\"@type\":\"Organization\",\"@id\":\"https:\\\/\\\/hansabuss.ee\\\/#organization\",\"name\":\"Hansabuss AS\",\"url\":\"https:\\\/\\\/hansabuss.ee\\\/\",\"logo\":{\"@type\":\"ImageObject\",\"inLanguage\":\"lv-LV\",\"@id\":\"https:\\\/\\\/hansabuss.ee\\\/#\\\/schema\\\/logo\\\/image\\\/\",\"url\":\"https:\\\/\\\/hansabuss.ee\\\/wp-content\\\/uploads\\\/2021\\\/03\\\/hansabuss-25-logo.svg\",\"contentUrl\":\"https:\\\/\\\/hansabuss.ee\\\/wp-content\\\/uploads\\\/2021\\\/03\\\/hansabuss-25-logo.svg\",\"width\":\"1200\",\"height\":\"630\",\"caption\":\"Hansabuss AS\"},\"image\":{\"@id\":\"https:\\\/\\\/hansabuss.ee\\\/#\\\/schema\\\/logo\\\/image\\\/\"},\"sameAs\":[\"https:\\\/\\\/www.facebook.com\\\/Hansabuss\\\/\",\"https:\\\/\\\/www.instagram.com\\\/hansabuss\\\/\",\"https:\\\/\\\/www.linkedin.com\\\/company\\\/hansabuss-as\"]}]}<\/script>\n<!-- \/ Yoast SEO plugin. -->","yoast_head_json":{"title":"Sniedz atgriezenisko saiti - Hansabuss","robots":{"index":"index","follow":"follow","max-snippet":"max-snippet:-1","max-image-preview":"max-image-preview:large","max-video-preview":"max-video-preview:-1"},"canonical":"https:\/\/hansabuss.ee\/lv\/sniedz-atgriezenisko-saiti\/","og_locale":"lv_LV","og_type":"article","og_title":"Sniedz atgriezenisko saiti - Hansabuss","og_url":"https:\/\/hansabuss.ee\/lv\/sniedz-atgriezenisko-saiti\/","og_site_name":"Hansabuss","article_publisher":"https:\/\/www.facebook.com\/Hansabuss\/","article_modified_time":"2021-06-20T18:26:59+00:00","og_image":[{"width":1024,"height":682,"url":"https:\/\/hansabuss.ee\/wp-content\/uploads\/2021\/04\/Turismibussid-32-kohta-3.jpg","type":"image\/jpeg"}],"twitter_card":"summary_large_image","twitter_misc":{"Est. reading time":"1 minute"},"schema":{"@context":"https:\/\/schema.org","@graph":[{"@type":"WebPage","@id":"https:\/\/hansabuss.ee\/lv\/sniedz-atgriezenisko-saiti\/","url":"https:\/\/hansabuss.ee\/lv\/sniedz-atgriezenisko-saiti\/","name":"Sniedz atgriezenisko saiti - Hansabuss","isPartOf":{"@id":"https:\/\/hansabuss.ee\/#website"},"datePublished":"2021-06-20T18:23:35+00:00","dateModified":"2021-06-20T18:26:59+00:00","breadcrumb":{"@id":"https:\/\/hansabuss.ee\/lv\/sniedz-atgriezenisko-saiti\/#breadcrumb"},"inLanguage":"lv-LV","potentialAction":[{"@type":"ReadAction","target":["https:\/\/hansabuss.ee\/lv\/sniedz-atgriezenisko-saiti\/"]}]},{"@type":"BreadcrumbList","@id":"https:\/\/hansabuss.ee\/lv\/sniedz-atgriezenisko-saiti\/#breadcrumb","itemListElement":[{"@type":"ListItem","position":1,"name":"Home","item":"https:\/\/hansabuss.ee\/lv\/"},{"@type":"ListItem","position":2,"name":"Sniedz atgriezenisko saiti"}]},{"@type":"WebSite","@id":"https:\/\/hansabuss.ee\/#website","url":"https:\/\/hansabuss.ee\/","name":"Hansabuss","description":"","publisher":{"@id":"https:\/\/hansabuss.ee\/#organization"},"potentialAction":[{"@type":"SearchAction","target":{"@type":"EntryPoint","urlTemplate":"https:\/\/hansabuss.ee\/?s={search_term_string}"},"query-input":{"@type":"PropertyValueSpecification","valueRequired":true,"valueName":"search_term_string"}}],"inLanguage":"lv-LV"},{"@type":"Organization","@id":"https:\/\/hansabuss.ee\/#organization","name":"Hansabuss AS","url":"https:\/\/hansabuss.ee\/","logo":{"@type":"ImageObject","inLanguage":"lv-LV","@id":"https:\/\/hansabuss.ee\/#\/schema\/logo\/image\/","url":"https:\/\/hansabuss.ee\/wp-content\/uploads\/2021\/03\/hansabuss-25-logo.svg","contentUrl":"https:\/\/hansabuss.ee\/wp-content\/uploads\/2021\/03\/hansabuss-25-logo.svg","width":"1200","height":"630","caption":"Hansabuss AS"},"image":{"@id":"https:\/\/hansabuss.ee\/#\/schema\/logo\/image\/"},"sameAs":["https:\/\/www.facebook.com\/Hansabuss\/","https:\/\/www.instagram.com\/hansabuss\/","https:\/\/www.linkedin.com\/company\/hansabuss-as"]}]}},"_links":{"self":[{"href":"https:\/\/hansabuss.ee\/lv\/wp-json\/wp\/v2\/pages\/3054","targetHints":{"allow":["GET"]}}],"collection":[{"href":"https:\/\/hansabuss.ee\/lv\/wp-json\/wp\/v2\/pages"}],"about":[{"href":"https:\/\/hansabuss.ee\/lv\/wp-json\/wp\/v2\/types\/page"}],"author":[{"embeddable":true,"href":"https:\/\/hansabuss.ee\/lv\/wp-json\/wp\/v2\/users\/1"}],"replies":[{"embeddable":true,"href":"https:\/\/hansabuss.ee\/lv\/wp-json\/wp\/v2\/comments?post=3054"}],"version-history":[{"count":0,"href":"https:\/\/hansabuss.ee\/lv\/wp-json\/wp\/v2\/pages\/3054\/revisions"}],"wp:attachment":[{"href":"https:\/\/hansabuss.ee\/lv\/wp-json\/wp\/v2\/media?parent=3054"}],"curies":[{"name":"wp","href":"https:\/\/api.w.org\/{rel}","templated":true}]}}