{"id":2941,"date":"2021-05-24T15:58:55","date_gmt":"2021-05-24T12:58:55","guid":{"rendered":"https:\/\/hansabuss.ee\/pievienojies-mums\/"},"modified":"2022-02-07T10:42:37","modified_gmt":"2022-02-07T08:42:37","slug":"pievienojies-mums","status":"publish","type":"page","link":"https:\/\/hansabuss.ee\/lv\/pievienojies-mums\/","title":{"rendered":"Pievienojies mums"},"content":{"rendered":"<section class=\"l-section wpb_row join-us height_medium\"><div class=\"l-section-h i-cf\"><div class=\"g-cols vc_row via_flex valign_top type_default stacking_default\"><div class=\"vc_col-sm-12 wpb_column vc_column_container\"><div class=\"vc_column-inner\"><div class=\"wpb_wrapper\"><div class=\"w-grid type_grid layout_3223 cols_1 preload_style_spinner\" id=\"us_grid_1\" style=\"--columns:1;\" data-filterable=\"true\"><style>.layout_3223 .w-grid-item-h{}.layout_3223 .usg_post_title_1{color:#000000!important;font-size:1rem!important;margin-bottom:0!important;margin-right:2rem!important}.layout_3223 .usg_hwrapper_1{border-bottom-width:1px!important;border-color:#e3e3e3!important;border-bottom-style:solid!important;padding:1rem 1.5rem 1rem 1.5rem!important}.layout_3223 .usg_btn_1{color:#000000!important}<\/style><div class=\"w-grid-list\">\t<article class=\"w-grid-item size_1x1 post-5649 page type-page status-publish hentry\" data-id=\"5649\">\r\n\t\t<div class=\"w-grid-item-h\">\r\n\t\t\t\t\t\t\t<a href=\"https:\/\/hansabuss.ee\/lv\/buj\/\" class=\"w-grid-item-anchor\" aria-label=\"Bie\u017ei uzdotie jaut\u0101jumi\"><\/a>\r\n\t\t\t\t\t\t<div class=\"w-hwrapper usg_hwrapper_1 align_justify valign_middle wrap\"><h2 class=\"w-post-elm post_title usg_post_title_1 has_text_color entry-title color_link_inherit\">Bie\u017ei uzdotie jaut\u0101jumi<\/h2><button tabindex=\"-1\" class=\"w-btn us-btn-style_2 usg_btn_1 has_text_color icon_atright\"><span class=\"w-btn-label\">Paskaties tuv\u0101k<\/span><i class=\"fas fa-arrow-right\"><\/i><\/button><\/div>\t\t<\/div>\r\n\t\t\t<\/article>\r\n\t<article class=\"w-grid-item size_1x1 post-4857 post type-post status-publish format-standard has-post-thumbnail hentry category-jaunumi\" data-id=\"4857\">\r\n\t\t<div class=\"w-grid-item-h\">\r\n\t\t\t\t\t\t\t<a href=\"https:\/\/hansabuss.ee\/lv\/tukuma-auto-sia-ieviesa-ilgtspejigu-sabiedrisko-transportu-tukuma-un-dobeles-celos\/\" class=\"w-grid-item-anchor\" aria-label=\"Tukuma Auto SIA ieviesa ilgtsp\u0113j\u012bgu sabiedrisko transportu Tukuma un Dobeles ce\u013cos\"><\/a>\r\n\t\t\t\t\t\t<div class=\"w-hwrapper usg_hwrapper_1 align_justify valign_middle wrap\"><h2 class=\"w-post-elm post_title usg_post_title_1 has_text_color entry-title color_link_inherit\">Tukuma Auto SIA ieviesa ilgtsp\u0113j\u012bgu sabiedrisko transportu Tukuma un Dobeles ce\u013cos<\/h2><button tabindex=\"-1\" class=\"w-btn us-btn-style_2 usg_btn_1 has_text_color icon_atright\"><span class=\"w-btn-label\">Paskaties tuv\u0101k<\/span><i class=\"fas fa-arrow-right\"><\/i><\/button><\/div>\t\t<\/div>\r\n\t\t\t<\/article>\r\n\t<article class=\"w-grid-item size_1x1 post-4850 post type-post status-publish format-standard has-post-thumbnail hentry category-jaunumi\" data-id=\"4850\">\r\n\t\t<div class=\"w-grid-item-h\">\r\n\t\t\t\t\t\t\t<a href=\"https:\/\/hansabuss.ee\/lv\/tukuma-auto-sia-ievies-jurmala-videi-draudzigu-autobusu-satiksmes-jaunu-eru\/\" class=\"w-grid-item-anchor\" aria-label=\"Tukuma Auto SIA ievie\u0161 J\u016brmal\u0101 videi draudz\u012bgu autobusu satiksmes jaunu \u0113ru\"><\/a>\r\n\t\t\t\t\t\t<div class=\"w-hwrapper usg_hwrapper_1 align_justify valign_middle wrap\"><h2 class=\"w-post-elm post_title usg_post_title_1 has_text_color entry-title color_link_inherit\">Tukuma Auto SIA ievie\u0161 J\u016brmal\u0101 videi draudz\u012bgu autobusu satiksmes jaunu \u0113ru<\/h2><button tabindex=\"-1\" class=\"w-btn us-btn-style_2 usg_btn_1 has_text_color icon_atright\"><span class=\"w-btn-label\">Paskaties tuv\u0101k<\/span><i class=\"fas fa-arrow-right\"><\/i><\/button><\/div>\t\t<\/div>\r\n\t\t\t<\/article>\r\n\t<article class=\"w-grid-item size_1x1 post-4791 page type-page status-publish hentry\" data-id=\"4791\">\r\n\t\t<div class=\"w-grid-item-h\">\r\n\t\t\t\t\t\t\t<a href=\"https:\/\/hansabuss.ee\/lv\/noteikumi\/\" class=\"w-grid-item-anchor\" aria-label=\"Noteikumi\"><\/a>\r\n\t\t\t\t\t\t<div class=\"w-hwrapper usg_hwrapper_1 align_justify valign_middle wrap\"><h2 class=\"w-post-elm post_title usg_post_title_1 has_text_color entry-title color_link_inherit\">Noteikumi<\/h2><button tabindex=\"-1\" class=\"w-btn us-btn-style_2 usg_btn_1 has_text_color icon_atright\"><span class=\"w-btn-label\">Paskaties tuv\u0101k<\/span><i class=\"fas fa-arrow-right\"><\/i><\/button><\/div>\t\t<\/div>\r\n\t\t\t<\/article>\r\n\t<article class=\"w-grid-item size_1x1 post-4495 us_testimonial type-us_testimonial status-publish hentry\" data-id=\"4495\">\r\n\t\t<div class=\"w-grid-item-h\">\r\n\t\t\t\t\t\t\t<a href=\"https:\/\/hansabuss.ee\/lv\/?post_type=us_testimonial&amp;p=4495\" class=\"w-grid-item-anchor\" aria-label=\"SIA Adsum\"><\/a>\r\n\t\t\t\t\t\t<div class=\"w-hwrapper usg_hwrapper_1 align_justify valign_middle wrap\"><h2 class=\"w-post-elm post_title usg_post_title_1 has_text_color entry-title color_link_inherit\">SIA Adsum<\/h2><button tabindex=\"-1\" class=\"w-btn us-btn-style_2 usg_btn_1 has_text_color icon_atright\"><span class=\"w-btn-label\">Paskaties tuv\u0101k<\/span><i class=\"fas fa-arrow-right\"><\/i><\/button><\/div>\t\t<\/div>\r\n\t\t\t<\/article>\r\n\t<article class=\"w-grid-item size_1x1 post-4494 us_testimonial type-us_testimonial status-publish hentry\" data-id=\"4494\">\r\n\t\t<div class=\"w-grid-item-h\">\r\n\t\t\t\t\t\t\t<a href=\"https:\/\/hansabuss.ee\/lv\/?post_type=us_testimonial&amp;p=4494\" class=\"w-grid-item-anchor\" aria-label=\"SIA BIZNESAM\"><\/a>\r\n\t\t\t\t\t\t<div class=\"w-hwrapper usg_hwrapper_1 align_justify valign_middle wrap\"><h2 class=\"w-post-elm post_title usg_post_title_1 has_text_color entry-title color_link_inherit\">SIA BIZNESAM<\/h2><button tabindex=\"-1\" class=\"w-btn us-btn-style_2 usg_btn_1 has_text_color icon_atright\"><span class=\"w-btn-label\">Paskaties tuv\u0101k<\/span><i class=\"fas fa-arrow-right\"><\/i><\/button><\/div>\t\t<\/div>\r\n\t\t\t<\/article>\r\n\t<article class=\"w-grid-item size_1x1 post-4169 us_testimonial type-us_testimonial status-publish hentry\" data-id=\"4169\">\r\n\t\t<div class=\"w-grid-item-h\">\r\n\t\t\t\t\t\t\t<a href=\"https:\/\/hansabuss.ee\/lv\/?post_type=us_testimonial&amp;p=4169\" class=\"w-grid-item-anchor\" aria-label=\"Elis Tekstila Serviss, AS\"><\/a>\r\n\t\t\t\t\t\t<div class=\"w-hwrapper usg_hwrapper_1 align_justify valign_middle wrap\"><h2 class=\"w-post-elm post_title usg_post_title_1 has_text_color entry-title color_link_inherit\">Elis Tekstila Serviss, AS<\/h2><button tabindex=\"-1\" class=\"w-btn us-btn-style_2 usg_btn_1 has_text_color icon_atright\"><span class=\"w-btn-label\">Paskaties tuv\u0101k<\/span><i class=\"fas fa-arrow-right\"><\/i><\/button><\/div>\t\t<\/div>\r\n\t\t\t<\/article>\r\n\t<article class=\"w-grid-item size_1x1 post-4165 us_testimonial type-us_testimonial status-publish hentry\" data-id=\"4165\">\r\n\t\t<div class=\"w-grid-item-h\">\r\n\t\t\t\t\t\t\t<a href=\"https:\/\/hansabuss.ee\/lv\/?post_type=us_testimonial&amp;p=4165\" class=\"w-grid-item-anchor\" aria-label=\"SIA Wunder Latvia\"><\/a>\r\n\t\t\t\t\t\t<div class=\"w-hwrapper usg_hwrapper_1 align_justify valign_middle wrap\"><h2 class=\"w-post-elm post_title usg_post_title_1 has_text_color entry-title color_link_inherit\">SIA Wunder Latvia<\/h2><button tabindex=\"-1\" class=\"w-btn us-btn-style_2 usg_btn_1 has_text_color icon_atright\"><span class=\"w-btn-label\">Paskaties tuv\u0101k<\/span><i class=\"fas fa-arrow-right\"><\/i><\/button><\/div>\t\t<\/div>\r\n\t\t\t<\/article>\r\n\t<article class=\"w-grid-item size_1x1 post-4166 us_testimonial type-us_testimonial status-publish hentry\" data-id=\"4166\">\r\n\t\t<div class=\"w-grid-item-h\">\r\n\t\t\t\t\t\t\t<a href=\"https:\/\/hansabuss.ee\/lv\/?post_type=us_testimonial&amp;p=4166\" class=\"w-grid-item-anchor\" aria-label=\"Ignitis Latvija, SIA\"><\/a>\r\n\t\t\t\t\t\t<div class=\"w-hwrapper usg_hwrapper_1 align_justify valign_middle wrap\"><h2 class=\"w-post-elm post_title usg_post_title_1 has_text_color entry-title color_link_inherit\">Ignitis Latvija, SIA<\/h2><button tabindex=\"-1\" class=\"w-btn us-btn-style_2 usg_btn_1 has_text_color icon_atright\"><span class=\"w-btn-label\">Paskaties tuv\u0101k<\/span><i class=\"fas fa-arrow-right\"><\/i><\/button><\/div>\t\t<\/div>\r\n\t\t\t<\/article>\r\n\t<article class=\"w-grid-item size_1x1 post-4167 us_testimonial type-us_testimonial status-publish hentry\" data-id=\"4167\">\r\n\t\t<div class=\"w-grid-item-h\">\r\n\t\t\t\t\t\t\t<a href=\"https:\/\/hansabuss.ee\/lv\/?post_type=us_testimonial&amp;p=4167\" class=\"w-grid-item-anchor\" aria-label=\"SIA Event Management\"><\/a>\r\n\t\t\t\t\t\t<div class=\"w-hwrapper usg_hwrapper_1 align_justify valign_middle wrap\"><h2 class=\"w-post-elm post_title usg_post_title_1 has_text_color entry-title color_link_inherit\">SIA Event Management<\/h2><button tabindex=\"-1\" class=\"w-btn us-btn-style_2 usg_btn_1 has_text_color icon_atright\"><span class=\"w-btn-label\">Paskaties tuv\u0101k<\/span><i class=\"fas fa-arrow-right\"><\/i><\/button><\/div>\t\t<\/div>\r\n\t\t\t<\/article>\r\n<\/div><div class=\"w-grid-preloader\">\t<div class=\"g-preloader type_1\">\r\n\t\t<div><\/div>\r\n\t<\/div>\r\n\t<\/div>\t<div class=\"w-grid-json hidden\" onclick='return {&quot;action&quot;:&quot;us_ajax_grid&quot;,&quot;infinite_scroll&quot;:0,&quot;max_num_pages&quot;:3,&quot;pagination&quot;:&quot;none&quot;,&quot;template_vars&quot;:{&quot;columns&quot;:&quot;1&quot;,&quot;exclude_items&quot;:&quot;none&quot;,&quot;img_size&quot;:&quot;default&quot;,&quot;ignore_items_size&quot;:0,&quot;items_layout&quot;:&quot;3223&quot;,&quot;items_offset&quot;:&quot;1&quot;,&quot;load_animation&quot;:&quot;none&quot;,&quot;overriding_link&quot;:&quot;%7B%22type%22%3A%22post%22%7D&quot;,&quot;post_id&quot;:0,&quot;query_args&quot;:{&quot;post_parent&quot;:0,&quot;post_type&quot;:&quot;any&quot;,&quot;ignore_sticky_posts&quot;:1,&quot;posts_per_page&quot;:&quot;10&quot;},&quot;orderby_query_args&quot;:{&quot;orderby&quot;:{&quot;date&quot;:&quot;DESC&quot;}},&quot;type&quot;:&quot;grid&quot;,&quot;us_grid_post_type&quot;:&quot;current_child_pages&quot;,&quot;us_grid_ajax_index&quot;:1,&quot;us_grid_filter_query_string&quot;:null,&quot;us_grid_index&quot;:1,&quot;page_args&quot;:[],&quot;lang&quot;:&quot;lv&quot;}}'><\/div>\r\n\t<\/div><\/div><\/div><\/div><\/div><\/div><\/section>\n","protected":false},"excerpt":{"rendered":"Liels paldies par \u0161ofer\u012b\u0161u un autobusa noorganiz\u0113\u0161anu! Klients s\u016bta pateic\u012bbas v\u0101rdus - Paldies abiem \u0161oferiem par precizit\u0101ti un, \u012bpa\u0161i, \u0161oferim Andrim, kur\u0161 m\u016bs vad\u0101ja gar\u0101ku ce\u013cu, par precizit\u0101ti un laipno atsauc\u012bbu.","protected":false},"author":1,"featured_media":0,"parent":0,"menu_order":0,"comment_status":"closed","ping_status":"closed","template":"","meta":{"_acf_changed":false,"footnotes":""},"class_list":["post-2941","page","type-page","status-publish","hentry"],"acf":[],"yoast_head":"<!-- This site is optimized with the Yoast SEO plugin v27.3 - https:\/\/yoast.com\/product\/yoast-seo-wordpress\/ -->\n<title>Pievienojies mums - Hansabuss<\/title>\n<meta name=\"robots\" content=\"index, follow, max-snippet:-1, max-image-preview:large, max-video-preview:-1\" \/>\n<link rel=\"canonical\" href=\"https:\/\/hansabuss.ee\/lv\/pievienojies-mums\/\" \/>\n<meta property=\"og:locale\" content=\"lv_LV\" \/>\n<meta property=\"og:type\" content=\"article\" \/>\n<meta property=\"og:title\" content=\"Pievienojies mums - Hansabuss\" \/>\n<meta property=\"og:url\" content=\"https:\/\/hansabuss.ee\/lv\/pievienojies-mums\/\" \/>\n<meta property=\"og:site_name\" content=\"Hansabuss\" \/>\n<meta property=\"article:publisher\" content=\"https:\/\/www.facebook.com\/Hansabuss\/\" \/>\n<meta property=\"article:modified_time\" content=\"2022-02-07T08:42:37+00:00\" \/>\n<meta property=\"og:image\" content=\"https:\/\/hansabuss.ee\/wp-content\/uploads\/2021\/04\/Turismibussid-32-kohta-3.jpg\" \/>\n\t<meta property=\"og:image:width\" content=\"1024\" \/>\n\t<meta property=\"og:image:height\" content=\"682\" \/>\n\t<meta property=\"og:image:type\" content=\"image\/jpeg\" \/>\n<meta name=\"twitter:card\" content=\"summary_large_image\" \/>\n<meta name=\"twitter:label1\" content=\"Est. reading time\" \/>\n\t<meta name=\"twitter:data1\" content=\"1 minute\" \/>\n<script type=\"application\/ld+json\" class=\"yoast-schema-graph\">{\"@context\":\"https:\\\/\\\/schema.org\",\"@graph\":[{\"@type\":\"WebPage\",\"@id\":\"https:\\\/\\\/hansabuss.ee\\\/lv\\\/pievienojies-mums\\\/\",\"url\":\"https:\\\/\\\/hansabuss.ee\\\/lv\\\/pievienojies-mums\\\/\",\"name\":\"Pievienojies mums - Hansabuss\",\"isPartOf\":{\"@id\":\"https:\\\/\\\/hansabuss.ee\\\/#website\"},\"datePublished\":\"2021-05-24T12:58:55+00:00\",\"dateModified\":\"2022-02-07T08:42:37+00:00\",\"breadcrumb\":{\"@id\":\"https:\\\/\\\/hansabuss.ee\\\/lv\\\/pievienojies-mums\\\/#breadcrumb\"},\"inLanguage\":\"lv-LV\",\"potentialAction\":[{\"@type\":\"ReadAction\",\"target\":[\"https:\\\/\\\/hansabuss.ee\\\/lv\\\/pievienojies-mums\\\/\"]}]},{\"@type\":\"BreadcrumbList\",\"@id\":\"https:\\\/\\\/hansabuss.ee\\\/lv\\\/pievienojies-mums\\\/#breadcrumb\",\"itemListElement\":[{\"@type\":\"ListItem\",\"position\":1,\"name\":\"Home\",\"item\":\"https:\\\/\\\/hansabuss.ee\\\/lv\\\/\"},{\"@type\":\"ListItem\",\"position\":2,\"name\":\"Pievienojies mums\"}]},{\"@type\":\"WebSite\",\"@id\":\"https:\\\/\\\/hansabuss.ee\\\/#website\",\"url\":\"https:\\\/\\\/hansabuss.ee\\\/\",\"name\":\"Hansabuss\",\"description\":\"\",\"publisher\":{\"@id\":\"https:\\\/\\\/hansabuss.ee\\\/#organization\"},\"potentialAction\":[{\"@type\":\"SearchAction\",\"target\":{\"@type\":\"EntryPoint\",\"urlTemplate\":\"https:\\\/\\\/hansabuss.ee\\\/?s={search_term_string}\"},\"query-input\":{\"@type\":\"PropertyValueSpecification\",\"valueRequired\":true,\"valueName\":\"search_term_string\"}}],\"inLanguage\":\"lv-LV\"},{\"@type\":\"Organization\",\"@id\":\"https:\\\/\\\/hansabuss.ee\\\/#organization\",\"name\":\"Hansabuss AS\",\"url\":\"https:\\\/\\\/hansabuss.ee\\\/\",\"logo\":{\"@type\":\"ImageObject\",\"inLanguage\":\"lv-LV\",\"@id\":\"https:\\\/\\\/hansabuss.ee\\\/#\\\/schema\\\/logo\\\/image\\\/\",\"url\":\"https:\\\/\\\/hansabuss.ee\\\/wp-content\\\/uploads\\\/2021\\\/03\\\/hansabuss-25-logo.svg\",\"contentUrl\":\"https:\\\/\\\/hansabuss.ee\\\/wp-content\\\/uploads\\\/2021\\\/03\\\/hansabuss-25-logo.svg\",\"width\":\"1200\",\"height\":\"630\",\"caption\":\"Hansabuss AS\"},\"image\":{\"@id\":\"https:\\\/\\\/hansabuss.ee\\\/#\\\/schema\\\/logo\\\/image\\\/\"},\"sameAs\":[\"https:\\\/\\\/www.facebook.com\\\/Hansabuss\\\/\",\"https:\\\/\\\/www.instagram.com\\\/hansabuss\\\/\",\"https:\\\/\\\/www.linkedin.com\\\/company\\\/hansabuss-as\"]}]}<\/script>\n<!-- \/ Yoast SEO plugin. -->","yoast_head_json":{"title":"Pievienojies mums - Hansabuss","robots":{"index":"index","follow":"follow","max-snippet":"max-snippet:-1","max-image-preview":"max-image-preview:large","max-video-preview":"max-video-preview:-1"},"canonical":"https:\/\/hansabuss.ee\/lv\/pievienojies-mums\/","og_locale":"lv_LV","og_type":"article","og_title":"Pievienojies mums - Hansabuss","og_url":"https:\/\/hansabuss.ee\/lv\/pievienojies-mums\/","og_site_name":"Hansabuss","article_publisher":"https:\/\/www.facebook.com\/Hansabuss\/","article_modified_time":"2022-02-07T08:42:37+00:00","og_image":[{"width":1024,"height":682,"url":"https:\/\/hansabuss.ee\/wp-content\/uploads\/2021\/04\/Turismibussid-32-kohta-3.jpg","type":"image\/jpeg"}],"twitter_card":"summary_large_image","twitter_misc":{"Est. reading time":"1 minute"},"schema":{"@context":"https:\/\/schema.org","@graph":[{"@type":"WebPage","@id":"https:\/\/hansabuss.ee\/lv\/pievienojies-mums\/","url":"https:\/\/hansabuss.ee\/lv\/pievienojies-mums\/","name":"Pievienojies mums - Hansabuss","isPartOf":{"@id":"https:\/\/hansabuss.ee\/#website"},"datePublished":"2021-05-24T12:58:55+00:00","dateModified":"2022-02-07T08:42:37+00:00","breadcrumb":{"@id":"https:\/\/hansabuss.ee\/lv\/pievienojies-mums\/#breadcrumb"},"inLanguage":"lv-LV","potentialAction":[{"@type":"ReadAction","target":["https:\/\/hansabuss.ee\/lv\/pievienojies-mums\/"]}]},{"@type":"BreadcrumbList","@id":"https:\/\/hansabuss.ee\/lv\/pievienojies-mums\/#breadcrumb","itemListElement":[{"@type":"ListItem","position":1,"name":"Home","item":"https:\/\/hansabuss.ee\/lv\/"},{"@type":"ListItem","position":2,"name":"Pievienojies mums"}]},{"@type":"WebSite","@id":"https:\/\/hansabuss.ee\/#website","url":"https:\/\/hansabuss.ee\/","name":"Hansabuss","description":"","publisher":{"@id":"https:\/\/hansabuss.ee\/#organization"},"potentialAction":[{"@type":"SearchAction","target":{"@type":"EntryPoint","urlTemplate":"https:\/\/hansabuss.ee\/?s={search_term_string}"},"query-input":{"@type":"PropertyValueSpecification","valueRequired":true,"valueName":"search_term_string"}}],"inLanguage":"lv-LV"},{"@type":"Organization","@id":"https:\/\/hansabuss.ee\/#organization","name":"Hansabuss AS","url":"https:\/\/hansabuss.ee\/","logo":{"@type":"ImageObject","inLanguage":"lv-LV","@id":"https:\/\/hansabuss.ee\/#\/schema\/logo\/image\/","url":"https:\/\/hansabuss.ee\/wp-content\/uploads\/2021\/03\/hansabuss-25-logo.svg","contentUrl":"https:\/\/hansabuss.ee\/wp-content\/uploads\/2021\/03\/hansabuss-25-logo.svg","width":"1200","height":"630","caption":"Hansabuss AS"},"image":{"@id":"https:\/\/hansabuss.ee\/#\/schema\/logo\/image\/"},"sameAs":["https:\/\/www.facebook.com\/Hansabuss\/","https:\/\/www.instagram.com\/hansabuss\/","https:\/\/www.linkedin.com\/company\/hansabuss-as"]}]}},"_links":{"self":[{"href":"https:\/\/hansabuss.ee\/lv\/wp-json\/wp\/v2\/pages\/2941","targetHints":{"allow":["GET"]}}],"collection":[{"href":"https:\/\/hansabuss.ee\/lv\/wp-json\/wp\/v2\/pages"}],"about":[{"href":"https:\/\/hansabuss.ee\/lv\/wp-json\/wp\/v2\/types\/page"}],"author":[{"embeddable":true,"href":"https:\/\/hansabuss.ee\/lv\/wp-json\/wp\/v2\/users\/1"}],"replies":[{"embeddable":true,"href":"https:\/\/hansabuss.ee\/lv\/wp-json\/wp\/v2\/comments?post=2941"}],"version-history":[{"count":0,"href":"https:\/\/hansabuss.ee\/lv\/wp-json\/wp\/v2\/pages\/2941\/revisions"}],"wp:attachment":[{"href":"https:\/\/hansabuss.ee\/lv\/wp-json\/wp\/v2\/media?parent=2941"}],"curies":[{"name":"wp","href":"https:\/\/api.w.org\/{rel}","templated":true}]}}