{"id":2500,"date":"2021-05-11T01:00:24","date_gmt":"2021-05-10T22:00:24","guid":{"rendered":"https:\/\/hansabuss.ee\/kontakts\/jaunumi-un-pazinojumi\/"},"modified":"2025-11-17T11:13:42","modified_gmt":"2025-11-17T09:13:42","slug":"jaunumi-un-pazinojumi","status":"publish","type":"page","link":"https:\/\/hansabuss.ee\/lv\/kontakts\/jaunumi-un-pazinojumi\/","title":{"rendered":"Jaunumi un pazi\u0146ojumi"},"content":{"rendered":"<section class=\"l-section wpb_row blog-page-section height_medium\"><div class=\"l-section-overlay\" style=\"background:linear-gradient(180deg, #F4F6F9 0%, #F4F6F9 100%)\"><\/div><div class=\"l-section-h i-cf\"><div class=\"g-cols vc_row via_flex valign_top type_default stacking_default\"><div class=\"vc_col-sm-12 wpb_column vc_column_container\"><div class=\"vc_column-inner\"><div class=\"wpb_wrapper\"><div class=\"wpb_text_column\"><div class=\"wpb_wrapper\"><h1>Jaunumi un pazi\u0146ojumi<\/h1>\n<\/div><\/div><div class=\"g-cols wpb_row us_custom_4de3ce74 via_flex valign_top type_default stacking_default\"><div class=\"vc_col-sm-12 wpb_column vc_column_container\"><div class=\"vc_column-inner\"><div class=\"wpb_wrapper\"><div class=\"w-grid type_grid layout_165 cols_2 preload_style_spinner ratio_1x1\" id=\"us_grid_1\" style=\"--columns:2;--gap:1rem;--item-ratio:1;\" data-filterable=\"true\"><style>@media (max-width:600px){#us_grid_1{--columns:1!important}}.layout_165 .w-grid-item-h{border-radius:0.75rem}.layout_165 .usg_post_image_1{border-radius:12px!important}.layout_165 .usg_post_title_1{margin-bottom:0!important}.layout_165 .usg_post_date_1{color:#676767!important;position:absolute!important;left:4%!important;top:4%!important}<\/style><div class=\"w-grid-list\">\t<article class=\"w-grid-item size_1x1 post-4857 post type-post status-publish format-standard has-post-thumbnail hentry category-jaunumi\" data-id=\"4857\">\r\n\t\t<div class=\"w-grid-item-h\">\r\n\t\t\t\t\t\t<div class=\"w-vwrapper usg_vwrapper_1 news-grid-item-big align_left valign_top\"><div class=\"w-post-elm post_image usg_post_image_1 has_ratio\"><a href=\"https:\/\/hansabuss.ee\/lv\/tukuma-auto-sia-ieviesa-ilgtspejigu-sabiedrisko-transportu-tukuma-un-dobeles-celos\/\" aria-label=\"Tukuma Auto SIA ieviesa ilgtsp\u0113j\u012bgu sabiedrisko transportu Tukuma un Dobeles ce\u013cos\"><img loading=\"lazy\" decoding=\"async\" width=\"480\" height=\"640\" src=\"https:\/\/hansabuss.ee\/wp-content\/uploads\/2024\/11\/Hansa-Lines-Dobele-Tukums.jpg\" class=\"attachment-full size-full wp-post-image\" alt=\"\" \/><\/a><div style=\"padding-bottom:100%\"><\/div><\/div><time class=\"w-post-elm post_date usg_post_date_1 news-grid-date has_text_color entry-date published\" datetime=\"2024-11-05T14:06:30+02:00\">05.11.2024<\/time><\/div><h2 class=\"w-post-elm post_title usg_post_title_1 news-grid-big entry-title color_link_inherit\"><a href=\"https:\/\/hansabuss.ee\/lv\/tukuma-auto-sia-ieviesa-ilgtspejigu-sabiedrisko-transportu-tukuma-un-dobeles-celos\/\">Tukuma Auto SIA ieviesa ilgtsp\u0113j\u012bgu sabiedrisko transportu Tukuma un Dobeles ce\u013cos<\/a><\/h2>\t\t<\/div>\r\n\t\t\t<\/article>\r\n\t<article class=\"w-grid-item size_1x1 post-4850 post type-post status-publish format-standard has-post-thumbnail hentry category-jaunumi\" data-id=\"4850\">\r\n\t\t<div class=\"w-grid-item-h\">\r\n\t\t\t\t\t\t<div class=\"w-vwrapper usg_vwrapper_1 news-grid-item-big align_left valign_top\"><div class=\"w-post-elm post_image usg_post_image_1 has_ratio\"><a href=\"https:\/\/hansabuss.ee\/lv\/tukuma-auto-sia-ievies-jurmala-videi-draudzigu-autobusu-satiksmes-jaunu-eru\/\" aria-label=\"Tukuma Auto SIA ievie\u0161 J\u016brmal\u0101 videi draudz\u012bgu autobusu satiksmes jaunu \u0113ru\"><img loading=\"lazy\" decoding=\"async\" width=\"2048\" height=\"1365\" src=\"https:\/\/hansabuss.ee\/wp-content\/uploads\/2024\/11\/Hansalines-Jurmala.jpg\" class=\"attachment-full size-full wp-post-image\" alt=\"\" \/><\/a><div style=\"padding-bottom:100%\"><\/div><\/div><time class=\"w-post-elm post_date usg_post_date_1 news-grid-date has_text_color entry-date published\" datetime=\"2024-11-01T11:22:25+02:00\">01.11.2024<\/time><\/div><h2 class=\"w-post-elm post_title usg_post_title_1 news-grid-big entry-title color_link_inherit\"><a href=\"https:\/\/hansabuss.ee\/lv\/tukuma-auto-sia-ievies-jurmala-videi-draudzigu-autobusu-satiksmes-jaunu-eru\/\">Tukuma Auto SIA ievie\u0161 J\u016brmal\u0101 videi draudz\u012bgu autobusu satiksmes jaunu \u0113ru<\/a><\/h2>\t\t<\/div>\r\n\t\t\t<\/article>\r\n<\/div><div class=\"w-grid-preloader\">\t<div class=\"g-preloader type_1\">\r\n\t\t<div><\/div>\r\n\t<\/div>\r\n\t<\/div>\t<div class=\"w-grid-json hidden\" onclick='return {&quot;action&quot;:&quot;us_ajax_grid&quot;,&quot;infinite_scroll&quot;:0,&quot;max_num_pages&quot;:2,&quot;pagination&quot;:&quot;none&quot;,&quot;template_vars&quot;:{&quot;columns&quot;:&quot;2&quot;,&quot;exclude_items&quot;:&quot;none&quot;,&quot;img_size&quot;:&quot;default&quot;,&quot;ignore_items_size&quot;:0,&quot;items_layout&quot;:&quot;165&quot;,&quot;items_offset&quot;:&quot;1&quot;,&quot;load_animation&quot;:&quot;none&quot;,&quot;overriding_link&quot;:&quot;%7B%22url%22%3A%22%22%7D&quot;,&quot;post_id&quot;:0,&quot;query_args&quot;:{&quot;post_type&quot;:[&quot;post&quot;],&quot;post_status&quot;:[&quot;publish&quot;,&quot;acf-disabled&quot;],&quot;posts_per_page&quot;:&quot;2&quot;},&quot;orderby_query_args&quot;:{&quot;orderby&quot;:{&quot;date&quot;:&quot;DESC&quot;}},&quot;type&quot;:&quot;grid&quot;,&quot;us_grid_post_type&quot;:&quot;post&quot;,&quot;us_grid_ajax_index&quot;:1,&quot;us_grid_filter_query_string&quot;:null,&quot;us_grid_index&quot;:1,&quot;page_args&quot;:[],&quot;lang&quot;:&quot;lv&quot;}}'><\/div>\r\n\t<\/div><\/div><\/div><\/div><\/div><div class=\"g-cols wpb_row via_flex valign_top type_default stacking_default\"><div class=\"vc_col-sm-12 wpb_column vc_column_container\"><div class=\"vc_column-inner\"><div class=\"wpb_wrapper\"><div class=\"w-grid type_grid layout_235 cols_3 pagination_infinite preload_style_spinner\" id=\"us_grid_2\" style=\"--columns:3;--gap:0.75rem;\" data-filterable=\"true\"><style>@media (max-width:1024px){#us_grid_2{--columns:2!important}}@media (max-width:600px){#us_grid_2{--columns:1!important}}.layout_235 .w-grid-item-h{}.layout_235 .usg_post_image_1{border-radius:12px!important}.layout_235 .usg_vwrapper_1{margin-bottom:5px!important}.layout_235 .usg_post_date_1{position:absolute!important;left:4%!important;top:4%!important}<\/style><div class=\"w-grid-list\">\t<article class=\"w-grid-item size_1x1 post-2462 post type-post status-publish format-standard has-post-thumbnail hentry category-jaunumi\" data-id=\"2462\">\r\n\t\t<div class=\"w-grid-item-h\">\r\n\t\t\t\t\t\t<div class=\"w-vwrapper usg_vwrapper_1 align_left valign_top\"><div class=\"w-post-elm post_image usg_post_image_1 stretched\"><a href=\"https:\/\/hansabuss.ee\/lv\/par-hansabuss-koncerna-jauno-valdes-priekssedetaju-klust-indreks-halliste\/\" aria-label=\"Par Hansabuss koncerna jauno valdes priek\u0161s\u0113d\u0113t\u0101ju k\u013c\u016bst Indreks Halliste\"><img loading=\"lazy\" decoding=\"async\" width=\"400\" height=\"400\" src=\"https:\/\/hansabuss.ee\/wp-content\/uploads\/2021\/05\/DSC9600-400x400.jpg\" class=\"attachment-us_400_400_crop size-us_400_400_crop wp-post-image\" alt=\"\" srcset=\"https:\/\/hansabuss.ee\/wp-content\/uploads\/2021\/05\/DSC9600-400x400.jpg 400w, https:\/\/hansabuss.ee\/wp-content\/uploads\/2021\/05\/DSC9600-150x150.jpg 150w\" sizes=\"auto, (max-width: 400px) 100vw, 400px\" \/><\/a><\/div><time class=\"w-post-elm post_date usg_post_date_1 news-grid-date entry-date published\" datetime=\"2021-05-11T00:19:32+03:00\">11.05.2021<\/time><\/div><h2 class=\"w-post-elm post_title usg_post_title_1 small-news-heading entry-title color_link_inherit\"><a href=\"https:\/\/hansabuss.ee\/lv\/par-hansabuss-koncerna-jauno-valdes-priekssedetaju-klust-indreks-halliste\/\">Par Hansabuss koncerna jauno valdes priek\u0161s\u0113d\u0113t\u0101ju k\u013c\u016bst Indreks Halliste<\/a><\/h2>\t\t<\/div>\r\n\t\t\t<\/article>\r\n<\/div><div class=\"w-grid-preloader\">\t<div class=\"g-preloader type_1\">\r\n\t\t<div><\/div>\r\n\t<\/div>\r\n\t<\/div>\t<div class=\"w-grid-json hidden\" onclick='return {&quot;action&quot;:&quot;us_ajax_grid&quot;,&quot;infinite_scroll&quot;:0,&quot;max_num_pages&quot;:1,&quot;pagination&quot;:&quot;infinite&quot;,&quot;template_vars&quot;:{&quot;columns&quot;:&quot;3&quot;,&quot;exclude_items&quot;:&quot;prev&quot;,&quot;img_size&quot;:&quot;default&quot;,&quot;ignore_items_size&quot;:0,&quot;items_layout&quot;:&quot;235&quot;,&quot;items_offset&quot;:&quot;1&quot;,&quot;load_animation&quot;:&quot;none&quot;,&quot;overriding_link&quot;:&quot;%7B%22url%22%3A%22%22%7D&quot;,&quot;post_id&quot;:0,&quot;query_args&quot;:{&quot;post_type&quot;:[&quot;post&quot;],&quot;post_status&quot;:[&quot;publish&quot;,&quot;acf-disabled&quot;],&quot;post__not_in&quot;:[4857,4850],&quot;posts_per_page&quot;:999},&quot;orderby_query_args&quot;:{&quot;orderby&quot;:{&quot;date&quot;:&quot;DESC&quot;}},&quot;type&quot;:&quot;grid&quot;,&quot;us_grid_post_type&quot;:&quot;post&quot;,&quot;us_grid_ajax_index&quot;:2,&quot;us_grid_filter_query_string&quot;:null,&quot;us_grid_index&quot;:2,&quot;page_args&quot;:[],&quot;lang&quot;:&quot;lv&quot;}}'><\/div>\r\n\t<\/div><\/div><\/div><\/div><\/div><\/div><\/div><\/div><\/div><\/div><\/section>\n","protected":false},"excerpt":{"rendered":"Pazi\u0146ojums presei 20.12.2019. Par Hansabuss koncerna jauno valdes priek\u0161s\u0113d\u0113t\u0101ju k\u013c\u016bst Indreks Halliste (Indrek Halliste). Viena no Igaunijas liel\u0101kajiem autobusu uz\u0146\u0113mumu koncerniem, AS Hansabuss, valde par uz\u0146\u0113muma jauno valdes priek\u0161s\u0113d\u0113t\u0101ju noz\u012bm\u0113ja Indreku Halliste, kur\u0161 darbu koncern\u0101 uzs\u0101ks 2020. gada febru\u0101ra s\u0101kum\u0101. Indreks Halliste iepriek\u0161 ir str\u0101d\u0101jis Lauksaimniec\u012bbas dienesta un Veterin\u0101r\u0101 un P\u0101rtikas dienesta strukt\u016br\u0101s, vadot Lauksaimniec\u012bbas...","protected":false},"author":1,"featured_media":0,"parent":2210,"menu_order":0,"comment_status":"closed","ping_status":"closed","template":"","meta":{"_acf_changed":false,"footnotes":""},"class_list":["post-2500","page","type-page","status-publish","hentry"],"acf":[],"yoast_head":"<!-- This site is optimized with the Yoast SEO plugin v27.3 - https:\/\/yoast.com\/product\/yoast-seo-wordpress\/ -->\n<title>Jaunumi un pazi\u0146ojumi - Hansabuss<\/title>\n<meta name=\"robots\" content=\"index, follow, max-snippet:-1, max-image-preview:large, max-video-preview:-1\" \/>\n<link rel=\"canonical\" href=\"https:\/\/hansabuss.ee\/kontakt\/uudised-ja-teated\/\" \/>\n<meta property=\"og:locale\" content=\"lv_LV\" \/>\n<meta property=\"og:type\" content=\"article\" \/>\n<meta property=\"og:title\" content=\"Jaunumi un pazi\u0146ojumi - Hansabuss\" \/>\n<meta property=\"og:url\" content=\"https:\/\/hansabuss.ee\/kontakt\/uudised-ja-teated\/\" \/>\n<meta property=\"og:site_name\" content=\"Hansabuss\" \/>\n<meta property=\"article:publisher\" content=\"https:\/\/www.facebook.com\/Hansabuss\/\" \/>\n<meta property=\"article:modified_time\" content=\"2025-11-17T09:13:42+00:00\" \/>\n<meta property=\"og:image\" content=\"https:\/\/hansabuss.ee\/wp-content\/uploads\/2021\/04\/Turismibussid-32-kohta-3.jpg\" \/>\n\t<meta property=\"og:image:width\" content=\"1024\" \/>\n\t<meta property=\"og:image:height\" content=\"682\" \/>\n\t<meta property=\"og:image:type\" content=\"image\/jpeg\" \/>\n<meta name=\"twitter:card\" content=\"summary_large_image\" \/>\n<meta name=\"twitter:label1\" content=\"Est. reading time\" \/>\n\t<meta name=\"twitter:data1\" content=\"1 minute\" \/>\n<script type=\"application\/ld+json\" class=\"yoast-schema-graph\">{\"@context\":\"https:\\\/\\\/schema.org\",\"@graph\":[{\"@type\":\"WebPage\",\"@id\":\"https:\\\/\\\/hansabuss.ee\\\/kontakt\\\/uudised-ja-teated\\\/\",\"url\":\"https:\\\/\\\/hansabuss.ee\\\/kontakt\\\/uudised-ja-teated\\\/\",\"name\":\"Jaunumi un pazi\u0146ojumi - Hansabuss\",\"isPartOf\":{\"@id\":\"https:\\\/\\\/hansabuss.ee\\\/#website\"},\"datePublished\":\"2021-05-10T22:00:24+00:00\",\"dateModified\":\"2025-11-17T09:13:42+00:00\",\"breadcrumb\":{\"@id\":\"https:\\\/\\\/hansabuss.ee\\\/kontakt\\\/uudised-ja-teated\\\/#breadcrumb\"},\"inLanguage\":\"lv-LV\",\"potentialAction\":[{\"@type\":\"ReadAction\",\"target\":[\"https:\\\/\\\/hansabuss.ee\\\/kontakt\\\/uudised-ja-teated\\\/\"]}]},{\"@type\":\"BreadcrumbList\",\"@id\":\"https:\\\/\\\/hansabuss.ee\\\/kontakt\\\/uudised-ja-teated\\\/#breadcrumb\",\"itemListElement\":[{\"@type\":\"ListItem\",\"position\":1,\"name\":\"Home\",\"item\":\"https:\\\/\\\/hansabuss.ee\\\/lv\\\/\"},{\"@type\":\"ListItem\",\"position\":2,\"name\":\"Kontakti\",\"item\":\"https:\\\/\\\/hansabuss.ee\\\/kontakt\\\/\"},{\"@type\":\"ListItem\",\"position\":3,\"name\":\"Jaunumi un pazi\u0146ojumi\"}]},{\"@type\":\"WebSite\",\"@id\":\"https:\\\/\\\/hansabuss.ee\\\/#website\",\"url\":\"https:\\\/\\\/hansabuss.ee\\\/\",\"name\":\"Hansabuss\",\"description\":\"\",\"publisher\":{\"@id\":\"https:\\\/\\\/hansabuss.ee\\\/#organization\"},\"potentialAction\":[{\"@type\":\"SearchAction\",\"target\":{\"@type\":\"EntryPoint\",\"urlTemplate\":\"https:\\\/\\\/hansabuss.ee\\\/?s={search_term_string}\"},\"query-input\":{\"@type\":\"PropertyValueSpecification\",\"valueRequired\":true,\"valueName\":\"search_term_string\"}}],\"inLanguage\":\"lv-LV\"},{\"@type\":\"Organization\",\"@id\":\"https:\\\/\\\/hansabuss.ee\\\/#organization\",\"name\":\"Hansabuss AS\",\"url\":\"https:\\\/\\\/hansabuss.ee\\\/\",\"logo\":{\"@type\":\"ImageObject\",\"inLanguage\":\"lv-LV\",\"@id\":\"https:\\\/\\\/hansabuss.ee\\\/#\\\/schema\\\/logo\\\/image\\\/\",\"url\":\"https:\\\/\\\/hansabuss.ee\\\/wp-content\\\/uploads\\\/2021\\\/03\\\/hansabuss-25-logo.svg\",\"contentUrl\":\"https:\\\/\\\/hansabuss.ee\\\/wp-content\\\/uploads\\\/2021\\\/03\\\/hansabuss-25-logo.svg\",\"width\":\"1200\",\"height\":\"630\",\"caption\":\"Hansabuss AS\"},\"image\":{\"@id\":\"https:\\\/\\\/hansabuss.ee\\\/#\\\/schema\\\/logo\\\/image\\\/\"},\"sameAs\":[\"https:\\\/\\\/www.facebook.com\\\/Hansabuss\\\/\",\"https:\\\/\\\/www.instagram.com\\\/hansabuss\\\/\",\"https:\\\/\\\/www.linkedin.com\\\/company\\\/hansabuss-as\"]}]}<\/script>\n<!-- \/ Yoast SEO plugin. -->","yoast_head_json":{"title":"Jaunumi un pazi\u0146ojumi - Hansabuss","robots":{"index":"index","follow":"follow","max-snippet":"max-snippet:-1","max-image-preview":"max-image-preview:large","max-video-preview":"max-video-preview:-1"},"canonical":"https:\/\/hansabuss.ee\/kontakt\/uudised-ja-teated\/","og_locale":"lv_LV","og_type":"article","og_title":"Jaunumi un pazi\u0146ojumi - Hansabuss","og_url":"https:\/\/hansabuss.ee\/kontakt\/uudised-ja-teated\/","og_site_name":"Hansabuss","article_publisher":"https:\/\/www.facebook.com\/Hansabuss\/","article_modified_time":"2025-11-17T09:13:42+00:00","og_image":[{"width":1024,"height":682,"url":"https:\/\/hansabuss.ee\/wp-content\/uploads\/2021\/04\/Turismibussid-32-kohta-3.jpg","type":"image\/jpeg"}],"twitter_card":"summary_large_image","twitter_misc":{"Est. reading time":"1 minute"},"schema":{"@context":"https:\/\/schema.org","@graph":[{"@type":"WebPage","@id":"https:\/\/hansabuss.ee\/kontakt\/uudised-ja-teated\/","url":"https:\/\/hansabuss.ee\/kontakt\/uudised-ja-teated\/","name":"Jaunumi un pazi\u0146ojumi - Hansabuss","isPartOf":{"@id":"https:\/\/hansabuss.ee\/#website"},"datePublished":"2021-05-10T22:00:24+00:00","dateModified":"2025-11-17T09:13:42+00:00","breadcrumb":{"@id":"https:\/\/hansabuss.ee\/kontakt\/uudised-ja-teated\/#breadcrumb"},"inLanguage":"lv-LV","potentialAction":[{"@type":"ReadAction","target":["https:\/\/hansabuss.ee\/kontakt\/uudised-ja-teated\/"]}]},{"@type":"BreadcrumbList","@id":"https:\/\/hansabuss.ee\/kontakt\/uudised-ja-teated\/#breadcrumb","itemListElement":[{"@type":"ListItem","position":1,"name":"Home","item":"https:\/\/hansabuss.ee\/lv\/"},{"@type":"ListItem","position":2,"name":"Kontakti","item":"https:\/\/hansabuss.ee\/kontakt\/"},{"@type":"ListItem","position":3,"name":"Jaunumi un pazi\u0146ojumi"}]},{"@type":"WebSite","@id":"https:\/\/hansabuss.ee\/#website","url":"https:\/\/hansabuss.ee\/","name":"Hansabuss","description":"","publisher":{"@id":"https:\/\/hansabuss.ee\/#organization"},"potentialAction":[{"@type":"SearchAction","target":{"@type":"EntryPoint","urlTemplate":"https:\/\/hansabuss.ee\/?s={search_term_string}"},"query-input":{"@type":"PropertyValueSpecification","valueRequired":true,"valueName":"search_term_string"}}],"inLanguage":"lv-LV"},{"@type":"Organization","@id":"https:\/\/hansabuss.ee\/#organization","name":"Hansabuss AS","url":"https:\/\/hansabuss.ee\/","logo":{"@type":"ImageObject","inLanguage":"lv-LV","@id":"https:\/\/hansabuss.ee\/#\/schema\/logo\/image\/","url":"https:\/\/hansabuss.ee\/wp-content\/uploads\/2021\/03\/hansabuss-25-logo.svg","contentUrl":"https:\/\/hansabuss.ee\/wp-content\/uploads\/2021\/03\/hansabuss-25-logo.svg","width":"1200","height":"630","caption":"Hansabuss AS"},"image":{"@id":"https:\/\/hansabuss.ee\/#\/schema\/logo\/image\/"},"sameAs":["https:\/\/www.facebook.com\/Hansabuss\/","https:\/\/www.instagram.com\/hansabuss\/","https:\/\/www.linkedin.com\/company\/hansabuss-as"]}]}},"_links":{"self":[{"href":"https:\/\/hansabuss.ee\/lv\/wp-json\/wp\/v2\/pages\/2500","targetHints":{"allow":["GET"]}}],"collection":[{"href":"https:\/\/hansabuss.ee\/lv\/wp-json\/wp\/v2\/pages"}],"about":[{"href":"https:\/\/hansabuss.ee\/lv\/wp-json\/wp\/v2\/types\/page"}],"author":[{"embeddable":true,"href":"https:\/\/hansabuss.ee\/lv\/wp-json\/wp\/v2\/users\/1"}],"replies":[{"embeddable":true,"href":"https:\/\/hansabuss.ee\/lv\/wp-json\/wp\/v2\/comments?post=2500"}],"version-history":[{"count":0,"href":"https:\/\/hansabuss.ee\/lv\/wp-json\/wp\/v2\/pages\/2500\/revisions"}],"up":[{"embeddable":true,"href":"https:\/\/hansabuss.ee\/lv\/wp-json\/wp\/v2\/pages\/2210"}],"wp:attachment":[{"href":"https:\/\/hansabuss.ee\/lv\/wp-json\/wp\/v2\/media?parent=2500"}],"curies":[{"name":"wp","href":"https:\/\/api.w.org\/{rel}","templated":true}]}}