{"id":2055,"date":"2021-05-07T11:28:34","date_gmt":"2021-05-07T08:28:34","guid":{"rendered":"https:\/\/hansabuss.ee\/pakalpojumi\/tootajate-vedu\/"},"modified":"2021-05-28T14:19:33","modified_gmt":"2021-05-28T11:19:33","slug":"tootajate-vedu","status":"publish","type":"page","link":"https:\/\/hansabuss.ee\/lv\/pakalpojumi\/tootajate-vedu\/","title":{"rendered":"Darbinieku p\u0101rvad\u0101\u0161ana"},"content":{"rendered":"<section class=\"l-section wpb_row height_medium\"><div class=\"l-section-h i-cf\"><div class=\"g-cols vc_row via_flex valign_top type_default stacking_default\"><div class=\"vc_col-sm-12 wpb_column vc_column_container\"><div class=\"vc_column-inner\"><div class=\"wpb_wrapper\"><div class=\"wpb_text_column\"><div class=\"wpb_wrapper\"><p><strong>Hansabuss ir viena no liel\u0101kajiem autobusu uz\u0146\u0113mumiem, kas sniedz darbinieku p\u0101rvad\u0101\u0161anas pakalpojumus Igaunij\u0101.<\/strong>\u00a0M\u0113s zin\u0101m, cik svar\u012bgi ir nog\u0101d\u0101t darbiniekus r\u012bta un vakara sastr\u0113gumstund\u0101s uz darbu un m\u0101j\u0101m bez aiz\u0137er\u0161an\u0101s un laikus. M\u0113s jums izstr\u0101d\u0101sim cenas un kvalit\u0101tes zi\u0146\u0101 lab\u0101ko pied\u0101v\u0101jumu, vadoties p\u0113c j\u016bsu uz\u0146\u0113muma darba grafiku un darbinieku vajadz\u012bb\u0101m, \u0146emot v\u0113r\u0101 ar\u012b autobusa izm\u0113ru, veicamo att\u0101lumu un citas j\u016bsu pras\u012bbas.<\/p>\n<p>J\u016bsu darbinieki no r\u012bta b\u016bs daudz optimistisk\u0101ki, ja vi\u0146iem, papildus citiem faktoriem, neb\u016bs ilgi j\u0101gaida autobuss\u2026 Uz\u0146\u0113mumi, kas sadarbojas ar Hansabuss, pamana savu darbinieku optimismu daudz bie\u017e\u0101k. M\u016bsu vienk\u0101r\u0161ie un pieejamie autobusi ir ar\u012b t\u012bri, k\u0101rt\u012bgi un m\u016bsu \u0161oferi ir draudz\u012bgi un uzticami.<\/p>\n<p>Hansabuss sniedz darbinieku p\u0101rvad\u0101\u0161anas pakalpojumus kop\u0161 1999. gada. M\u016bsu ilg\u0101 pieredze \u013cauj pied\u0101v\u0101t jums elast\u012bgus risin\u0101jumus, kas atbilst j\u016bsu vajadz\u012bb\u0101m vis\u0101 Igaunij\u0101. M\u0113s esam daudzu t\u0101du uz\u0146\u0113mumu un skolu strat\u0113\u0123iskie partneri, kuros darba diena s\u0101kas pirms saull\u0113kta vai kas atrodas \u0101rpus pils\u0113t\u0101m.<\/p>\n<p>Sadarb\u012bba ar mums ir elast\u012bga, \u0101tra un produkt\u012bva.<\/p>\n<p><strong>\u013baujiet Hansabuss dro\u0161i un \u0113rti nog\u0101d\u0101t j\u016bsu darbiniekus uz darbu un m\u0101j\u0101m.<\/strong><\/p>\n<p>Sazinieties ar mums:\u00a0<a href=\"mailto:booking@hansabuss.ee\">booking@hansabuss.ee<\/a>, <a href=\"tel:+3726279080\">(+372) 627 9080<\/a>.<\/p>\n<\/div><\/div><\/div><\/div><\/div><\/div><\/div><\/section><section class=\"l-section wpb_row content-cta-section height_auto\"><div class=\"l-section-h i-cf\"><div class=\"g-cols vc_row via_flex valign_top type_default stacking_default\"><div class=\"vc_col-sm-12 wpb_column vc_column_container\"><div class=\"vc_column-inner\"><div class=\"wpb_wrapper\">[vc_custom_heading text=&#8221;Vai v\u0113laties \u0113rtu transportu sava uz\u0146\u0113muma darbiniekiem?&#8221; font_container=&#8221;tag:h3|text_align:center&#8221; use_theme_fonts=&#8221;yes&#8221;]<div class=\"w-btn-wrapper align_center\"><a class=\"w-btn us-btn-style_2 right-arrow\" title=\"Kontakts\" href=\"https:\/\/hansabuss.ee\/lv\/kontakts\/\"><span class=\"w-btn-label\">L\u016bgt pied\u0101v\u0101jumu<\/span><\/a><\/div><\/div><\/div><\/div><\/div><\/div><\/section><section class=\"l-section wpb_row content-page-gallery height_medium\"><div class=\"l-section-h i-cf\"><div class=\"g-cols vc_row via_flex valign_top type_default stacking_default\"><div class=\"vc_col-sm-12 wpb_column vc_column_container stretched\"><div class=\"vc_column-inner\"><div class=\"wpb_wrapper\"><div class=\"w-hwrapper valign_top align_none\"><div class=\"w-image align_none\"><div class=\"w-image-h\"><img decoding=\"async\" width=\"1000\" height=\"1000\" src=\"https:\/\/hansabuss.ee\/wp-content\/uploads\/2021\/05\/Hansabuss-tootajate-vedu.jpg\" class=\"attachment-full size-full\" alt=\"\" loading=\"lazy\" srcset=\"https:\/\/hansabuss.ee\/wp-content\/uploads\/2021\/05\/Hansabuss-tootajate-vedu.jpg 1000w, https:\/\/hansabuss.ee\/wp-content\/uploads\/2021\/05\/Hansabuss-tootajate-vedu-400x400.jpg 400w, https:\/\/hansabuss.ee\/wp-content\/uploads\/2021\/05\/Hansabuss-tootajate-vedu-150x150.jpg 150w\" sizes=\"auto, (max-width: 1000px) 100vw, 1000px\" \/><\/div><\/div><div class=\"w-grid type_grid layout_48 cols_2 preload_style_spinner\" id=\"us_grid_1\" style=\"--columns:2;--gap:0.6rem;\" data-filterable=\"true\"><style>@media (max-width:600px){#us_grid_1{--columns:1!important}}.layout_48 .w-grid-item-h{}<\/style><div class=\"w-grid-list\">\t<article class=\"w-grid-item size_1x1 post-965 attachment type-attachment status-inherit hentry\" data-id=\"965\">\r\n\t\t<div class=\"w-grid-item-h\">\r\n\t\t\t\t\t\t<div class=\"w-post-elm post_image usg_post_image_1 stretched\"><img loading=\"lazy\" decoding=\"async\" width=\"454\" height=\"470\" src=\"https:\/\/hansabuss.ee\/wp-content\/uploads\/2021\/04\/hansabuss-tootajate-vedu-teenust.jpg\" class=\"attachment-full size-full\" alt=\"\" srcset=\"https:\/\/hansabuss.ee\/wp-content\/uploads\/2021\/04\/hansabuss-tootajate-vedu-teenust.jpg 454w, https:\/\/hansabuss.ee\/wp-content\/uploads\/2021\/04\/hansabuss-tootajate-vedu-teenust-386x400.jpg 386w\" sizes=\"auto, (max-width: 454px) 100vw, 454px\" \/><\/div>\t\t<\/div>\r\n\t\t\t<\/article>\r\n\t<article class=\"w-grid-item size_1x1 post-969 attachment type-attachment status-inherit hentry\" data-id=\"969\">\r\n\t\t<div class=\"w-grid-item-h\">\r\n\t\t\t\t\t\t<div class=\"w-post-elm post_image usg_post_image_1 stretched\"><img loading=\"lazy\" decoding=\"async\" width=\"454\" height=\"470\" src=\"https:\/\/hansabuss.ee\/wp-content\/uploads\/2021\/04\/tootajate-vedu-2.jpg\" class=\"attachment-full size-full\" alt=\"\" srcset=\"https:\/\/hansabuss.ee\/wp-content\/uploads\/2021\/04\/tootajate-vedu-2.jpg 454w, https:\/\/hansabuss.ee\/wp-content\/uploads\/2021\/04\/tootajate-vedu-2-386x400.jpg 386w\" sizes=\"auto, (max-width: 454px) 100vw, 454px\" \/><\/div>\t\t<\/div>\r\n\t\t\t<\/article>\r\n\t<article class=\"w-grid-item size_1x1 post-973 attachment type-attachment status-inherit hentry\" data-id=\"973\">\r\n\t\t<div class=\"w-grid-item-h\">\r\n\t\t\t\t\t\t<div class=\"w-post-elm post_image usg_post_image_1 stretched\"><img loading=\"lazy\" decoding=\"async\" width=\"470\" height=\"470\" src=\"https:\/\/hansabuss.ee\/wp-content\/uploads\/2021\/04\/tootajate-vedu.jpg\" class=\"attachment-full size-full\" alt=\"\" srcset=\"https:\/\/hansabuss.ee\/wp-content\/uploads\/2021\/04\/tootajate-vedu.jpg 470w, https:\/\/hansabuss.ee\/wp-content\/uploads\/2021\/04\/tootajate-vedu-400x400.jpg 400w, https:\/\/hansabuss.ee\/wp-content\/uploads\/2021\/04\/tootajate-vedu-150x150.jpg 150w\" sizes=\"auto, (max-width: 470px) 100vw, 470px\" \/><\/div>\t\t<\/div>\r\n\t\t\t<\/article>\r\n\t<article class=\"w-grid-item size_1x1 post-977 attachment type-attachment status-inherit hentry\" data-id=\"977\">\r\n\t\t<div class=\"w-grid-item-h\">\r\n\t\t\t\t\t\t<div class=\"w-post-elm post_image usg_post_image_1 stretched\"><img loading=\"lazy\" decoding=\"async\" width=\"470\" height=\"470\" src=\"https:\/\/hansabuss.ee\/wp-content\/uploads\/2021\/04\/hansabuss-iveco.jpg\" class=\"attachment-full size-full\" alt=\"\" srcset=\"https:\/\/hansabuss.ee\/wp-content\/uploads\/2021\/04\/hansabuss-iveco.jpg 470w, https:\/\/hansabuss.ee\/wp-content\/uploads\/2021\/04\/hansabuss-iveco-400x400.jpg 400w, https:\/\/hansabuss.ee\/wp-content\/uploads\/2021\/04\/hansabuss-iveco-150x150.jpg 150w\" sizes=\"auto, (max-width: 470px) 100vw, 470px\" \/><\/div>\t\t<\/div>\r\n\t\t\t<\/article>\r\n<\/div><div class=\"w-grid-preloader\">\t<div class=\"g-preloader type_1\">\r\n\t\t<div><\/div>\r\n\t<\/div>\r\n\t<\/div>\t<div class=\"w-grid-json hidden\" onclick='return {&quot;action&quot;:&quot;us_ajax_grid&quot;,&quot;infinite_scroll&quot;:0,&quot;max_num_pages&quot;:1,&quot;pagination&quot;:&quot;none&quot;,&quot;template_vars&quot;:{&quot;columns&quot;:&quot;2&quot;,&quot;exclude_items&quot;:&quot;none&quot;,&quot;img_size&quot;:&quot;default&quot;,&quot;ignore_items_size&quot;:0,&quot;items_layout&quot;:&quot;48&quot;,&quot;items_offset&quot;:&quot;1&quot;,&quot;load_animation&quot;:&quot;none&quot;,&quot;overriding_link&quot;:&quot;{\\&quot;url\\&quot;:\\&quot;\\&quot;}&quot;,&quot;post_id&quot;:0,&quot;query_args&quot;:{&quot;post_type&quot;:[&quot;attachment&quot;],&quot;post__in&quot;:[&quot;963&quot;,&quot;967&quot;,&quot;971&quot;,&quot;975&quot;],&quot;post_status&quot;:&quot;inherit&quot;,&quot;post_mime_type&quot;:&quot;image&quot;,&quot;posts_per_page&quot;:&quot;4&quot;},&quot;orderby_query_args&quot;:{&quot;orderby&quot;:{&quot;post__in&quot;:&quot;ASC&quot;},&quot;order&quot;:&quot;ASC&quot;},&quot;type&quot;:&quot;grid&quot;,&quot;us_grid_post_type&quot;:&quot;attachment&quot;,&quot;us_grid_ajax_index&quot;:1,&quot;us_grid_filter_query_string&quot;:null,&quot;us_grid_index&quot;:1,&quot;page_args&quot;:[],&quot;lang&quot;:&quot;lv&quot;}}'><\/div>\r\n\t<\/div><\/div><\/div><\/div><\/div><\/div><\/div><\/section>\n","protected":false},"excerpt":{"rendered":"","protected":false},"author":1,"featured_media":4536,"parent":2045,"menu_order":0,"comment_status":"closed","ping_status":"closed","template":"","meta":{"_acf_changed":false,"footnotes":""},"class_list":["post-2055","page","type-page","status-publish","has-post-thumbnail","hentry"],"acf":[],"yoast_head":"<!-- This site is optimized with the Yoast SEO plugin v27.4 - https:\/\/yoast.com\/product\/yoast-seo-wordpress\/ -->\n<title>Darbinieku p\u0101rvad\u0101\u0161ana - Hansabuss<\/title>\n<meta name=\"robots\" content=\"index, follow, max-snippet:-1, max-image-preview:large, max-video-preview:-1\" \/>\n<link rel=\"canonical\" href=\"https:\/\/hansabuss.ee\/lv\/pakalpojumi\/tootajate-vedu\/\" \/>\n<meta property=\"og:locale\" content=\"lv_LV\" \/>\n<meta property=\"og:type\" content=\"article\" \/>\n<meta property=\"og:title\" content=\"Darbinieku p\u0101rvad\u0101\u0161ana - Hansabuss\" \/>\n<meta property=\"og:url\" content=\"https:\/\/hansabuss.ee\/lv\/pakalpojumi\/tootajate-vedu\/\" \/>\n<meta property=\"og:site_name\" content=\"Hansabuss\" \/>\n<meta property=\"article:publisher\" content=\"https:\/\/www.facebook.com\/Hansabuss\/\" \/>\n<meta property=\"article:modified_time\" content=\"2021-05-28T11:19:33+00:00\" \/>\n<meta property=\"og:image\" content=\"https:\/\/hansabuss.ee\/wp-content\/uploads\/2021\/05\/Tootajate-vedu.jpg\" \/>\n\t<meta property=\"og:image:width\" content=\"544\" \/>\n\t<meta property=\"og:image:height\" content=\"478\" \/>\n\t<meta property=\"og:image:type\" content=\"image\/jpeg\" \/>\n<meta name=\"twitter:card\" content=\"summary_large_image\" \/>\n<meta name=\"twitter:label1\" content=\"Est. reading time\" \/>\n\t<meta name=\"twitter:data1\" content=\"2 minutes\" \/>\n<script type=\"application\/ld+json\" class=\"yoast-schema-graph\">{\"@context\":\"https:\\\/\\\/schema.org\",\"@graph\":[{\"@type\":\"WebPage\",\"@id\":\"https:\\\/\\\/hansabuss.ee\\\/lv\\\/pakalpojumi\\\/tootajate-vedu\\\/\",\"url\":\"https:\\\/\\\/hansabuss.ee\\\/lv\\\/pakalpojumi\\\/tootajate-vedu\\\/\",\"name\":\"Darbinieku p\u0101rvad\u0101\u0161ana - Hansabuss\",\"isPartOf\":{\"@id\":\"https:\\\/\\\/hansabuss.ee\\\/#website\"},\"primaryImageOfPage\":{\"@id\":\"https:\\\/\\\/hansabuss.ee\\\/lv\\\/pakalpojumi\\\/tootajate-vedu\\\/#primaryimage\"},\"image\":{\"@id\":\"https:\\\/\\\/hansabuss.ee\\\/lv\\\/pakalpojumi\\\/tootajate-vedu\\\/#primaryimage\"},\"thumbnailUrl\":\"https:\\\/\\\/hansabuss.ee\\\/wp-content\\\/uploads\\\/2024\\\/03\\\/Hansabuss-tellimusvedu-Temsaga.jpeg\",\"datePublished\":\"2021-05-07T08:28:34+00:00\",\"dateModified\":\"2021-05-28T11:19:33+00:00\",\"breadcrumb\":{\"@id\":\"https:\\\/\\\/hansabuss.ee\\\/lv\\\/pakalpojumi\\\/tootajate-vedu\\\/#breadcrumb\"},\"inLanguage\":\"lv-LV\",\"potentialAction\":[{\"@type\":\"ReadAction\",\"target\":[\"https:\\\/\\\/hansabuss.ee\\\/lv\\\/pakalpojumi\\\/tootajate-vedu\\\/\"]}]},{\"@type\":\"ImageObject\",\"inLanguage\":\"lv-LV\",\"@id\":\"https:\\\/\\\/hansabuss.ee\\\/lv\\\/pakalpojumi\\\/tootajate-vedu\\\/#primaryimage\",\"url\":\"https:\\\/\\\/hansabuss.ee\\\/wp-content\\\/uploads\\\/2024\\\/03\\\/Hansabuss-tellimusvedu-Temsaga.jpeg\",\"contentUrl\":\"https:\\\/\\\/hansabuss.ee\\\/wp-content\\\/uploads\\\/2024\\\/03\\\/Hansabuss-tellimusvedu-Temsaga.jpeg\",\"width\":2048,\"height\":1366},{\"@type\":\"BreadcrumbList\",\"@id\":\"https:\\\/\\\/hansabuss.ee\\\/lv\\\/pakalpojumi\\\/tootajate-vedu\\\/#breadcrumb\",\"itemListElement\":[{\"@type\":\"ListItem\",\"position\":1,\"name\":\"Home\",\"item\":\"https:\\\/\\\/hansabuss.ee\\\/lv\\\/\"},{\"@type\":\"ListItem\",\"position\":2,\"name\":\"Pakalpojumi\",\"item\":\"https:\\\/\\\/hansabuss.ee\\\/lv\\\/pakalpojumi\\\/\"},{\"@type\":\"ListItem\",\"position\":3,\"name\":\"Darbinieku p\u0101rvad\u0101\u0161ana\"}]},{\"@type\":\"WebSite\",\"@id\":\"https:\\\/\\\/hansabuss.ee\\\/#website\",\"url\":\"https:\\\/\\\/hansabuss.ee\\\/\",\"name\":\"Hansabuss\",\"description\":\"\",\"publisher\":{\"@id\":\"https:\\\/\\\/hansabuss.ee\\\/#organization\"},\"potentialAction\":[{\"@type\":\"SearchAction\",\"target\":{\"@type\":\"EntryPoint\",\"urlTemplate\":\"https:\\\/\\\/hansabuss.ee\\\/?s={search_term_string}\"},\"query-input\":{\"@type\":\"PropertyValueSpecification\",\"valueRequired\":true,\"valueName\":\"search_term_string\"}}],\"inLanguage\":\"lv-LV\"},{\"@type\":\"Organization\",\"@id\":\"https:\\\/\\\/hansabuss.ee\\\/#organization\",\"name\":\"Hansabuss AS\",\"url\":\"https:\\\/\\\/hansabuss.ee\\\/\",\"logo\":{\"@type\":\"ImageObject\",\"inLanguage\":\"lv-LV\",\"@id\":\"https:\\\/\\\/hansabuss.ee\\\/#\\\/schema\\\/logo\\\/image\\\/\",\"url\":\"https:\\\/\\\/hansabuss.ee\\\/wp-content\\\/uploads\\\/2021\\\/03\\\/hansabuss-25-logo.svg\",\"contentUrl\":\"https:\\\/\\\/hansabuss.ee\\\/wp-content\\\/uploads\\\/2021\\\/03\\\/hansabuss-25-logo.svg\",\"width\":\"1200\",\"height\":\"630\",\"caption\":\"Hansabuss AS\"},\"image\":{\"@id\":\"https:\\\/\\\/hansabuss.ee\\\/#\\\/schema\\\/logo\\\/image\\\/\"},\"sameAs\":[\"https:\\\/\\\/www.facebook.com\\\/Hansabuss\\\/\",\"https:\\\/\\\/www.instagram.com\\\/hansabuss\\\/\",\"https:\\\/\\\/www.linkedin.com\\\/company\\\/hansabuss-as\"]}]}<\/script>\n<!-- \/ Yoast SEO plugin. -->","yoast_head_json":{"title":"Darbinieku p\u0101rvad\u0101\u0161ana - Hansabuss","robots":{"index":"index","follow":"follow","max-snippet":"max-snippet:-1","max-image-preview":"max-image-preview:large","max-video-preview":"max-video-preview:-1"},"canonical":"https:\/\/hansabuss.ee\/lv\/pakalpojumi\/tootajate-vedu\/","og_locale":"lv_LV","og_type":"article","og_title":"Darbinieku p\u0101rvad\u0101\u0161ana - Hansabuss","og_url":"https:\/\/hansabuss.ee\/lv\/pakalpojumi\/tootajate-vedu\/","og_site_name":"Hansabuss","article_publisher":"https:\/\/www.facebook.com\/Hansabuss\/","article_modified_time":"2021-05-28T11:19:33+00:00","og_image":[{"width":544,"height":478,"url":"https:\/\/hansabuss.ee\/wp-content\/uploads\/2021\/05\/Tootajate-vedu.jpg","type":"image\/jpeg"}],"twitter_card":"summary_large_image","twitter_misc":{"Est. reading time":"2 minutes"},"schema":{"@context":"https:\/\/schema.org","@graph":[{"@type":"WebPage","@id":"https:\/\/hansabuss.ee\/lv\/pakalpojumi\/tootajate-vedu\/","url":"https:\/\/hansabuss.ee\/lv\/pakalpojumi\/tootajate-vedu\/","name":"Darbinieku p\u0101rvad\u0101\u0161ana - Hansabuss","isPartOf":{"@id":"https:\/\/hansabuss.ee\/#website"},"primaryImageOfPage":{"@id":"https:\/\/hansabuss.ee\/lv\/pakalpojumi\/tootajate-vedu\/#primaryimage"},"image":{"@id":"https:\/\/hansabuss.ee\/lv\/pakalpojumi\/tootajate-vedu\/#primaryimage"},"thumbnailUrl":"https:\/\/hansabuss.ee\/wp-content\/uploads\/2024\/03\/Hansabuss-tellimusvedu-Temsaga.jpeg","datePublished":"2021-05-07T08:28:34+00:00","dateModified":"2021-05-28T11:19:33+00:00","breadcrumb":{"@id":"https:\/\/hansabuss.ee\/lv\/pakalpojumi\/tootajate-vedu\/#breadcrumb"},"inLanguage":"lv-LV","potentialAction":[{"@type":"ReadAction","target":["https:\/\/hansabuss.ee\/lv\/pakalpojumi\/tootajate-vedu\/"]}]},{"@type":"ImageObject","inLanguage":"lv-LV","@id":"https:\/\/hansabuss.ee\/lv\/pakalpojumi\/tootajate-vedu\/#primaryimage","url":"https:\/\/hansabuss.ee\/wp-content\/uploads\/2024\/03\/Hansabuss-tellimusvedu-Temsaga.jpeg","contentUrl":"https:\/\/hansabuss.ee\/wp-content\/uploads\/2024\/03\/Hansabuss-tellimusvedu-Temsaga.jpeg","width":2048,"height":1366},{"@type":"BreadcrumbList","@id":"https:\/\/hansabuss.ee\/lv\/pakalpojumi\/tootajate-vedu\/#breadcrumb","itemListElement":[{"@type":"ListItem","position":1,"name":"Home","item":"https:\/\/hansabuss.ee\/lv\/"},{"@type":"ListItem","position":2,"name":"Pakalpojumi","item":"https:\/\/hansabuss.ee\/lv\/pakalpojumi\/"},{"@type":"ListItem","position":3,"name":"Darbinieku p\u0101rvad\u0101\u0161ana"}]},{"@type":"WebSite","@id":"https:\/\/hansabuss.ee\/#website","url":"https:\/\/hansabuss.ee\/","name":"Hansabuss","description":"","publisher":{"@id":"https:\/\/hansabuss.ee\/#organization"},"potentialAction":[{"@type":"SearchAction","target":{"@type":"EntryPoint","urlTemplate":"https:\/\/hansabuss.ee\/?s={search_term_string}"},"query-input":{"@type":"PropertyValueSpecification","valueRequired":true,"valueName":"search_term_string"}}],"inLanguage":"lv-LV"},{"@type":"Organization","@id":"https:\/\/hansabuss.ee\/#organization","name":"Hansabuss AS","url":"https:\/\/hansabuss.ee\/","logo":{"@type":"ImageObject","inLanguage":"lv-LV","@id":"https:\/\/hansabuss.ee\/#\/schema\/logo\/image\/","url":"https:\/\/hansabuss.ee\/wp-content\/uploads\/2021\/03\/hansabuss-25-logo.svg","contentUrl":"https:\/\/hansabuss.ee\/wp-content\/uploads\/2021\/03\/hansabuss-25-logo.svg","width":"1200","height":"630","caption":"Hansabuss AS"},"image":{"@id":"https:\/\/hansabuss.ee\/#\/schema\/logo\/image\/"},"sameAs":["https:\/\/www.facebook.com\/Hansabuss\/","https:\/\/www.instagram.com\/hansabuss\/","https:\/\/www.linkedin.com\/company\/hansabuss-as"]}]}},"_links":{"self":[{"href":"https:\/\/hansabuss.ee\/lv\/wp-json\/wp\/v2\/pages\/2055","targetHints":{"allow":["GET"]}}],"collection":[{"href":"https:\/\/hansabuss.ee\/lv\/wp-json\/wp\/v2\/pages"}],"about":[{"href":"https:\/\/hansabuss.ee\/lv\/wp-json\/wp\/v2\/types\/page"}],"author":[{"embeddable":true,"href":"https:\/\/hansabuss.ee\/lv\/wp-json\/wp\/v2\/users\/1"}],"replies":[{"embeddable":true,"href":"https:\/\/hansabuss.ee\/lv\/wp-json\/wp\/v2\/comments?post=2055"}],"version-history":[{"count":0,"href":"https:\/\/hansabuss.ee\/lv\/wp-json\/wp\/v2\/pages\/2055\/revisions"}],"up":[{"embeddable":true,"href":"https:\/\/hansabuss.ee\/lv\/wp-json\/wp\/v2\/pages\/2045"}],"wp:featuredmedia":[{"embeddable":true,"href":"https:\/\/hansabuss.ee\/lv\/wp-json\/wp\/v2\/media\/4536"}],"wp:attachment":[{"href":"https:\/\/hansabuss.ee\/lv\/wp-json\/wp\/v2\/media?parent=2055"}],"curies":[{"name":"wp","href":"https:\/\/api.w.org\/{rel}","templated":true}]}}