{"id":2030,"date":"2021-05-06T16:10:48","date_gmt":"2021-05-06T13:10:48","guid":{"rendered":"https:\/\/hansabuss.ee\/liinireisid\/"},"modified":"2026-04-16T16:46:44","modified_gmt":"2026-04-16T13:46:44","slug":"sabiedriskais-transports","status":"publish","type":"page","link":"https:\/\/hansabuss.ee\/lv\/pakalpojumi\/sabiedriskais-transports\/","title":{"rendered":"Sabiedriskais transports"},"content":{"rendered":"<section class=\"l-section wpb_row height_medium\"><div class=\"l-section-h i-cf\"><div class=\"g-cols vc_row via_flex valign_top type_default stacking_default\"><div class=\"vc_col-sm-12 wpb_column vc_column_container\"><div class=\"vc_column-inner\"><div class=\"wpb_wrapper\"><div class=\"w-tabs style_default switch_click accordion has_scrolling\" style=\"--sections-title-size:inherit\"><div class=\"w-tabs-sections titles-align_none icon_chevron cpos_right\"><div class=\"w-tabs-section\" id=\"j648\"><button class=\"w-tabs-section-header\" aria-controls=\"content-j648\" aria-expanded=\"false\"><div class=\"w-tabs-section-title\">Dobele<\/div><div class=\"w-tabs-section-control\"><\/div><\/button><div  class=\"w-tabs-section-content\" id=\"content-j648\"><div class=\"w-tabs-section-content-h i-cf\"><div class=\"wpb_text_column\"><div class=\"wpb_wrapper\"><p>Kust\u012bbas sarakstos iesp\u0113jamas izmai\u0146as. Atjaunin\u0101tos sarakstus \u0161iem mar\u0161rutiem atrad\u012bsi zem\u0101k: <a href=\"https:\/\/www.1188.lv\/satiksme\">1188.lv\/satiksme<\/a><\/p>\n<p>Ieg\u0101d\u0101jies autobusa bi\u013cetes \u0113rti \u0161eit: <a class=\"decorated-link cursor-pointer\" href=\"https:\/\/www.bezrindas.lv\/lv\/autobusu-biletes\/\" target=\"_new\" rel=\"noopener\" data-start=\"558\" data-end=\"604\">https:\/\/www.bezrindas.lv\/lv\/autobusu-biletes\/<\/a><\/p>\n<h2>Likumdo\u0161anas akti<\/h2>\n<p><a href=\"https:\/\/likumi.lv\/ta\/id\/251480-sabiedriska-transporta-pakalpojumu-sniegsanas-un-izmantosanas-kartiba\" target=\"_blank\" rel=\"noopener\">28.08.2012. Ministru kabineta noteikumi Nr.599 Sabiedrisk\u0101 transporta pakalpojumu snieg\u0161anas un izmanto\u0161anas k\u0101rt\u012bba<\/a><\/p>\n<p><a href=\"https:\/\/likumi.lv\/ta\/id\/324287-brauksanas-maksas-atvieglojumu-noteikumi\" target=\"_blank\" rel=\"noopener\">22.06.2021. Ministru kabineta noteikumi Nr.414 Brauk\u0161anas maksas atvieglojumu noteikumi<\/a><\/p>\n<p><a href=\"https:\/\/likumi.lv\/ta\/id\/257672-dzivnieku-parvadasanas-noteikumi\" target=\"_blank\" rel=\"noopener\">18.06.2013. Ministru kabineta noteikumi Nr.322 Dz\u012bvnieku p\u0101rvad\u0101\u0161anas noteikumi<\/a><\/p>\n<\/div><\/div><\/div><\/div><\/div><div class=\"w-tabs-section\" id=\"l6f1\"><button class=\"w-tabs-section-header\" aria-controls=\"content-l6f1\" aria-expanded=\"false\"><div class=\"w-tabs-section-title\">J\u0113kabpils, L\u012bv\u0101ni, Prei\u013ci<\/div><div class=\"w-tabs-section-control\"><\/div><\/button><div  class=\"w-tabs-section-content\" id=\"content-l6f1\"><div class=\"w-tabs-section-content-h i-cf\"><div class=\"wpb_text_column\"><div class=\"wpb_wrapper\"><p>Kust\u012bbas sarakstos iesp\u0113jamas izmai\u0146as. Atjaunin\u0101tos sarakstus \u0161iem mar\u0161rutiem atrad\u012bsi zem\u0101k: <a href=\"https:\/\/www.1188.lv\/satiksme\">1188.lv\/satiksme<\/a><\/p>\n<p>Ieg\u0101d\u0101jies autobusa bi\u013cetes \u0113rti \u0161eit: <a class=\"decorated-link cursor-pointer\" href=\"https:\/\/www.bezrindas.lv\/lv\/autobusu-biletes\/\" target=\"_new\" rel=\"noopener\" data-start=\"558\" data-end=\"604\">https:\/\/www.bezrindas.lv\/lv\/autobusu-biletes\/<\/a><\/p>\n<h2>Likumdo\u0161anas akti<\/h2>\n<p><a href=\"https:\/\/likumi.lv\/ta\/id\/251480-sabiedriska-transporta-pakalpojumu-sniegsanas-un-izmantosanas-kartiba\" target=\"_blank\" rel=\"noopener\">28.08.2012. Ministru kabineta noteikumi Nr.599 Sabiedrisk\u0101 transporta pakalpojumu snieg\u0161anas un izmanto\u0161anas k\u0101rt\u012bba<\/a><\/p>\n<p><a href=\"https:\/\/likumi.lv\/ta\/id\/324287-brauksanas-maksas-atvieglojumu-noteikumi\" target=\"_blank\" rel=\"noopener\">22.06.2021. Ministru kabineta noteikumi Nr.414 Brauk\u0161anas maksas atvieglojumu noteikumi<\/a><\/p>\n<p><a href=\"https:\/\/likumi.lv\/ta\/id\/257672-dzivnieku-parvadasanas-noteikumi\" target=\"_blank\" rel=\"noopener\">18.06.2013. Ministru kabineta noteikumi Nr.322 Dz\u012bvnieku p\u0101rvad\u0101\u0161anas noteikumi<\/a><\/p>\n<\/div><\/div><\/div><\/div><\/div><div class=\"w-tabs-section\" id=\"o78b\"><button class=\"w-tabs-section-header\" aria-controls=\"content-o78b\" aria-expanded=\"false\"><div class=\"w-tabs-section-title\">J\u016brmala<\/div><div class=\"w-tabs-section-control\"><\/div><\/button><div  class=\"w-tabs-section-content\" id=\"content-o78b\"><div class=\"w-tabs-section-content-h i-cf\"><div class=\"wpb_text_column\"><div class=\"wpb_wrapper\"><p>Kust\u012bbas sarakstos iesp\u0113jamas izmai\u0146as. Atjaunin\u0101tos sarakstus \u0161iem mar\u0161rutiem atrad\u012bsi zem\u0101k: <a href=\"http:\/\/satiksme.jurmala.lv\">satiksme.jurmala.lv<\/a><\/p>\n<\/div><\/div><\/div><\/div><\/div><div class=\"w-tabs-section\" id=\"o813\"><button class=\"w-tabs-section-header\" aria-controls=\"content-o813\" aria-expanded=\"false\"><div class=\"w-tabs-section-title\">Tukums<\/div><div class=\"w-tabs-section-control\"><\/div><\/button><div  class=\"w-tabs-section-content\" id=\"content-o813\"><div class=\"w-tabs-section-content-h i-cf\"><div class=\"wpb_text_column\"><div class=\"wpb_wrapper\"><p>Kust\u012bbas sarakstos iesp\u0113jamas izmai\u0146as. Atjaunin\u0101tos sarakstus \u0161iem mar\u0161rutiem atrad\u012bsi zem\u0101k: <a href=\"https:\/\/www.1188.lv\/satiksme\">1188.lv\/satiksme<\/a><\/p>\n<p>Ieg\u0101d\u0101jies autobusa bi\u013cetes \u0113rti \u0161eit: <a class=\"decorated-link cursor-pointer\" href=\"https:\/\/www.bezrindas.lv\/lv\/autobusu-biletes\/\" target=\"_new\" rel=\"noopener\" data-start=\"558\" data-end=\"604\">https:\/\/www.bezrindas.lv\/lv\/autobusu-biletes\/<\/a><\/p>\n<h2>Likumdo\u0161anas akti<\/h2>\n<p><a href=\"https:\/\/likumi.lv\/ta\/id\/251480-sabiedriska-transporta-pakalpojumu-sniegsanas-un-izmantosanas-kartiba\" target=\"_blank\" rel=\"noopener\">28.08.2012. Ministru kabineta noteikumi Nr.599 Sabiedrisk\u0101 transporta pakalpojumu snieg\u0161anas un izmanto\u0161anas k\u0101rt\u012bba<\/a><\/p>\n<p><a href=\"https:\/\/likumi.lv\/ta\/id\/324287-brauksanas-maksas-atvieglojumu-noteikumi\" target=\"_blank\" rel=\"noopener\">22.06.2021. Ministru kabineta noteikumi Nr.414 Brauk\u0161anas maksas atvieglojumu noteikumi<\/a><\/p>\n<p><a href=\"https:\/\/likumi.lv\/ta\/id\/257672-dzivnieku-parvadasanas-noteikumi\" target=\"_blank\" rel=\"noopener\">18.06.2013. Ministru kabineta noteikumi Nr.322 Dz\u012bvnieku p\u0101rvad\u0101\u0161anas noteikumi<\/a><\/p>\n<\/div><\/div><\/div><\/div><\/div><\/div><\/div><\/div><\/div><\/div><\/div><\/div><\/section>\n","protected":false},"excerpt":{"rendered":"DobeleKust\u012bbas sarakstos iesp\u0113jamas izmai\u0146as. Atjaunin\u0101tos sarakstus \u0161iem mar\u0161rutiem atrad\u012bsi zem\u0101k: 1188.lv\/satiksme Ieg\u0101d\u0101jies autobusa bi\u013cetes \u0113rti \u0161eit: https:\/\/www.bezrindas.lv\/lv\/autobusu-biletes\/ Likumdo\u0161anas akti 28.08.2012. Ministru kabineta noteikumi Nr.599 Sabiedrisk\u0101 transporta pakalpojumu snieg\u0161anas un izmanto\u0161anas k\u0101rt\u012bba 22.06.2021. Ministru kabineta noteikumi Nr.414 Brauk\u0161anas maksas atvieglojumu noteikumi 18.06.2013. Ministru kabineta noteikumi Nr.322 Dz\u012bvnieku p\u0101rvad\u0101\u0161anas noteikumi J\u0113kabpils, L\u012bv\u0101ni, Prei\u013ciKust\u012bbas sarakstos iesp\u0113jamas izmai\u0146as. Atjaunin\u0101tos...","protected":false},"author":1,"featured_media":131,"parent":2045,"menu_order":0,"comment_status":"closed","ping_status":"closed","template":"","meta":{"_acf_changed":false,"footnotes":""},"class_list":["post-2030","page","type-page","status-publish","has-post-thumbnail","hentry"],"acf":[],"yoast_head":"<!-- This site is optimized with the Yoast SEO plugin v27.5 - https:\/\/yoast.com\/product\/yoast-seo-wordpress\/ -->\n<title>Sabiedriskais transports - Hansabuss<\/title>\n<meta name=\"robots\" content=\"index, follow, max-snippet:-1, max-image-preview:large, max-video-preview:-1\" \/>\n<link rel=\"canonical\" href=\"https:\/\/hansabuss.ee\/lv\/pakalpojumi\/sabiedriskais-transports\/\" \/>\n<meta property=\"og:locale\" content=\"lv_LV\" \/>\n<meta property=\"og:type\" content=\"article\" \/>\n<meta property=\"og:title\" content=\"Sabiedriskais transports - Hansabuss\" \/>\n<meta property=\"og:url\" content=\"https:\/\/hansabuss.ee\/lv\/pakalpojumi\/sabiedriskais-transports\/\" \/>\n<meta property=\"og:site_name\" content=\"Hansabuss\" \/>\n<meta property=\"article:publisher\" content=\"https:\/\/www.facebook.com\/Hansabuss\/\" \/>\n<meta property=\"article:modified_time\" content=\"2026-04-16T13:46:44+00:00\" \/>\n<meta property=\"og:image\" content=\"https:\/\/hansabuss.ee\/wp-content\/uploads\/2021\/04\/hover-liinireisid.jpg\" \/>\n\t<meta property=\"og:image:width\" content=\"570\" \/>\n\t<meta property=\"og:image:height\" content=\"500\" \/>\n\t<meta property=\"og:image:type\" content=\"image\/jpeg\" \/>\n<meta name=\"twitter:card\" content=\"summary_large_image\" \/>\n<meta name=\"twitter:label1\" content=\"Est. reading time\" \/>\n\t<meta name=\"twitter:data1\" content=\"2 minutes\" \/>\n<script type=\"application\/ld+json\" class=\"yoast-schema-graph\">{\"@context\":\"https:\\\/\\\/schema.org\",\"@graph\":[{\"@type\":\"WebPage\",\"@id\":\"https:\\\/\\\/hansabuss.ee\\\/lv\\\/pakalpojumi\\\/sabiedriskais-transports\\\/\",\"url\":\"https:\\\/\\\/hansabuss.ee\\\/lv\\\/pakalpojumi\\\/sabiedriskais-transports\\\/\",\"name\":\"Sabiedriskais transports - Hansabuss\",\"isPartOf\":{\"@id\":\"https:\\\/\\\/hansabuss.ee\\\/#website\"},\"primaryImageOfPage\":{\"@id\":\"https:\\\/\\\/hansabuss.ee\\\/lv\\\/pakalpojumi\\\/sabiedriskais-transports\\\/#primaryimage\"},\"image\":{\"@id\":\"https:\\\/\\\/hansabuss.ee\\\/lv\\\/pakalpojumi\\\/sabiedriskais-transports\\\/#primaryimage\"},\"thumbnailUrl\":\"https:\\\/\\\/hansabuss.ee\\\/wp-content\\\/uploads\\\/2021\\\/04\\\/hover-liinireisid.jpg\",\"datePublished\":\"2021-05-06T13:10:48+00:00\",\"dateModified\":\"2026-04-16T13:46:44+00:00\",\"breadcrumb\":{\"@id\":\"https:\\\/\\\/hansabuss.ee\\\/lv\\\/pakalpojumi\\\/sabiedriskais-transports\\\/#breadcrumb\"},\"inLanguage\":\"lv-LV\",\"potentialAction\":[{\"@type\":\"ReadAction\",\"target\":[\"https:\\\/\\\/hansabuss.ee\\\/lv\\\/pakalpojumi\\\/sabiedriskais-transports\\\/\"]}]},{\"@type\":\"ImageObject\",\"inLanguage\":\"lv-LV\",\"@id\":\"https:\\\/\\\/hansabuss.ee\\\/lv\\\/pakalpojumi\\\/sabiedriskais-transports\\\/#primaryimage\",\"url\":\"https:\\\/\\\/hansabuss.ee\\\/wp-content\\\/uploads\\\/2021\\\/04\\\/hover-liinireisid.jpg\",\"contentUrl\":\"https:\\\/\\\/hansabuss.ee\\\/wp-content\\\/uploads\\\/2021\\\/04\\\/hover-liinireisid.jpg\",\"width\":570,\"height\":500},{\"@type\":\"BreadcrumbList\",\"@id\":\"https:\\\/\\\/hansabuss.ee\\\/lv\\\/pakalpojumi\\\/sabiedriskais-transports\\\/#breadcrumb\",\"itemListElement\":[{\"@type\":\"ListItem\",\"position\":1,\"name\":\"Home\",\"item\":\"https:\\\/\\\/hansabuss.ee\\\/lv\\\/\"},{\"@type\":\"ListItem\",\"position\":2,\"name\":\"Pakalpojumi\",\"item\":\"https:\\\/\\\/hansabuss.ee\\\/lv\\\/pakalpojumi\\\/\"},{\"@type\":\"ListItem\",\"position\":3,\"name\":\"Sabiedriskais transports\"}]},{\"@type\":\"WebSite\",\"@id\":\"https:\\\/\\\/hansabuss.ee\\\/#website\",\"url\":\"https:\\\/\\\/hansabuss.ee\\\/\",\"name\":\"Hansabuss\",\"description\":\"\",\"publisher\":{\"@id\":\"https:\\\/\\\/hansabuss.ee\\\/#organization\"},\"potentialAction\":[{\"@type\":\"SearchAction\",\"target\":{\"@type\":\"EntryPoint\",\"urlTemplate\":\"https:\\\/\\\/hansabuss.ee\\\/?s={search_term_string}\"},\"query-input\":{\"@type\":\"PropertyValueSpecification\",\"valueRequired\":true,\"valueName\":\"search_term_string\"}}],\"inLanguage\":\"lv-LV\"},{\"@type\":\"Organization\",\"@id\":\"https:\\\/\\\/hansabuss.ee\\\/#organization\",\"name\":\"Hansabuss AS\",\"url\":\"https:\\\/\\\/hansabuss.ee\\\/\",\"logo\":{\"@type\":\"ImageObject\",\"inLanguage\":\"lv-LV\",\"@id\":\"https:\\\/\\\/hansabuss.ee\\\/#\\\/schema\\\/logo\\\/image\\\/\",\"url\":\"https:\\\/\\\/hansabuss.ee\\\/wp-content\\\/uploads\\\/2021\\\/03\\\/hansabuss-25-logo.svg\",\"contentUrl\":\"https:\\\/\\\/hansabuss.ee\\\/wp-content\\\/uploads\\\/2021\\\/03\\\/hansabuss-25-logo.svg\",\"width\":\"1200\",\"height\":\"630\",\"caption\":\"Hansabuss AS\"},\"image\":{\"@id\":\"https:\\\/\\\/hansabuss.ee\\\/#\\\/schema\\\/logo\\\/image\\\/\"},\"sameAs\":[\"https:\\\/\\\/www.facebook.com\\\/Hansabuss\\\/\",\"https:\\\/\\\/www.instagram.com\\\/hansabuss\\\/\",\"https:\\\/\\\/www.linkedin.com\\\/company\\\/hansabuss-as\"]}]}<\/script>\n<!-- \/ Yoast SEO plugin. -->","yoast_head_json":{"title":"Sabiedriskais transports - Hansabuss","robots":{"index":"index","follow":"follow","max-snippet":"max-snippet:-1","max-image-preview":"max-image-preview:large","max-video-preview":"max-video-preview:-1"},"canonical":"https:\/\/hansabuss.ee\/lv\/pakalpojumi\/sabiedriskais-transports\/","og_locale":"lv_LV","og_type":"article","og_title":"Sabiedriskais transports - Hansabuss","og_url":"https:\/\/hansabuss.ee\/lv\/pakalpojumi\/sabiedriskais-transports\/","og_site_name":"Hansabuss","article_publisher":"https:\/\/www.facebook.com\/Hansabuss\/","article_modified_time":"2026-04-16T13:46:44+00:00","og_image":[{"width":570,"height":500,"url":"https:\/\/hansabuss.ee\/wp-content\/uploads\/2021\/04\/hover-liinireisid.jpg","type":"image\/jpeg"}],"twitter_card":"summary_large_image","twitter_misc":{"Est. reading time":"2 minutes"},"schema":{"@context":"https:\/\/schema.org","@graph":[{"@type":"WebPage","@id":"https:\/\/hansabuss.ee\/lv\/pakalpojumi\/sabiedriskais-transports\/","url":"https:\/\/hansabuss.ee\/lv\/pakalpojumi\/sabiedriskais-transports\/","name":"Sabiedriskais transports - Hansabuss","isPartOf":{"@id":"https:\/\/hansabuss.ee\/#website"},"primaryImageOfPage":{"@id":"https:\/\/hansabuss.ee\/lv\/pakalpojumi\/sabiedriskais-transports\/#primaryimage"},"image":{"@id":"https:\/\/hansabuss.ee\/lv\/pakalpojumi\/sabiedriskais-transports\/#primaryimage"},"thumbnailUrl":"https:\/\/hansabuss.ee\/wp-content\/uploads\/2021\/04\/hover-liinireisid.jpg","datePublished":"2021-05-06T13:10:48+00:00","dateModified":"2026-04-16T13:46:44+00:00","breadcrumb":{"@id":"https:\/\/hansabuss.ee\/lv\/pakalpojumi\/sabiedriskais-transports\/#breadcrumb"},"inLanguage":"lv-LV","potentialAction":[{"@type":"ReadAction","target":["https:\/\/hansabuss.ee\/lv\/pakalpojumi\/sabiedriskais-transports\/"]}]},{"@type":"ImageObject","inLanguage":"lv-LV","@id":"https:\/\/hansabuss.ee\/lv\/pakalpojumi\/sabiedriskais-transports\/#primaryimage","url":"https:\/\/hansabuss.ee\/wp-content\/uploads\/2021\/04\/hover-liinireisid.jpg","contentUrl":"https:\/\/hansabuss.ee\/wp-content\/uploads\/2021\/04\/hover-liinireisid.jpg","width":570,"height":500},{"@type":"BreadcrumbList","@id":"https:\/\/hansabuss.ee\/lv\/pakalpojumi\/sabiedriskais-transports\/#breadcrumb","itemListElement":[{"@type":"ListItem","position":1,"name":"Home","item":"https:\/\/hansabuss.ee\/lv\/"},{"@type":"ListItem","position":2,"name":"Pakalpojumi","item":"https:\/\/hansabuss.ee\/lv\/pakalpojumi\/"},{"@type":"ListItem","position":3,"name":"Sabiedriskais transports"}]},{"@type":"WebSite","@id":"https:\/\/hansabuss.ee\/#website","url":"https:\/\/hansabuss.ee\/","name":"Hansabuss","description":"","publisher":{"@id":"https:\/\/hansabuss.ee\/#organization"},"potentialAction":[{"@type":"SearchAction","target":{"@type":"EntryPoint","urlTemplate":"https:\/\/hansabuss.ee\/?s={search_term_string}"},"query-input":{"@type":"PropertyValueSpecification","valueRequired":true,"valueName":"search_term_string"}}],"inLanguage":"lv-LV"},{"@type":"Organization","@id":"https:\/\/hansabuss.ee\/#organization","name":"Hansabuss AS","url":"https:\/\/hansabuss.ee\/","logo":{"@type":"ImageObject","inLanguage":"lv-LV","@id":"https:\/\/hansabuss.ee\/#\/schema\/logo\/image\/","url":"https:\/\/hansabuss.ee\/wp-content\/uploads\/2021\/03\/hansabuss-25-logo.svg","contentUrl":"https:\/\/hansabuss.ee\/wp-content\/uploads\/2021\/03\/hansabuss-25-logo.svg","width":"1200","height":"630","caption":"Hansabuss AS"},"image":{"@id":"https:\/\/hansabuss.ee\/#\/schema\/logo\/image\/"},"sameAs":["https:\/\/www.facebook.com\/Hansabuss\/","https:\/\/www.instagram.com\/hansabuss\/","https:\/\/www.linkedin.com\/company\/hansabuss-as"]}]}},"_links":{"self":[{"href":"https:\/\/hansabuss.ee\/lv\/wp-json\/wp\/v2\/pages\/2030","targetHints":{"allow":["GET"]}}],"collection":[{"href":"https:\/\/hansabuss.ee\/lv\/wp-json\/wp\/v2\/pages"}],"about":[{"href":"https:\/\/hansabuss.ee\/lv\/wp-json\/wp\/v2\/types\/page"}],"author":[{"embeddable":true,"href":"https:\/\/hansabuss.ee\/lv\/wp-json\/wp\/v2\/users\/1"}],"replies":[{"embeddable":true,"href":"https:\/\/hansabuss.ee\/lv\/wp-json\/wp\/v2\/comments?post=2030"}],"version-history":[{"count":0,"href":"https:\/\/hansabuss.ee\/lv\/wp-json\/wp\/v2\/pages\/2030\/revisions"}],"up":[{"embeddable":true,"href":"https:\/\/hansabuss.ee\/lv\/wp-json\/wp\/v2\/pages\/2045"}],"wp:featuredmedia":[{"embeddable":true,"href":"https:\/\/hansabuss.ee\/lv\/wp-json\/wp\/v2\/media\/131"}],"wp:attachment":[{"href":"https:\/\/hansabuss.ee\/lv\/wp-json\/wp\/v2\/media?parent=2030"}],"curies":[{"name":"wp","href":"https:\/\/api.w.org\/{rel}","templated":true}]}}