{"id":1859,"date":"2021-05-05T23:18:57","date_gmt":"2021-05-05T20:18:57","guid":{"rendered":"https:\/\/hansabuss.ee\/specialie-piedavajumi\/"},"modified":"2021-05-11T13:20:53","modified_gmt":"2021-05-11T10:20:53","slug":"specialie-piedavajumi","status":"publish","type":"page","link":"https:\/\/hansabuss.ee\/lv\/specialie-piedavajumi\/","title":{"rendered":"Speci\u0101lie pied\u0101v\u0101jumi"},"content":{"rendered":"<section class=\"l-section wpb_row special-offers height_medium\"><div class=\"l-section-overlay\" style=\"background:linear-gradient(180deg, #F4F6F9 0%, #F4F6F9 100%)\"><\/div><div class=\"l-section-h i-cf\"><div class=\"g-cols vc_row via_flex valign_top type_default stacking_default\"><div class=\"vc_col-sm-12 wpb_column vc_column_container\"><div class=\"vc_column-inner\"><div class=\"wpb_wrapper\"><div class=\"w-grid type_grid layout_1194 cols_2 preload_style_spinner\" id=\"us_grid_1\" style=\"--columns:2;--gap:0.75rem;\" data-filterable=\"true\"><style>@media (max-width:600px){#us_grid_1{--columns:1!important}}.layout_1194 .w-grid-item-h{}.layout_1194 .usg_vwrapper_1{background:#ffffff!important}<\/style><div class=\"w-grid-list\">\t<article class=\"w-grid-item size_1x1 post-4857 post type-post status-publish format-standard has-post-thumbnail hentry category-jaunumi\" data-id=\"4857\">\r\n\t\t<div class=\"w-grid-item-h\">\r\n\t\t\t\t\t\t<div class=\"w-vwrapper usg_vwrapper_1 special-offer align_left valign_top\"><div class=\"w-vwrapper usg_vwrapper_3 align_left valign_top\"><div class=\"w-post-elm post_image usg_post_image_1 stretched\"><a href=\"https:\/\/hansabuss.ee\/lv\/tukuma-auto-sia-ieviesa-ilgtspejigu-sabiedrisko-transportu-tukuma-un-dobeles-celos\/\" aria-label=\"Tukuma Auto SIA ieviesa ilgtsp\u0113j\u012bgu sabiedrisko transportu Tukuma un Dobeles ce\u013cos\"><img loading=\"lazy\" decoding=\"async\" width=\"480\" height=\"640\" src=\"https:\/\/hansabuss.ee\/wp-content\/uploads\/2024\/11\/Hansa-Lines-Dobele-Tukums.jpg\" class=\"attachment-us_1200_800_crop size-us_1200_800_crop wp-post-image\" alt=\"\" srcset=\"https:\/\/hansabuss.ee\/wp-content\/uploads\/2024\/11\/Hansa-Lines-Dobele-Tukums.jpg 480w, https:\/\/hansabuss.ee\/wp-content\/uploads\/2024\/11\/Hansa-Lines-Dobele-Tukums-300x400.jpg 300w, https:\/\/hansabuss.ee\/wp-content\/uploads\/2024\/11\/Hansa-Lines-Dobele-Tukums-473x630.jpg 473w\" sizes=\"auto, (max-width: 480px) 100vw, 480px\" \/><\/a><\/div><div class=\"w-text usg_text_1 specialoffer-end-text\"><span class=\"w-text-h\"><span class=\"w-text-value\">Pied\u0101v\u0101jums ir beidzies<\/span><\/span><\/div><\/div><div class=\"w-vwrapper usg_vwrapper_2 align_left valign_top\"><h2 class=\"w-post-elm post_title usg_post_title_1 entry-title color_link_inherit\"><a href=\"https:\/\/hansabuss.ee\/lv\/tukuma-auto-sia-ieviesa-ilgtspejigu-sabiedrisko-transportu-tukuma-un-dobeles-celos\/\">Tukuma Auto SIA ieviesa ilgtsp\u0113j\u012bgu sabiedrisko transportu Tukuma un Dobeles ce\u013cos<\/a><\/h2><a class=\"w-btn us-btn-style_2 usg_btn_1 right-arrow\" href=\"https:\/\/hansabuss.ee\/lv\/tukuma-auto-sia-ieviesa-ilgtspejigu-sabiedrisko-transportu-tukuma-un-dobeles-celos\/\"><span class=\"w-btn-label\">Skat\u012bt pied\u0101v\u0101jumu<\/span><\/a><\/div><\/div>\t\t<\/div>\r\n\t\t\t<\/article>\r\n\t<article class=\"w-grid-item size_1x1 post-4850 post type-post status-publish format-standard has-post-thumbnail hentry category-jaunumi\" data-id=\"4850\">\r\n\t\t<div class=\"w-grid-item-h\">\r\n\t\t\t\t\t\t<div class=\"w-vwrapper usg_vwrapper_1 special-offer align_left valign_top\"><div class=\"w-vwrapper usg_vwrapper_3 align_left valign_top\"><div class=\"w-post-elm post_image usg_post_image_1 stretched\"><a href=\"https:\/\/hansabuss.ee\/lv\/tukuma-auto-sia-ievies-jurmala-videi-draudzigu-autobusu-satiksmes-jaunu-eru\/\" aria-label=\"Tukuma Auto SIA ievie\u0161 J\u016brmal\u0101 videi draudz\u012bgu autobusu satiksmes jaunu \u0113ru\"><img loading=\"lazy\" decoding=\"async\" width=\"2048\" height=\"1365\" src=\"https:\/\/hansabuss.ee\/wp-content\/uploads\/2024\/11\/Hansalines-Jurmala.jpg\" class=\"attachment-us_1200_800_crop size-us_1200_800_crop wp-post-image\" alt=\"\" srcset=\"https:\/\/hansabuss.ee\/wp-content\/uploads\/2024\/11\/Hansalines-Jurmala.jpg 2048w, https:\/\/hansabuss.ee\/wp-content\/uploads\/2024\/11\/Hansalines-Jurmala-400x267.jpg 400w, https:\/\/hansabuss.ee\/wp-content\/uploads\/2024\/11\/Hansalines-Jurmala-945x630.jpg 945w\" sizes=\"auto, (max-width: 2048px) 100vw, 2048px\" \/><\/a><\/div><div class=\"w-text usg_text_1 specialoffer-end-text\"><span class=\"w-text-h\"><span class=\"w-text-value\">Pied\u0101v\u0101jums ir beidzies<\/span><\/span><\/div><\/div><div class=\"w-vwrapper usg_vwrapper_2 align_left valign_top\"><h2 class=\"w-post-elm post_title usg_post_title_1 entry-title color_link_inherit\"><a href=\"https:\/\/hansabuss.ee\/lv\/tukuma-auto-sia-ievies-jurmala-videi-draudzigu-autobusu-satiksmes-jaunu-eru\/\">Tukuma Auto SIA ievie\u0161 J\u016brmal\u0101 videi draudz\u012bgu autobusu satiksmes jaunu \u0113ru<\/a><\/h2><a class=\"w-btn us-btn-style_2 usg_btn_1 right-arrow\" href=\"https:\/\/hansabuss.ee\/lv\/tukuma-auto-sia-ievies-jurmala-videi-draudzigu-autobusu-satiksmes-jaunu-eru\/\"><span class=\"w-btn-label\">Skat\u012bt pied\u0101v\u0101jumu<\/span><\/a><\/div><\/div>\t\t<\/div>\r\n\t\t\t<\/article>\r\n\t<article class=\"w-grid-item size_1x1 post-2462 post type-post status-publish format-standard has-post-thumbnail hentry category-jaunumi\" data-id=\"2462\">\r\n\t\t<div class=\"w-grid-item-h\">\r\n\t\t\t\t\t\t<div class=\"w-vwrapper usg_vwrapper_1 special-offer align_left valign_top\"><div class=\"w-vwrapper usg_vwrapper_3 align_left valign_top\"><div class=\"w-post-elm post_image usg_post_image_1 stretched\"><a href=\"https:\/\/hansabuss.ee\/lv\/par-hansabuss-koncerna-jauno-valdes-priekssedetaju-klust-indreks-halliste\/\" aria-label=\"Par Hansabuss koncerna jauno valdes priek\u0161s\u0113d\u0113t\u0101ju k\u013c\u016bst Indreks Halliste\"><img loading=\"lazy\" decoding=\"async\" width=\"1600\" height=\"830\" src=\"https:\/\/hansabuss.ee\/wp-content\/uploads\/2021\/05\/DSC9600.jpg\" class=\"attachment-us_1200_800_crop size-us_1200_800_crop wp-post-image\" alt=\"\" srcset=\"https:\/\/hansabuss.ee\/wp-content\/uploads\/2021\/05\/DSC9600.jpg 1600w, https:\/\/hansabuss.ee\/wp-content\/uploads\/2021\/05\/DSC9600-400x208.jpg 400w, https:\/\/hansabuss.ee\/wp-content\/uploads\/2021\/05\/DSC9600-1024x531.jpg 1024w\" sizes=\"auto, (max-width: 1600px) 100vw, 1600px\" \/><\/a><\/div><div class=\"w-text usg_text_1 specialoffer-end-text\"><span class=\"w-text-h\"><span class=\"w-text-value\">Pied\u0101v\u0101jums ir beidzies<\/span><\/span><\/div><\/div><div class=\"w-vwrapper usg_vwrapper_2 align_left valign_top\"><h2 class=\"w-post-elm post_title usg_post_title_1 entry-title color_link_inherit\"><a href=\"https:\/\/hansabuss.ee\/lv\/par-hansabuss-koncerna-jauno-valdes-priekssedetaju-klust-indreks-halliste\/\">Par Hansabuss koncerna jauno valdes priek\u0161s\u0113d\u0113t\u0101ju k\u013c\u016bst Indreks Halliste<\/a><\/h2><a class=\"w-btn us-btn-style_2 usg_btn_1 right-arrow\" href=\"https:\/\/hansabuss.ee\/lv\/par-hansabuss-koncerna-jauno-valdes-priekssedetaju-klust-indreks-halliste\/\"><span class=\"w-btn-label\">Skat\u012bt pied\u0101v\u0101jumu<\/span><\/a><\/div><\/div>\t\t<\/div>\r\n\t\t\t<\/article>\r\n<\/div><div class=\"w-grid-preloader\">\t<div class=\"g-preloader type_1\">\r\n\t\t<div><\/div>\r\n\t<\/div>\r\n\t<\/div>\t<div class=\"w-grid-json hidden\" onclick='return {&quot;action&quot;:&quot;us_ajax_grid&quot;,&quot;infinite_scroll&quot;:0,&quot;max_num_pages&quot;:1,&quot;pagination&quot;:&quot;none&quot;,&quot;template_vars&quot;:{&quot;columns&quot;:&quot;2&quot;,&quot;exclude_items&quot;:&quot;none&quot;,&quot;img_size&quot;:&quot;default&quot;,&quot;ignore_items_size&quot;:0,&quot;items_layout&quot;:&quot;1194&quot;,&quot;items_offset&quot;:&quot;1&quot;,&quot;load_animation&quot;:&quot;none&quot;,&quot;overriding_link&quot;:&quot;{\\&quot;url\\&quot;:\\&quot;\\&quot;}&quot;,&quot;post_id&quot;:0,&quot;query_args&quot;:{&quot;posts_per_page&quot;:&quot;10&quot;},&quot;orderby_query_args&quot;:{&quot;orderby&quot;:{&quot;date&quot;:&quot;DESC&quot;}},&quot;type&quot;:&quot;grid&quot;,&quot;us_grid_post_type&quot;:&quot;eripakkumine&quot;,&quot;us_grid_ajax_index&quot;:1,&quot;us_grid_filter_query_string&quot;:null,&quot;us_grid_index&quot;:1,&quot;page_args&quot;:[],&quot;lang&quot;:&quot;lv&quot;}}'><\/div>\r\n\t<\/div><\/div><\/div><\/div><\/div><\/div><\/section>\n","protected":false},"excerpt":{"rendered":"Pazi\u0146ojums presei 20.12.2019. Par Hansabuss koncerna jauno valdes priek\u0161s\u0113d\u0113t\u0101ju k\u013c\u016bst Indreks Halliste (Indrek Halliste). Viena no Igaunijas liel\u0101kajiem autobusu uz\u0146\u0113mumu koncerniem, AS Hansabuss, valde par uz\u0146\u0113muma jauno valdes priek\u0161s\u0113d\u0113t\u0101ju noz\u012bm\u0113ja Indreku Halliste, kur\u0161 darbu koncern\u0101 uzs\u0101ks 2020. gada febru\u0101ra s\u0101kum\u0101. Indreks Halliste iepriek\u0161 ir str\u0101d\u0101jis Lauksaimniec\u012bbas dienesta un Veterin\u0101r\u0101 un P\u0101rtikas dienesta strukt\u016br\u0101s, vadot Lauksaimniec\u012bbas...","protected":false},"author":1,"featured_media":0,"parent":0,"menu_order":0,"comment_status":"closed","ping_status":"closed","template":"","meta":{"_acf_changed":false,"footnotes":""},"class_list":["post-1859","page","type-page","status-publish","hentry"],"acf":[],"yoast_head":"<!-- This site is optimized with the Yoast SEO plugin v27.3 - https:\/\/yoast.com\/product\/yoast-seo-wordpress\/ -->\n<title>Speci\u0101lie pied\u0101v\u0101jumi - Hansabuss<\/title>\n<meta name=\"robots\" content=\"index, follow, max-snippet:-1, max-image-preview:large, max-video-preview:-1\" \/>\n<link rel=\"canonical\" href=\"https:\/\/hansabuss.ee\/lv\/specialie-piedavajumi\/\" \/>\n<meta property=\"og:locale\" content=\"lv_LV\" \/>\n<meta property=\"og:type\" content=\"article\" \/>\n<meta property=\"og:title\" content=\"Speci\u0101lie pied\u0101v\u0101jumi - Hansabuss\" \/>\n<meta property=\"og:url\" content=\"https:\/\/hansabuss.ee\/lv\/specialie-piedavajumi\/\" \/>\n<meta property=\"og:site_name\" content=\"Hansabuss\" \/>\n<meta property=\"article:publisher\" content=\"https:\/\/www.facebook.com\/Hansabuss\/\" \/>\n<meta property=\"article:modified_time\" content=\"2021-05-11T10:20:53+00:00\" \/>\n<meta property=\"og:image\" content=\"https:\/\/hansabuss.ee\/wp-content\/uploads\/2021\/04\/Turismibussid-32-kohta-3.jpg\" \/>\n\t<meta property=\"og:image:width\" content=\"1024\" \/>\n\t<meta property=\"og:image:height\" content=\"682\" \/>\n\t<meta property=\"og:image:type\" content=\"image\/jpeg\" \/>\n<meta name=\"twitter:card\" content=\"summary_large_image\" \/>\n<script type=\"application\/ld+json\" class=\"yoast-schema-graph\">{\"@context\":\"https:\\\/\\\/schema.org\",\"@graph\":[{\"@type\":\"WebPage\",\"@id\":\"https:\\\/\\\/hansabuss.ee\\\/lv\\\/specialie-piedavajumi\\\/\",\"url\":\"https:\\\/\\\/hansabuss.ee\\\/lv\\\/specialie-piedavajumi\\\/\",\"name\":\"Speci\u0101lie pied\u0101v\u0101jumi - Hansabuss\",\"isPartOf\":{\"@id\":\"https:\\\/\\\/hansabuss.ee\\\/#website\"},\"datePublished\":\"2021-05-05T20:18:57+00:00\",\"dateModified\":\"2021-05-11T10:20:53+00:00\",\"breadcrumb\":{\"@id\":\"https:\\\/\\\/hansabuss.ee\\\/lv\\\/specialie-piedavajumi\\\/#breadcrumb\"},\"inLanguage\":\"lv-LV\",\"potentialAction\":[{\"@type\":\"ReadAction\",\"target\":[\"https:\\\/\\\/hansabuss.ee\\\/lv\\\/specialie-piedavajumi\\\/\"]}]},{\"@type\":\"BreadcrumbList\",\"@id\":\"https:\\\/\\\/hansabuss.ee\\\/lv\\\/specialie-piedavajumi\\\/#breadcrumb\",\"itemListElement\":[{\"@type\":\"ListItem\",\"position\":1,\"name\":\"Home\",\"item\":\"https:\\\/\\\/hansabuss.ee\\\/lv\\\/\"},{\"@type\":\"ListItem\",\"position\":2,\"name\":\"Speci\u0101lie pied\u0101v\u0101jumi\"}]},{\"@type\":\"WebSite\",\"@id\":\"https:\\\/\\\/hansabuss.ee\\\/#website\",\"url\":\"https:\\\/\\\/hansabuss.ee\\\/\",\"name\":\"Hansabuss\",\"description\":\"\",\"publisher\":{\"@id\":\"https:\\\/\\\/hansabuss.ee\\\/#organization\"},\"potentialAction\":[{\"@type\":\"SearchAction\",\"target\":{\"@type\":\"EntryPoint\",\"urlTemplate\":\"https:\\\/\\\/hansabuss.ee\\\/?s={search_term_string}\"},\"query-input\":{\"@type\":\"PropertyValueSpecification\",\"valueRequired\":true,\"valueName\":\"search_term_string\"}}],\"inLanguage\":\"lv-LV\"},{\"@type\":\"Organization\",\"@id\":\"https:\\\/\\\/hansabuss.ee\\\/#organization\",\"name\":\"Hansabuss AS\",\"url\":\"https:\\\/\\\/hansabuss.ee\\\/\",\"logo\":{\"@type\":\"ImageObject\",\"inLanguage\":\"lv-LV\",\"@id\":\"https:\\\/\\\/hansabuss.ee\\\/#\\\/schema\\\/logo\\\/image\\\/\",\"url\":\"https:\\\/\\\/hansabuss.ee\\\/wp-content\\\/uploads\\\/2021\\\/03\\\/hansabuss-25-logo.svg\",\"contentUrl\":\"https:\\\/\\\/hansabuss.ee\\\/wp-content\\\/uploads\\\/2021\\\/03\\\/hansabuss-25-logo.svg\",\"width\":\"1200\",\"height\":\"630\",\"caption\":\"Hansabuss AS\"},\"image\":{\"@id\":\"https:\\\/\\\/hansabuss.ee\\\/#\\\/schema\\\/logo\\\/image\\\/\"},\"sameAs\":[\"https:\\\/\\\/www.facebook.com\\\/Hansabuss\\\/\",\"https:\\\/\\\/www.instagram.com\\\/hansabuss\\\/\",\"https:\\\/\\\/www.linkedin.com\\\/company\\\/hansabuss-as\"]}]}<\/script>\n<!-- \/ Yoast SEO plugin. -->","yoast_head_json":{"title":"Speci\u0101lie pied\u0101v\u0101jumi - Hansabuss","robots":{"index":"index","follow":"follow","max-snippet":"max-snippet:-1","max-image-preview":"max-image-preview:large","max-video-preview":"max-video-preview:-1"},"canonical":"https:\/\/hansabuss.ee\/lv\/specialie-piedavajumi\/","og_locale":"lv_LV","og_type":"article","og_title":"Speci\u0101lie pied\u0101v\u0101jumi - Hansabuss","og_url":"https:\/\/hansabuss.ee\/lv\/specialie-piedavajumi\/","og_site_name":"Hansabuss","article_publisher":"https:\/\/www.facebook.com\/Hansabuss\/","article_modified_time":"2021-05-11T10:20:53+00:00","og_image":[{"width":1024,"height":682,"url":"https:\/\/hansabuss.ee\/wp-content\/uploads\/2021\/04\/Turismibussid-32-kohta-3.jpg","type":"image\/jpeg"}],"twitter_card":"summary_large_image","schema":{"@context":"https:\/\/schema.org","@graph":[{"@type":"WebPage","@id":"https:\/\/hansabuss.ee\/lv\/specialie-piedavajumi\/","url":"https:\/\/hansabuss.ee\/lv\/specialie-piedavajumi\/","name":"Speci\u0101lie pied\u0101v\u0101jumi - Hansabuss","isPartOf":{"@id":"https:\/\/hansabuss.ee\/#website"},"datePublished":"2021-05-05T20:18:57+00:00","dateModified":"2021-05-11T10:20:53+00:00","breadcrumb":{"@id":"https:\/\/hansabuss.ee\/lv\/specialie-piedavajumi\/#breadcrumb"},"inLanguage":"lv-LV","potentialAction":[{"@type":"ReadAction","target":["https:\/\/hansabuss.ee\/lv\/specialie-piedavajumi\/"]}]},{"@type":"BreadcrumbList","@id":"https:\/\/hansabuss.ee\/lv\/specialie-piedavajumi\/#breadcrumb","itemListElement":[{"@type":"ListItem","position":1,"name":"Home","item":"https:\/\/hansabuss.ee\/lv\/"},{"@type":"ListItem","position":2,"name":"Speci\u0101lie pied\u0101v\u0101jumi"}]},{"@type":"WebSite","@id":"https:\/\/hansabuss.ee\/#website","url":"https:\/\/hansabuss.ee\/","name":"Hansabuss","description":"","publisher":{"@id":"https:\/\/hansabuss.ee\/#organization"},"potentialAction":[{"@type":"SearchAction","target":{"@type":"EntryPoint","urlTemplate":"https:\/\/hansabuss.ee\/?s={search_term_string}"},"query-input":{"@type":"PropertyValueSpecification","valueRequired":true,"valueName":"search_term_string"}}],"inLanguage":"lv-LV"},{"@type":"Organization","@id":"https:\/\/hansabuss.ee\/#organization","name":"Hansabuss AS","url":"https:\/\/hansabuss.ee\/","logo":{"@type":"ImageObject","inLanguage":"lv-LV","@id":"https:\/\/hansabuss.ee\/#\/schema\/logo\/image\/","url":"https:\/\/hansabuss.ee\/wp-content\/uploads\/2021\/03\/hansabuss-25-logo.svg","contentUrl":"https:\/\/hansabuss.ee\/wp-content\/uploads\/2021\/03\/hansabuss-25-logo.svg","width":"1200","height":"630","caption":"Hansabuss AS"},"image":{"@id":"https:\/\/hansabuss.ee\/#\/schema\/logo\/image\/"},"sameAs":["https:\/\/www.facebook.com\/Hansabuss\/","https:\/\/www.instagram.com\/hansabuss\/","https:\/\/www.linkedin.com\/company\/hansabuss-as"]}]}},"_links":{"self":[{"href":"https:\/\/hansabuss.ee\/lv\/wp-json\/wp\/v2\/pages\/1859","targetHints":{"allow":["GET"]}}],"collection":[{"href":"https:\/\/hansabuss.ee\/lv\/wp-json\/wp\/v2\/pages"}],"about":[{"href":"https:\/\/hansabuss.ee\/lv\/wp-json\/wp\/v2\/types\/page"}],"author":[{"embeddable":true,"href":"https:\/\/hansabuss.ee\/lv\/wp-json\/wp\/v2\/users\/1"}],"replies":[{"embeddable":true,"href":"https:\/\/hansabuss.ee\/lv\/wp-json\/wp\/v2\/comments?post=1859"}],"version-history":[{"count":0,"href":"https:\/\/hansabuss.ee\/lv\/wp-json\/wp\/v2\/pages\/1859\/revisions"}],"wp:attachment":[{"href":"https:\/\/hansabuss.ee\/lv\/wp-json\/wp\/v2\/media?parent=1859"}],"curies":[{"name":"wp","href":"https:\/\/api.w.org\/{rel}","templated":true}]}}