{"id":1805,"date":"2021-05-03T22:41:09","date_gmt":"2021-05-03T19:41:09","guid":{"rendered":"https:\/\/hansabuss.ee\/bussi-tellimine\/"},"modified":"2025-12-16T21:11:33","modified_gmt":"2025-12-16T19:11:33","slug":"cenu-pieprasijums","status":"publish","type":"page","link":"https:\/\/hansabuss.ee\/lv\/cenu-pieprasijums\/","title":{"rendered":"Cenu piepras\u012bjums"},"content":{"rendered":"<section class=\"l-section wpb_row height_medium\"><div class=\"l-section-h i-cf\"><div class=\"g-cols vc_row via_flex valign_top type_default stacking_default\"><div class=\"vc_col-sm-12 wpb_column vc_column_container\"><div class=\"vc_column-inner\"><div class=\"wpb_wrapper\">\n<div class=\"wpcf7 no-js\" id=\"wpcf7-f1789-o1\" lang=\"lv-LV\" dir=\"ltr\" data-wpcf7-id=\"1789\">\n<div class=\"screen-reader-response\"><p role=\"status\" aria-live=\"polite\" aria-atomic=\"true\"><\/p> <ul><\/ul><\/div>\n<form action=\"\/lv\/wp-json\/wp\/v2\/pages\/1805#wpcf7-f1789-o1\" method=\"post\" class=\"wpcf7-form init\" aria-label=\"Contact form\" enctype=\"multipart\/form-data\" novalidate=\"novalidate\" data-status=\"init\">\n<fieldset class=\"hidden-fields-container\"><input type=\"hidden\" name=\"_wpcf7\" value=\"1789\" \/><input type=\"hidden\" name=\"_wpcf7_version\" value=\"6.1.5\" \/><input type=\"hidden\" name=\"_wpcf7_locale\" value=\"lv_LV\" \/><input type=\"hidden\" name=\"_wpcf7_unit_tag\" value=\"wpcf7-f1789-o1\" \/><input type=\"hidden\" name=\"_wpcf7_container_post\" value=\"0\" \/><input type=\"hidden\" name=\"_wpcf7_posted_data_hash\" value=\"\" \/>\n<\/fieldset>\n<h2>Inform\u0101cija par braucienu\n<\/h2>\n<div class=\"form-row address-row\">\n\t<div class=\"wpcf7-form-control-wrap-main reisi-algus\">\n        \t<span class=\"wpcf7-form-control-wrap\" data-name=\"reisi-algus\">\n\t        \t<input size=\"40\" class=\"wpcf7-form-control wpcf7-gmautocomplete wpcf7-validates-as-required gmautocomplete\" aria-required=\"true\" aria-invalid=\"false\" placeholder=\"Enter a location\" type=\"text\" name=\"reisi-algus\" \/>\n\t        \t\t        <\/span>\n        \t\t\t    \t\t    \t\t    \t\t            <\/div>\n        <br \/>\n      \n        <div class=\"wpcf7-form-control-wrap-main reisi-lopp\">\n        \t<span class=\"wpcf7-form-control-wrap\" data-name=\"reisi-lopp\">\n\t        \t<input size=\"40\" class=\"wpcf7-form-control wpcf7-gmautocomplete wpcf7-validates-as-required gmautocomplete\" aria-required=\"true\" aria-invalid=\"false\" placeholder=\"Enter a location\" type=\"text\" name=\"reisi-lopp\" \/>\n\t        \t\t        <\/span>\n        \t\t\t    \t\t    \t\t    \t\t            <\/div>\n<\/div>\n<div class=\"form-row return-trip-checkbox\">\n\t<p><span class=\"wpcf7-form-control-wrap\" data-name=\"edasi-tagasi\"><span class=\"wpcf7-form-control wpcf7-acceptance optional\"><span class=\"wpcf7-list-item\"><label><input type=\"checkbox\" name=\"edasi-tagasi\" value=\"1\" aria-invalid=\"false\" \/><span class=\"wpcf7-list-item-label\">Turp un atpaka\u013c<\/span><\/label><\/span><\/span><\/span>\n\t<\/p>\n<\/div>\n<div class=\"form-row\">\n\t<p><span class=\"wpcf7-form-control-wrap\" data-name=\"reisi-algus-kp\"><input size=\"40\" maxlength=\"400\" class=\"wpcf7-form-control wpcf7-text wpcf7-validates-as-required kalender\" aria-required=\"true\" aria-invalid=\"false\" placeholder=\"Brauciena s\u0101kums*\" value=\"\" type=\"text\" name=\"reisi-algus-kp\" \/><\/span><br \/>\n<span class=\"wpcf7-form-control-wrap\" data-name=\"reisi-lopp-kp\"><input size=\"40\" maxlength=\"400\" class=\"wpcf7-form-control wpcf7-text wpcf7-validates-as-required kalender\" aria-required=\"true\" aria-invalid=\"false\" placeholder=\"Brauciena beigas*\" value=\"\" type=\"text\" name=\"reisi-lopp-kp\" \/><\/span>\n\t<\/p>\n<\/div>\n<div class=\"form-row last-form-row\">\n\t<p><span class=\"wpcf7-form-control-wrap\" data-name=\"reisijate-arv\"><input size=\"40\" maxlength=\"400\" class=\"wpcf7-form-control wpcf7-text wpcf7-validates-as-required\" aria-required=\"true\" aria-invalid=\"false\" placeholder=\"Pasa\u017eieru skaits*\" value=\"\" type=\"text\" name=\"reisijate-arv\" \/><\/span>\n\t<\/p>\n<\/div>\n<h2>Papildus inform\u0101cija par braucienu\n<\/h2>\n<div class=\"last-form-row\">\n\t<p><span class=\"wpcf7-form-control-wrap\" data-name=\"taiendav-info\"><textarea cols=\"40\" rows=\"10\" maxlength=\"2000\" class=\"wpcf7-form-control wpcf7-textarea\" aria-invalid=\"false\" placeholder=\"Brauciena programma, galapunkti un starppieturas, nak\u0161\u0146o\u0161ana, \u012bpa\u0161as v\u0113lmes\u2026\" name=\"taiendav-info\"><\/textarea><\/span>\n\t<\/p>\n<\/div>\n<h2>Pievienot ievietoto failu (PDF, DOC, DOCX)\n<\/h2>\n<div class=\"last-form-row\">\n\t<p><span class=\"wpcf7-form-control-wrap\" data-name=\"reisikava\"><input size=\"40\" class=\"wpcf7-form-control wpcf7-file\" accept=\".pdf,.doc,.docx\" aria-invalid=\"false\" type=\"file\" name=\"reisikava\" \/><\/span>\n\t<\/p>\n<\/div>\n<h2>Kontaktpersona\n<\/h2>\n<div class=\"form-row\">\n\t<p><span class=\"wpcf7-form-control-wrap\" data-name=\"nimi\"><input size=\"40\" maxlength=\"400\" class=\"wpcf7-form-control wpcf7-text wpcf7-validates-as-required\" aria-required=\"true\" aria-invalid=\"false\" placeholder=\"V\u0101rds*\" value=\"\" type=\"text\" name=\"nimi\" \/><\/span><br \/>\n<span class=\"wpcf7-form-control-wrap\" data-name=\"email\"><input size=\"40\" maxlength=\"400\" class=\"wpcf7-form-control wpcf7-email wpcf7-validates-as-required wpcf7-text wpcf7-validates-as-email\" aria-required=\"true\" aria-invalid=\"false\" placeholder=\"E-pasts\" value=\"\" type=\"email\" name=\"email\" \/><\/span>\n\t<\/p>\n<\/div>\n<div class=\"form-row\">\n\t<p><span class=\"wpcf7-form-control-wrap\" data-name=\"telefon\"><input size=\"40\" maxlength=\"400\" class=\"wpcf7-form-control wpcf7-text wpcf7-validates-as-required\" aria-required=\"true\" aria-invalid=\"false\" placeholder=\"T\u0101lrunis*\" value=\"\" type=\"text\" name=\"telefon\" \/><\/span><br \/>\n<span class=\"wpcf7-form-control-wrap\" data-name=\"ettevote\"><input size=\"40\" maxlength=\"400\" class=\"wpcf7-form-control wpcf7-text\" aria-invalid=\"false\" placeholder=\"Uz\u0146\u0113mums\" value=\"\" type=\"text\" name=\"ettevote\" \/><\/span>\n\t<\/p>\n<\/div>\n<div class=\"form-row last-form-row\">\n\t<p><span class=\"wpcf7-form-control-wrap\" data-name=\"arve-saaja\"><input size=\"40\" maxlength=\"400\" class=\"wpcf7-form-control wpcf7-text\" aria-invalid=\"false\" placeholder=\"R\u0113\u0137ina sa\u0146\u0113m\u0113js\" value=\"\" type=\"text\" name=\"arve-saaja\" \/><\/span><br \/>\n<span class=\"wpcf7-form-control-wrap\" data-name=\"kood\"><input size=\"40\" maxlength=\"400\" class=\"wpcf7-form-control wpcf7-text\" aria-invalid=\"false\" placeholder=\"Kampa\u0146as kods\" value=\"\" type=\"text\" name=\"kood\" \/><\/span>\n\t<\/p>\n<\/div>\n<div class=\"last-form-row\">\n\t<p><span class=\"wpcf7-form-control-wrap\" data-name=\"terms-and-conditions\"><span class=\"wpcf7-form-control wpcf7-acceptance\"><span class=\"wpcf7-list-item\"><label><input type=\"checkbox\" name=\"terms-and-conditions\" value=\"1\" aria-invalid=\"false\" \/><span class=\"wpcf7-list-item-label\">Iesniedzot piepras\u012bjumu, es piekr\u012btu priv\u0101tuma politikai un p\u0101rdo\u0161anas noteikumiem<\/span><\/label><\/span><\/span><\/span>\n\t<\/p>\n<\/div>\n<div class=\"wpcf7-turnstile cf-turnstile\" data-sitekey=\"0x4AAAAAACHDm_BfAyMCnjXS\" data-response-field-name=\"_wpcf7_turnstile_response\"><\/div>\n<p><input class=\"wpcf7-form-control wpcf7-submit has-spinner\" type=\"submit\" value=\"Nos\u016bt\u012bt\" \/>\n<\/p><div class=\"wpcf7-response-output\" aria-hidden=\"true\"><\/div>\n<\/form>\n<\/div>\n<div class=\"w-popup popup-menu align_none\"><span class=\"w-popup-trigger type_selector\" data-selector=\".menu-1\"><\/span><div class=\"w-popup-overlay\" style=\"background:rgba(0,0,0,0.85);\"><\/div><div class=\"w-popup-wrap layout_default popup-menu\" role=\"dialog\" aria-modal=\"true\" aria-label=\"Popup\" style=\"--title-color:var(--color-content-heading);--title-bg-color:#ffffff;--content-color:var(--color-content-text);--content-bg-color:var(--color-content-bg);--popup-width:600px;--popup-padding:5%;\"><button aria-label=\"Close\" class=\"w-popup-closer\" type=\"button\"><\/button><div class=\"w-popup-box animation_fadeIn closerpos_outside without_title\"><div class=\"w-popup-box-h\"><div class=\"w-popup-box-content\"><h2>Pakett 1 (Hommikus\u00f6\u00f6k)<\/h2>\n<ul>\n<li>Croissant singi-juustuga<\/li>\n<li>Korvike kohupiima ja marjadega<\/li>\n<li>Puuvili<\/li>\n<li>Vesi<\/li>\n<\/ul>\n<p>Hind: <span class=\"pop-up-price\">7,50\u20ac<\/span><\/p>\n<\/div><\/div><\/div><\/div><\/div><div class=\"w-popup popup-menu align_none\"><span class=\"w-popup-trigger type_selector\" data-selector=\".menu-2\"><\/span><div class=\"w-popup-overlay\" style=\"background:rgba(0,0,0,0.85);\"><\/div><div class=\"w-popup-wrap layout_default popup-menu\" role=\"dialog\" aria-modal=\"true\" aria-label=\"Popup\" style=\"--title-color:var(--color-content-heading);--title-bg-color:#ffffff;--content-color:var(--color-content-text);--content-bg-color:var(--color-content-bg);--popup-width:600px;--popup-padding:5%;\"><button aria-label=\"Close\" class=\"w-popup-closer\" type=\"button\"><\/button><div class=\"w-popup-box animation_fadeIn closerpos_outside without_title\"><div class=\"w-popup-box-h\"><div class=\"w-popup-box-content\"><h2>Pakett 2 (loomaliha)<\/h2>\n<ul>\n<li>R\u00e4nnumees bbq sealiha, muna ja juustuga<\/li>\n<li>Kartuli-singisalat<\/li>\n<li>Kalevi piima\u0161okolaad 20g<\/li>\n<li>Puuvili<\/li>\n<li>Vesi<\/li>\n<\/ul>\n<p>Hind: <span class=\"pop-up-price\">9,50\u20ac<\/span><\/p>\n<\/div><\/div><\/div><\/div><\/div><div class=\"w-popup popup-menu align_none\"><span class=\"w-popup-trigger type_selector\" data-selector=\".menu-3\"><\/span><div class=\"w-popup-overlay\" style=\"background:rgba(0,0,0,0.85);\"><\/div><div class=\"w-popup-wrap layout_default popup-menu\" role=\"dialog\" aria-modal=\"true\" aria-label=\"Popup\" style=\"--title-color:var(--color-content-heading);--title-bg-color:var(--color-content-bg-alt);--content-color:var(--color-content-text);--content-bg-color:var(--color-content-bg);--popup-width:600px;--popup-padding:5%;\"><button aria-label=\"Close\" class=\"w-popup-closer\" type=\"button\"><\/button><div class=\"w-popup-box animation_fadeIn closerpos_outside without_title\"><div class=\"w-popup-box-h\"><div class=\"w-popup-box-content\"><h2>Pakett 3 (linnuliha)<\/h2>\n<ul>\n<li>Wrap fetajuustu, kana ja aiarohelisega<\/li>\n<li>Caesari salat kanafileega<\/li>\n<li>Kalevi piima\u0161okolaad 20g<\/li>\n<li>Puuvili<\/li>\n<li>Vesi<\/li>\n<\/ul>\n<p>Hind: <span class=\"pop-up-price\">9,50\u20ac<\/span><\/p>\n<\/div><\/div><\/div><\/div><\/div><div class=\"w-popup popup-menu align_none\"><span class=\"w-popup-trigger type_selector\" data-selector=\".menu-4\"><\/span><div class=\"w-popup-overlay\" style=\"background:rgba(0,0,0,0.85);\"><\/div><div class=\"w-popup-wrap layout_default popup-menu\" role=\"dialog\" aria-modal=\"true\" aria-label=\"Popup\" style=\"--title-color:var(--color-content-heading);--title-bg-color:#ffffff;--content-color:var(--color-content-text);--content-bg-color:var(--color-content-bg);--popup-width:600px;--popup-padding:5%;\"><button aria-label=\"Close\" class=\"w-popup-closer\" type=\"button\"><\/button><div class=\"w-popup-box animation_fadeIn closerpos_outside without_title\"><div class=\"w-popup-box-h\"><div class=\"w-popup-box-content\"><h2>Pakett 4 (taimetoit)<\/h2>\n<ul>\n<li>Vegan wrap toffu ja k\u00f6\u00f6giviljadega<\/li>\n<li>Salat v\u00e4rskete \u00fcrtide kirsstomati, granaat\u00f5una, kinoaga<\/li>\n<li>Puuvili<\/li>\n<li>Vesi<\/li>\n<\/ul>\n<p>Hind: <span class=\"pop-up-price\">10\u20ac<\/span><\/p>\n<\/div><\/div><\/div><\/div><\/div><\/div><\/div><\/div><\/div><\/div><\/section><section class=\"l-section wpb_row bus-booking-img-section height_auto\"><div class=\"l-section-h i-cf\"><div class=\"g-cols vc_row via_flex valign_top type_default stacking_default\"><div class=\"vc_col-sm-12 wpb_column vc_column_container\"><div class=\"vc_column-inner\"><div class=\"wpb_wrapper\"><div class=\"g-cols wpb_row bus-booking-img-grid via_flex valign_top type_default stacking_default\"><div class=\"vc_col-sm-12 wpb_column vc_column_container bus-booking-column\"><div class=\"vc_column-inner\"><div class=\"wpb_wrapper\"><div class=\"w-grid type_carousel layout_48 preload_style_spinner items_2\" id=\"us_grid_1\" style=\"--items:2;--gap:0.5rem;\"><style>.layout_48 .w-grid-item-h{}<\/style><div class=\"w-grid-list owl-carousel valign_stretch dotstyle_circle navstyle_circle navpos_outside owl-responsive-2000\" style=\"--transition-duration:350ms;\">\t<article class=\"w-grid-item post-4374 attachment type-attachment status-inherit hentry\" data-id=\"4374\">\r\n\t\t<div class=\"w-grid-item-h\">\r\n\t\t\t\t\t\t<div class=\"w-post-elm post_image usg_post_image_1 stretched\"><img loading=\"lazy\" decoding=\"async\" width=\"1400\" height=\"934\" src=\"https:\/\/hansabuss.ee\/wp-content\/uploads\/2024\/03\/Hansabuss-Temsa-buss.jpg\" class=\"attachment-full size-full\" alt=\"\" srcset=\"https:\/\/hansabuss.ee\/wp-content\/uploads\/2024\/03\/Hansabuss-Temsa-buss.jpg 1400w, https:\/\/hansabuss.ee\/wp-content\/uploads\/2024\/03\/Hansabuss-Temsa-buss-400x267.jpg 400w, https:\/\/hansabuss.ee\/wp-content\/uploads\/2024\/03\/Hansabuss-Temsa-buss-944x630.jpg 944w\" sizes=\"auto, (max-width: 1400px) 100vw, 1400px\" \/><\/div>\t\t<\/div>\r\n\t\t\t<\/article>\r\n\t<article class=\"w-grid-item post-4334 attachment type-attachment status-inherit hentry\" data-id=\"4334\">\r\n\t\t<div class=\"w-grid-item-h\">\r\n\t\t\t\t\t\t<div class=\"w-post-elm post_image usg_post_image_1 stretched\"><img loading=\"lazy\" decoding=\"async\" width=\"1400\" height=\"934\" src=\"https:\/\/hansabuss.ee\/wp-content\/uploads\/2024\/03\/Hansabuss-Feniksbus.jpg\" class=\"attachment-full size-full\" alt=\"\" srcset=\"https:\/\/hansabuss.ee\/wp-content\/uploads\/2024\/03\/Hansabuss-Feniksbus.jpg 1400w, https:\/\/hansabuss.ee\/wp-content\/uploads\/2024\/03\/Hansabuss-Feniksbus-400x267.jpg 400w, https:\/\/hansabuss.ee\/wp-content\/uploads\/2024\/03\/Hansabuss-Feniksbus-944x630.jpg 944w\" sizes=\"auto, (max-width: 1400px) 100vw, 1400px\" \/><\/div>\t\t<\/div>\r\n\t\t\t<\/article>\r\n<\/div>\t<div class=\"g-preloader type_1\">\r\n\t\t<div><\/div>\r\n\t<\/div>\r\n\t\t<div class=\"w-grid-json hidden\" onclick='return {&quot;action&quot;:&quot;us_ajax_grid&quot;,&quot;infinite_scroll&quot;:0,&quot;max_num_pages&quot;:1,&quot;pagination&quot;:&quot;none&quot;,&quot;template_vars&quot;:{&quot;columns&quot;:&quot;&quot;,&quot;exclude_items&quot;:&quot;none&quot;,&quot;img_size&quot;:&quot;default&quot;,&quot;ignore_items_size&quot;:0,&quot;items_layout&quot;:&quot;48&quot;,&quot;items_offset&quot;:&quot;0px&quot;,&quot;load_animation&quot;:&quot;none&quot;,&quot;overriding_link&quot;:&quot;%7B%22url%22%3A%22%22%7D&quot;,&quot;post_id&quot;:0,&quot;query_args&quot;:{&quot;post_type&quot;:[&quot;attachment&quot;],&quot;post__in&quot;:[&quot;4372&quot;,&quot;4332&quot;],&quot;post_status&quot;:&quot;inherit&quot;,&quot;post_mime_type&quot;:&quot;image&quot;,&quot;posts_per_page&quot;:&quot;3&quot;},&quot;orderby_query_args&quot;:{&quot;orderby&quot;:{&quot;date&quot;:&quot;DESC&quot;}},&quot;type&quot;:&quot;carousel&quot;,&quot;us_grid_post_type&quot;:&quot;attachment&quot;,&quot;us_grid_ajax_index&quot;:1,&quot;us_grid_filter_query_string&quot;:null,&quot;us_grid_index&quot;:1,&quot;page_args&quot;:[],&quot;lang&quot;:&quot;lv&quot;},&quot;carousel_settings&quot;:{&quot;aria_labels&quot;:{&quot;prev&quot;:&quot;Previous&quot;,&quot;next&quot;:&quot;Next&quot;},&quot;autoplayContinual&quot;:false,&quot;autoplayHoverPause&quot;:false,&quot;autoplayTimeout&quot;:3000,&quot;autoWidth&quot;:false,&quot;smartSpeed&quot;:350,&quot;margin&quot;:0,&quot;mouseDrag&quot;:true,&quot;rtl&quot;:false,&quot;slideBy&quot;:&quot;1&quot;,&quot;touchDrag&quot;:true,&quot;slideTransition&quot;:&quot;&quot;,&quot;responsive&quot;:{&quot;0&quot;:{&quot;autoHeight&quot;:false,&quot;autoplay&quot;:false,&quot;autoWidth&quot;:false,&quot;center&quot;:false,&quot;dots&quot;:false,&quot;items&quot;:1,&quot;loop&quot;:false,&quot;nav&quot;:false,&quot;stagePadding&quot;:0,&quot;slideBy&quot;:&quot;1&quot;},&quot;601&quot;:{&quot;items&quot;:2,&quot;autoplay&quot;:false,&quot;center&quot;:false,&quot;dots&quot;:false,&quot;nav&quot;:false,&quot;autoHeight&quot;:false,&quot;autoWidth&quot;:false,&quot;loop&quot;:false,&quot;stagePadding&quot;:0}}}}'><\/div>\r\n\t<\/div><div class=\"w-btn-wrapper align_none\"><a class=\"w-btn us-btn-style_1\" title=\"Apskatiet autobusus\" href=\"https:\/\/hansabuss.ee\/lv\/autobusi\/\"><span class=\"w-btn-label\">Apskatiet autobusus<\/span><\/a><\/div><\/div><\/div><\/div><\/div><\/div><\/div><\/div><\/div><\/div><\/section>\n","protected":false},"excerpt":{"rendered":"","protected":false},"author":1,"featured_media":0,"parent":0,"menu_order":0,"comment_status":"closed","ping_status":"closed","template":"","meta":{"_acf_changed":false,"footnotes":""},"class_list":["post-1805","page","type-page","status-publish","hentry"],"acf":[],"yoast_head":"<!-- This site is optimized with the Yoast SEO plugin v27.4 - https:\/\/yoast.com\/product\/yoast-seo-wordpress\/ -->\n<title>Cenu piepras\u012bjums - Hansabuss<\/title>\n<meta name=\"robots\" content=\"index, follow, max-snippet:-1, max-image-preview:large, max-video-preview:-1\" \/>\n<link rel=\"canonical\" href=\"https:\/\/hansabuss.ee\/lv\/cenu-pieprasijums\/\" \/>\n<meta property=\"og:locale\" content=\"lv_LV\" \/>\n<meta property=\"og:type\" content=\"article\" \/>\n<meta property=\"og:title\" content=\"Cenu piepras\u012bjums - Hansabuss\" \/>\n<meta property=\"og:url\" content=\"https:\/\/hansabuss.ee\/lv\/cenu-pieprasijums\/\" \/>\n<meta property=\"og:site_name\" content=\"Hansabuss\" \/>\n<meta property=\"article:publisher\" content=\"https:\/\/www.facebook.com\/Hansabuss\/\" \/>\n<meta property=\"article:modified_time\" content=\"2025-12-16T19:11:33+00:00\" \/>\n<meta property=\"og:image\" content=\"https:\/\/hansabuss.ee\/wp-content\/uploads\/2021\/04\/Turismibussid-32-kohta-3.jpg\" \/>\n\t<meta property=\"og:image:width\" content=\"1024\" \/>\n\t<meta property=\"og:image:height\" content=\"682\" \/>\n\t<meta property=\"og:image:type\" content=\"image\/jpeg\" \/>\n<meta name=\"twitter:card\" content=\"summary_large_image\" \/>\n<meta name=\"twitter:label1\" content=\"Est. reading time\" \/>\n\t<meta name=\"twitter:data1\" content=\"1 minute\" \/>\n<script type=\"application\/ld+json\" class=\"yoast-schema-graph\">{\"@context\":\"https:\\\/\\\/schema.org\",\"@graph\":[{\"@type\":\"WebPage\",\"@id\":\"https:\\\/\\\/hansabuss.ee\\\/lv\\\/cenu-pieprasijums\\\/\",\"url\":\"https:\\\/\\\/hansabuss.ee\\\/lv\\\/cenu-pieprasijums\\\/\",\"name\":\"Cenu piepras\u012bjums - Hansabuss\",\"isPartOf\":{\"@id\":\"https:\\\/\\\/hansabuss.ee\\\/#website\"},\"datePublished\":\"2021-05-03T19:41:09+00:00\",\"dateModified\":\"2025-12-16T19:11:33+00:00\",\"breadcrumb\":{\"@id\":\"https:\\\/\\\/hansabuss.ee\\\/lv\\\/cenu-pieprasijums\\\/#breadcrumb\"},\"inLanguage\":\"lv-LV\",\"potentialAction\":[{\"@type\":\"ReadAction\",\"target\":[\"https:\\\/\\\/hansabuss.ee\\\/lv\\\/cenu-pieprasijums\\\/\"]}]},{\"@type\":\"BreadcrumbList\",\"@id\":\"https:\\\/\\\/hansabuss.ee\\\/lv\\\/cenu-pieprasijums\\\/#breadcrumb\",\"itemListElement\":[{\"@type\":\"ListItem\",\"position\":1,\"name\":\"Home\",\"item\":\"https:\\\/\\\/hansabuss.ee\\\/lv\\\/\"},{\"@type\":\"ListItem\",\"position\":2,\"name\":\"Cenu piepras\u012bjums\"}]},{\"@type\":\"WebSite\",\"@id\":\"https:\\\/\\\/hansabuss.ee\\\/#website\",\"url\":\"https:\\\/\\\/hansabuss.ee\\\/\",\"name\":\"Hansabuss\",\"description\":\"\",\"publisher\":{\"@id\":\"https:\\\/\\\/hansabuss.ee\\\/#organization\"},\"potentialAction\":[{\"@type\":\"SearchAction\",\"target\":{\"@type\":\"EntryPoint\",\"urlTemplate\":\"https:\\\/\\\/hansabuss.ee\\\/?s={search_term_string}\"},\"query-input\":{\"@type\":\"PropertyValueSpecification\",\"valueRequired\":true,\"valueName\":\"search_term_string\"}}],\"inLanguage\":\"lv-LV\"},{\"@type\":\"Organization\",\"@id\":\"https:\\\/\\\/hansabuss.ee\\\/#organization\",\"name\":\"Hansabuss AS\",\"url\":\"https:\\\/\\\/hansabuss.ee\\\/\",\"logo\":{\"@type\":\"ImageObject\",\"inLanguage\":\"lv-LV\",\"@id\":\"https:\\\/\\\/hansabuss.ee\\\/#\\\/schema\\\/logo\\\/image\\\/\",\"url\":\"https:\\\/\\\/hansabuss.ee\\\/wp-content\\\/uploads\\\/2021\\\/03\\\/hansabuss-25-logo.svg\",\"contentUrl\":\"https:\\\/\\\/hansabuss.ee\\\/wp-content\\\/uploads\\\/2021\\\/03\\\/hansabuss-25-logo.svg\",\"width\":\"1200\",\"height\":\"630\",\"caption\":\"Hansabuss AS\"},\"image\":{\"@id\":\"https:\\\/\\\/hansabuss.ee\\\/#\\\/schema\\\/logo\\\/image\\\/\"},\"sameAs\":[\"https:\\\/\\\/www.facebook.com\\\/Hansabuss\\\/\",\"https:\\\/\\\/www.instagram.com\\\/hansabuss\\\/\",\"https:\\\/\\\/www.linkedin.com\\\/company\\\/hansabuss-as\"]}]}<\/script>\n<!-- \/ Yoast SEO plugin. -->","yoast_head_json":{"title":"Cenu piepras\u012bjums - Hansabuss","robots":{"index":"index","follow":"follow","max-snippet":"max-snippet:-1","max-image-preview":"max-image-preview:large","max-video-preview":"max-video-preview:-1"},"canonical":"https:\/\/hansabuss.ee\/lv\/cenu-pieprasijums\/","og_locale":"lv_LV","og_type":"article","og_title":"Cenu piepras\u012bjums - Hansabuss","og_url":"https:\/\/hansabuss.ee\/lv\/cenu-pieprasijums\/","og_site_name":"Hansabuss","article_publisher":"https:\/\/www.facebook.com\/Hansabuss\/","article_modified_time":"2025-12-16T19:11:33+00:00","og_image":[{"width":1024,"height":682,"url":"https:\/\/hansabuss.ee\/wp-content\/uploads\/2021\/04\/Turismibussid-32-kohta-3.jpg","type":"image\/jpeg"}],"twitter_card":"summary_large_image","twitter_misc":{"Est. reading time":"1 minute"},"schema":{"@context":"https:\/\/schema.org","@graph":[{"@type":"WebPage","@id":"https:\/\/hansabuss.ee\/lv\/cenu-pieprasijums\/","url":"https:\/\/hansabuss.ee\/lv\/cenu-pieprasijums\/","name":"Cenu piepras\u012bjums - Hansabuss","isPartOf":{"@id":"https:\/\/hansabuss.ee\/#website"},"datePublished":"2021-05-03T19:41:09+00:00","dateModified":"2025-12-16T19:11:33+00:00","breadcrumb":{"@id":"https:\/\/hansabuss.ee\/lv\/cenu-pieprasijums\/#breadcrumb"},"inLanguage":"lv-LV","potentialAction":[{"@type":"ReadAction","target":["https:\/\/hansabuss.ee\/lv\/cenu-pieprasijums\/"]}]},{"@type":"BreadcrumbList","@id":"https:\/\/hansabuss.ee\/lv\/cenu-pieprasijums\/#breadcrumb","itemListElement":[{"@type":"ListItem","position":1,"name":"Home","item":"https:\/\/hansabuss.ee\/lv\/"},{"@type":"ListItem","position":2,"name":"Cenu piepras\u012bjums"}]},{"@type":"WebSite","@id":"https:\/\/hansabuss.ee\/#website","url":"https:\/\/hansabuss.ee\/","name":"Hansabuss","description":"","publisher":{"@id":"https:\/\/hansabuss.ee\/#organization"},"potentialAction":[{"@type":"SearchAction","target":{"@type":"EntryPoint","urlTemplate":"https:\/\/hansabuss.ee\/?s={search_term_string}"},"query-input":{"@type":"PropertyValueSpecification","valueRequired":true,"valueName":"search_term_string"}}],"inLanguage":"lv-LV"},{"@type":"Organization","@id":"https:\/\/hansabuss.ee\/#organization","name":"Hansabuss AS","url":"https:\/\/hansabuss.ee\/","logo":{"@type":"ImageObject","inLanguage":"lv-LV","@id":"https:\/\/hansabuss.ee\/#\/schema\/logo\/image\/","url":"https:\/\/hansabuss.ee\/wp-content\/uploads\/2021\/03\/hansabuss-25-logo.svg","contentUrl":"https:\/\/hansabuss.ee\/wp-content\/uploads\/2021\/03\/hansabuss-25-logo.svg","width":"1200","height":"630","caption":"Hansabuss AS"},"image":{"@id":"https:\/\/hansabuss.ee\/#\/schema\/logo\/image\/"},"sameAs":["https:\/\/www.facebook.com\/Hansabuss\/","https:\/\/www.instagram.com\/hansabuss\/","https:\/\/www.linkedin.com\/company\/hansabuss-as"]}]}},"_links":{"self":[{"href":"https:\/\/hansabuss.ee\/lv\/wp-json\/wp\/v2\/pages\/1805","targetHints":{"allow":["GET"]}}],"collection":[{"href":"https:\/\/hansabuss.ee\/lv\/wp-json\/wp\/v2\/pages"}],"about":[{"href":"https:\/\/hansabuss.ee\/lv\/wp-json\/wp\/v2\/types\/page"}],"author":[{"embeddable":true,"href":"https:\/\/hansabuss.ee\/lv\/wp-json\/wp\/v2\/users\/1"}],"replies":[{"embeddable":true,"href":"https:\/\/hansabuss.ee\/lv\/wp-json\/wp\/v2\/comments?post=1805"}],"version-history":[{"count":0,"href":"https:\/\/hansabuss.ee\/lv\/wp-json\/wp\/v2\/pages\/1805\/revisions"}],"wp:attachment":[{"href":"https:\/\/hansabuss.ee\/lv\/wp-json\/wp\/v2\/media?parent=1805"}],"curies":[{"name":"wp","href":"https:\/\/api.w.org\/{rel}","templated":true}]}}