{"id":2940,"date":"2021-05-24T15:58:23","date_gmt":"2021-05-24T12:58:23","guid":{"rendered":"https:\/\/hansabuss.ee\/join-us\/"},"modified":"2023-08-14T11:15:18","modified_gmt":"2023-08-14T08:15:18","slug":"join-us","status":"publish","type":"page","link":"https:\/\/hansabuss.ee\/en\/join-us\/","title":{"rendered":"Join us"},"content":{"rendered":"<section class=\"l-section wpb_row join-us height_medium\"><div class=\"l-section-h i-cf\"><div class=\"g-cols vc_row via_flex valign_top type_default stacking_default\"><div class=\"vc_col-sm-12 wpb_column vc_column_container\"><div class=\"vc_column-inner\"><div class=\"wpb_wrapper\"><div class=\"w-tabs style_default switch_click accordion type_togglable has_scrolling\" style=\"--sections-title-size:inherit\"><div class=\"w-tabs-sections titles-align_none icon_plus cpos_right\"><div class=\"w-tabs-section no_indents\" id=\"r412\"><button class=\"w-tabs-section-header\" aria-controls=\"content-r412\" aria-expanded=\"false\"><div class=\"w-tabs-section-title\">Tule bussijuhiks<\/div><div class=\"w-tabs-section-control\"><\/div><\/button><div  class=\"w-tabs-section-content\" id=\"content-r412\"><div class=\"w-tabs-section-content-h i-cf\"><div class=\"w-image us_custom_50cc7d67 align_none\"><div class=\"w-image-h\"><img decoding=\"async\" width=\"1600\" height=\"699\" src=\"https:\/\/hansabuss.ee\/wp-content\/uploads\/2021\/05\/Tule-bussijuhiks.jpg\" class=\"attachment-full size-full\" alt=\"\" loading=\"lazy\" srcset=\"https:\/\/hansabuss.ee\/wp-content\/uploads\/2021\/05\/Tule-bussijuhiks.jpg 1600w, https:\/\/hansabuss.ee\/wp-content\/uploads\/2021\/05\/Tule-bussijuhiks-400x175.jpg 400w, https:\/\/hansabuss.ee\/wp-content\/uploads\/2021\/05\/Tule-bussijuhiks-1024x447.jpg 1024w\" sizes=\"auto, (max-width: 1600px) 100vw, 1600px\" \/><\/div><\/div><div class=\"wpb_text_column\"><div class=\"wpb_wrapper\"><h2>Ka sina v\u00f5id olla meie bussijuht!<\/h2>\n<p>Hansabussis ootab Sind t\u00f6\u00f6taja- ja peres\u00f5bralik meeskond. Hoolime oma inimestest ja nende tervisest. Pingutame selle nimel, et luua t\u00f6\u00f6keskkond, kus iga\u00fcks tunneks ennast h\u00e4sti ja hoitult. Oleme pika ajalooga stabiilne t\u00f6\u00f6andja. T\u00e4idame oma lubadusi ja kohtleme k\u00f5iki s\u00f5bralikult ning austavalt. Igap\u00e4evat\u00f6\u00f6s toetavad Sind abivalmid ja p\u00fchendunud kolleegid. Bussijuhi amet sobib nii meestele kui ka naistele ja t\u00f6\u00f6d on v\u00f5imalik teha k\u00f5rge eani. T\u00f6\u00f6 on v\u00e4ga vaheldusrikas ja pakub v\u00f5imalusi suhelda erinevate inimestega. Meie juures on v\u00f5imalik teenindada reisijaid nii Harjumaa tavaliinidel kui tellimusreisidel Eestis ja v\u00e4lismaal. S\u00f5idutame inimesi ka t\u00f6\u00f6le ja koju ning tutvustame turistidele kahekordse punase bussiga vaatamisv\u00e4\u00e4rsuseid.<\/p>\n<h2>Vaata, mida Sulle pakume!<\/h2>\n<p>Soovime pakkuda oma t\u00f6\u00f6tajatele p\u00f5nevaid v\u00e4ljakutseid, v\u00f5imalusi kasvamiseks ja liikumiseks ning kohtleme k\u00f5iki s\u00f5bralikult.<\/p>\n<\/div><\/div><div class=\"g-cols wpb_row via_flex valign_top type_default stacking_default\"><div class=\"vc_col-sm-4 wpb_column vc_column_container\"><div class=\"vc_column-inner\"><div class=\"wpb_wrapper\"><div class=\"wpb_text_column\"><div class=\"wpb_wrapper\"><p><strong>Hansabussis pakume Sulle:<\/strong><\/p>\n<ul>\n<li>Konkurentsiv\u00f5imelist t\u00f6\u00f6tasu<\/li>\n<li>Paindlikku ja kokkuleppelist t\u00f6\u00f6graafikut<\/li>\n<li>Praktilist vormir\u00f5ivast<\/li>\n<li>Kaasaegseid busse<\/li>\n<li>Koolitusi<\/li>\n<li>Massa\u017eitooliga puhketuba l\u00f5\u00f5gastumiseks<\/li>\n<li>Majutus- ja transpordiv\u00f5imalust kaugematest piirkondadest t\u00f6\u00f6le tulijatele<\/li>\n<li>Abi bussijuhi ameti ja kutse omandamisel<\/li>\n<\/ul>\n<\/div><\/div><\/div><\/div><\/div><div class=\"vc_col-sm-4 wpb_column vc_column_container\"><div class=\"vc_column-inner\"><div class=\"wpb_wrapper\"><div class=\"wpb_text_column\"><div class=\"wpb_wrapper\"><p><strong>Hoiame Sinu pere<\/strong><\/p>\n<ul>\n<li>Lastele korraldame \u00f5ppehooaja alguse puhul City Tour Hop-On-Hop-Off \u00fcrituse, talvel j\u00f5uluetenduse<\/li>\n<li>1. septembril anname 1. ja 2. klassi lapsevanematele tasustatud vaba p\u00e4eva<\/li>\n<li>Toetame pereliikme s\u00fcnni kui ka kurvema s\u00fcndmuse puhul<\/li>\n<\/ul>\n<\/div><\/div><\/div><\/div><\/div><div class=\"vc_col-sm-4 wpb_column vc_column_container\"><div class=\"vc_column-inner\"><div class=\"wpb_wrapper\"><div class=\"wpb_text_column\"><div class=\"wpb_wrapper\"><p><strong>T\u00e4histame juubeleid koos Sinuga<\/strong><\/p>\n<ul>\n<li>Peame meeles nii t\u00f6\u00f6tajate t\u00f6\u00f6juubeleid kui ka ettev\u00f5tte juubeleid<\/li>\n<li>T\u00e4histame \u00fchiselt t\u00e4htp\u00e4evi<\/li>\n<\/ul>\n<\/div><\/div><\/div><\/div><\/div><\/div><div class=\"wpb_text_column us_custom_cf362e21\"><div class=\"wpb_wrapper\"><h2>Sobid meie meeskonda kui<\/h2>\n<ul>\n<li>Oled v\u00e4hemalt 24-aastane<\/li>\n<li>Omad D-kategooria juhilube<\/li>\n<li>Oled usaldusv\u00e4\u00e4rne, s\u00f5bralik ja abivalmis<\/li>\n<li>K\u00f5neled nii eesti kui vene keelt<\/li>\n<li>Sulle meeldib rooli keerata<\/li>\n<li>Naudid inimestega suhtlemist<\/li>\n<li>Sind motiveerib vaheldusrikas t\u00f6\u00f6<\/li>\n<\/ul>\n<\/div><\/div><div class=\"w-image us_custom_50cc7d67 align_none\"><div class=\"w-image-h\"><img decoding=\"async\" width=\"1600\" height=\"356\" src=\"https:\/\/hansabuss.ee\/wp-content\/uploads\/2021\/05\/Bussid3tk.jpg\" class=\"attachment-full size-full\" alt=\"\" loading=\"lazy\" srcset=\"https:\/\/hansabuss.ee\/wp-content\/uploads\/2021\/05\/Bussid3tk.jpg 1600w, https:\/\/hansabuss.ee\/wp-content\/uploads\/2021\/05\/Bussid3tk-400x89.jpg 400w, https:\/\/hansabuss.ee\/wp-content\/uploads\/2021\/05\/Bussid3tk-1024x228.jpg 1024w\" sizes=\"auto, (max-width: 1600px) 100vw, 1600px\" \/><\/div><\/div>[vc_raw_html css=&#8221;%7B%22default%22%3A%7B%22margin-top%22%3A%2250px%22%7D%7D&#8221;]PGlmcmFtZSBzdHlsZT0iaGVpZ2h0OiA2MjBweDsgbWluLXdpZHRoOiAxMDAlOyBvdmVyZmxvdzogaGlkZGVuOyIgaWQ9InJsLWZvcm0tMSIgc3JjPSJodHRwczovL2hhbnNhYnVzcy5yZWNydWl0bGFiLmVlL3B1YmxpYy9mb3Jtcy9seGd1ZWRPMEVLUFNOSERWTjlWQkwxS1VyS01ycTZKREhxRkp1YlhSIiBmcmFtZWJvcmRlcj0iMCIgb25sb2FkPSJpRnJhbWVSZXNpemUoe30sICcjcmwtZm9ybS0xJykiIHNjcm9sbGluZz0ibm8iPjwvaWZyYW1lPg==[\/vc_raw_html]<\/div><\/div><\/div><div class=\"w-tabs-section no_indents\" id=\"n73f\"><button class=\"w-tabs-section-header\" aria-controls=\"content-n73f\" aria-expanded=\"false\"><div class=\"w-tabs-section-title\">Tule elektrikuks<\/div><div class=\"w-tabs-section-control\"><\/div><\/button><div  class=\"w-tabs-section-content\" id=\"content-n73f\"><div class=\"w-tabs-section-content-h i-cf\"><div class=\"w-image us_custom_50cc7d67 align_none\"><div class=\"w-image-h\"><img decoding=\"async\" width=\"1080\" height=\"1080\" src=\"https:\/\/hansabuss.ee\/wp-content\/uploads\/2021\/05\/HANSABUSS_tookuulutus_Elektrik_FB-INSTA_ruut.jpg\" class=\"attachment-full size-full\" alt=\"\" loading=\"lazy\" srcset=\"https:\/\/hansabuss.ee\/wp-content\/uploads\/2021\/05\/HANSABUSS_tookuulutus_Elektrik_FB-INSTA_ruut.jpg 1080w, https:\/\/hansabuss.ee\/wp-content\/uploads\/2021\/05\/HANSABUSS_tookuulutus_Elektrik_FB-INSTA_ruut-400x400.jpg 400w, https:\/\/hansabuss.ee\/wp-content\/uploads\/2021\/05\/HANSABUSS_tookuulutus_Elektrik_FB-INSTA_ruut-1024x1024.jpg 1024w, https:\/\/hansabuss.ee\/wp-content\/uploads\/2021\/05\/HANSABUSS_tookuulutus_Elektrik_FB-INSTA_ruut-150x150.jpg 150w\" sizes=\"auto, (max-width: 1080px) 100vw, 1080px\" \/><\/div><\/div><div class=\"wpb_text_column\"><div class=\"wpb_wrapper\"><h2>Liitu meiega, kui Sulle:<\/h2>\n<ul>\n<li>meeldib bussile s\u00e4rtsu anda ja ei karda seda ise ka saada<\/li>\n<li>bussipirnid p\u00f5lema panna ja EKG korras hoida (<em>t\u00f5lkes bussile diagnostikat teha<\/em>)<\/li>\n<li>tehniline taip ja soov \u00f5ppida on Sul veres ning juhtmed pole l\u00fchises<\/li>\n<li>oled &#8220;teeme \u00e4ra&#8221; suhtumisega, iseseisev, kohusetundlik ja t\u00e4pne oma t\u00f6\u00f6s<\/li>\n<li>kolleegide s\u00f5bralik abistamine ja sujuv koost\u00f6\u00f6 on Sulle oluline<\/li>\n<li>oled hea tervise ja k\u00f5rge pingetaluvusega<\/li>\n<li>eesti ja vene keeles suhtlemine on vaid puhas r\u00f5\u00f5m<\/li>\n<\/ul>\n<p><strong>Hansabussis ootab Sind <\/strong>t\u00f6\u00f6taja- ja peres\u00f5bralik meeskond. Hoolime oma inimestest ja nende tervisest. Pingutame selle nimel, et luua t\u00f6\u00f6keskkond, kus iga\u00fcks tunneks ennast h\u00e4sti ja hoitult. Oleme pika ajalooga usaldusv\u00e4\u00e4rne t\u00f6\u00f6andja. T\u00e4idame oma lubadusi ja kohtleme k\u00f5iki s\u00f5bralikult ning austavalt.<br \/>\n<strong><br \/>\nPanustame <\/strong>Sinu tervisesse, heaolusse ning arengusse, hoiame Sinu pere, peame meeles pikaajalisi ja lojaalseid t\u00f6\u00f6tajaid, v\u00f5imaldame osaleda \u00fchis\u00fcritustel ja meeskonnakoolitustel. Pakume stabiilset erialast t\u00f6\u00f6d ja korralikke t\u00f6\u00f6tingimusi, v\u00f5imalust juurde \u00f5ppida ja tubli t\u00f6\u00f6 eest head t\u00f6\u00f6tasu!<\/p>\n<p><strong>Tundub p\u00f5nev v\u00e4ljakutse?<\/strong><\/p>\n<p>Saada oma sooviavaldus teele nii pea kui v\u00f5imalik. K\u00fcsimuste korral helista personalijuht Marinale 671 3267 ning saame tuttavaks!<\/p>\n<\/div><\/div>[vc_raw_html css=&#8221;%7B%22default%22%3A%7B%22margin-top%22%3A%2250px%22%7D%7D&#8221;]PGlmcmFtZSBzdHlsZT0iaGVpZ2h0OiA2MjBweDsgbWluLXdpZHRoOiAxMDAlOyBvdmVyZmxvdzogaGlkZGVuOyIgaWQ9InJsLWZvcm0tMSIgc3JjPSJodHRwczovL2hhbnNhYnVzcy5yZWNydWl0bGFiLmVlL3B1YmxpYy9mb3Jtcy9seGd1ZWRPMEVLUFNOSERWTjlWQkwxS1VyS01ycTZKREhxRkp1YlhSIiBmcmFtZWJvcmRlcj0iMCIgb25sb2FkPSJpRnJhbWVSZXNpemUoe30sICcjcmwtZm9ybS0xJykiIHNjcm9sbGluZz0ibm8iPjwvaWZyYW1lPg==[\/vc_raw_html]<\/div><\/div><\/div><div class=\"w-tabs-section no_indents\" id=\"na17\"><button class=\"w-tabs-section-header\" aria-controls=\"content-na17\" aria-expanded=\"false\"><div class=\"w-tabs-section-title\">Tule autotehnikuks<\/div><div class=\"w-tabs-section-control\"><\/div><\/button><div  class=\"w-tabs-section-content\" id=\"content-na17\"><div class=\"w-tabs-section-content-h i-cf\"><div class=\"w-image us_custom_50cc7d67 align_none\"><div class=\"w-image-h\"><img decoding=\"async\" width=\"1080\" height=\"1080\" src=\"https:\/\/hansabuss.ee\/wp-content\/uploads\/2021\/05\/HANSABUSS_tookuulutus_Autotehnik_FB-INSTA_ruut.jpg\" class=\"attachment-full size-full\" alt=\"\" loading=\"lazy\" srcset=\"https:\/\/hansabuss.ee\/wp-content\/uploads\/2021\/05\/HANSABUSS_tookuulutus_Autotehnik_FB-INSTA_ruut.jpg 1080w, https:\/\/hansabuss.ee\/wp-content\/uploads\/2021\/05\/HANSABUSS_tookuulutus_Autotehnik_FB-INSTA_ruut-400x400.jpg 400w, https:\/\/hansabuss.ee\/wp-content\/uploads\/2021\/05\/HANSABUSS_tookuulutus_Autotehnik_FB-INSTA_ruut-1024x1024.jpg 1024w, https:\/\/hansabuss.ee\/wp-content\/uploads\/2021\/05\/HANSABUSS_tookuulutus_Autotehnik_FB-INSTA_ruut-150x150.jpg 150w\" sizes=\"auto, (max-width: 1080px) 100vw, 1080px\" \/><\/div><\/div><div class=\"wpb_text_column\"><div class=\"wpb_wrapper\"><h2>Liitu meiega, kui Sulle:<\/h2>\n<ul>\n<li>meeldib garaa\u017eis aega veeta ja k\u00e4ed \u00f5liseks teha<\/li>\n<li>busse putitada ning nende korrashoid on Sinu hingeasi<\/li>\n<li>tehniline taip ja soov \u00f5ppida on Sul veres<\/li>\n<li>oled &#8220;teeme \u00e4ra&#8221; suhtumisega, iseseisev, kohusetundlik ja t\u00e4pne oma t\u00f6\u00f6s<\/li>\n<li>kolleegide s\u00f5bralik abistamine ja sujuv koost\u00f6\u00f6 on Sulle oluline<\/li>\n<li>oled hea tervise ja k\u00f5rge pingetaluvusega<\/li>\n<li>eesti ja vene keeles suhtlemine on vaid puhas r\u00f5\u00f5m<\/li>\n<\/ul>\n<p>&nbsp;<\/p>\n<p><strong>Hansabussis ootab Sind <\/strong>t\u00f6\u00f6taja- ja peres\u00f5bralik meeskond. Hoolime oma inimestest ja nende tervisest. Pingutame selle nimel, et luua t\u00f6\u00f6keskkond, kus iga\u00fcks tunneks ennast h\u00e4sti ja hoitult. Oleme pika ajalooga usaldusv\u00e4\u00e4rne t\u00f6\u00f6andja. T\u00e4idame oma lubadusi ja kohtleme k\u00f5iki s\u00f5bralikult ning austavalt.<br \/>\n<strong><br \/>\nPanustame <\/strong>Sinu tervisesse, heaolusse ning arengusse, hoiame Sinu pere, peame meeles pikaajalisi ja lojaalseid t\u00f6\u00f6tajaid, v\u00f5imaldame osaleda \u00fchis\u00fcritustel ja meeskonnakoolitustel. Pakume stabiilset erialast t\u00f6\u00f6d ja korralikke t\u00f6\u00f6tingimusi, v\u00f5imalust juurde \u00f5ppida ja tubli t\u00f6\u00f6 eest head t\u00f6\u00f6tasu!<br \/>\n<strong><br \/>\nTundub p\u00f5nev v\u00e4ljakutse?<\/strong><\/p>\n<p>Saada oma sooviavaldus nii pea kui v\u00f5imalik teele. K\u00fcsimuste korral helista personalijuht Marinale 671 3267 ning saame tuttavaks!<\/p>\n<\/div><\/div>[vc_raw_html css=&#8221;%7B%22default%22%3A%7B%22margin-top%22%3A%2250px%22%7D%7D&#8221;]PGlmcmFtZSBzdHlsZT0iaGVpZ2h0OiA2MjBweDsgbWluLXdpZHRoOiAxMDAlOyBvdmVyZmxvdzogaGlkZGVuOyIgaWQ9InJsLWZvcm0tMSIgc3JjPSJodHRwczovL2hhbnNhYnVzcy5yZWNydWl0bGFiLmVlL3B1YmxpYy9mb3Jtcy9seGd1ZWRPMEVLUFNOSERWTjlWQkwxS1VyS01ycTZKREhxRkp1YlhSIiBmcmFtZWJvcmRlcj0iMCIgb25sb2FkPSJpRnJhbWVSZXNpemUoe30sICcjcmwtZm9ybS0xJykiIHNjcm9sbGluZz0ibm8iPjwvaWZyYW1lPg==[\/vc_raw_html]<\/div><\/div><\/div><\/div><\/div><\/div><\/div><\/div><\/div><\/div><\/section>\n","protected":false},"excerpt":{"rendered":"Tule bussijuhiksKa sina v\u00f5id olla meie bussijuht! Hansabussis ootab Sind t\u00f6\u00f6taja- ja peres\u00f5bralik meeskond. Hoolime oma inimestest ja nende tervisest. Pingutame selle nimel, et luua t\u00f6\u00f6keskkond, kus iga\u00fcks tunneks ennast h\u00e4sti ja hoitult. Oleme pika ajalooga stabiilne t\u00f6\u00f6andja. T\u00e4idame oma lubadusi ja kohtleme k\u00f5iki s\u00f5bralikult ning austavalt. Igap\u00e4evat\u00f6\u00f6s toetavad Sind abivalmid ja p\u00fchendunud kolleegid. Bussijuhi...","protected":false},"author":1,"featured_media":0,"parent":0,"menu_order":0,"comment_status":"closed","ping_status":"closed","template":"","meta":{"_acf_changed":false,"footnotes":""},"class_list":["post-2940","page","type-page","status-publish","hentry"],"acf":[],"yoast_head":"<!-- This site is optimized with the Yoast SEO plugin v27.3 - https:\/\/yoast.com\/product\/yoast-seo-wordpress\/ -->\n<title>Join us - Hansabuss<\/title>\n<meta name=\"robots\" content=\"index, follow, max-snippet:-1, max-image-preview:large, max-video-preview:-1\" \/>\n<link rel=\"canonical\" href=\"https:\/\/hansabuss.ee\/en\/join-us\/\" \/>\n<meta property=\"og:locale\" content=\"en_US\" \/>\n<meta property=\"og:type\" content=\"article\" \/>\n<meta property=\"og:title\" content=\"Join us - Hansabuss\" \/>\n<meta property=\"og:url\" content=\"https:\/\/hansabuss.ee\/en\/join-us\/\" \/>\n<meta property=\"og:site_name\" content=\"Hansabuss\" \/>\n<meta property=\"article:publisher\" content=\"https:\/\/www.facebook.com\/Hansabuss\/\" \/>\n<meta property=\"article:modified_time\" content=\"2023-08-14T08:15:18+00:00\" \/>\n<meta property=\"og:image\" content=\"https:\/\/hansabuss.ee\/wp-content\/uploads\/2021\/04\/Turismibussid-32-kohta-3.jpg\" \/>\n\t<meta property=\"og:image:width\" content=\"1024\" \/>\n\t<meta property=\"og:image:height\" content=\"682\" \/>\n\t<meta property=\"og:image:type\" content=\"image\/jpeg\" \/>\n<meta name=\"twitter:card\" content=\"summary_large_image\" \/>\n<meta name=\"twitter:label1\" content=\"Est. reading time\" \/>\n\t<meta name=\"twitter:data1\" content=\"5 minutes\" \/>\n<script type=\"application\/ld+json\" class=\"yoast-schema-graph\">{\"@context\":\"https:\\\/\\\/schema.org\",\"@graph\":[{\"@type\":\"WebPage\",\"@id\":\"https:\\\/\\\/hansabuss.ee\\\/en\\\/join-us\\\/\",\"url\":\"https:\\\/\\\/hansabuss.ee\\\/en\\\/join-us\\\/\",\"name\":\"Join us - Hansabuss\",\"isPartOf\":{\"@id\":\"https:\\\/\\\/hansabuss.ee\\\/#website\"},\"datePublished\":\"2021-05-24T12:58:23+00:00\",\"dateModified\":\"2023-08-14T08:15:18+00:00\",\"breadcrumb\":{\"@id\":\"https:\\\/\\\/hansabuss.ee\\\/en\\\/join-us\\\/#breadcrumb\"},\"inLanguage\":\"en-US\",\"potentialAction\":[{\"@type\":\"ReadAction\",\"target\":[\"https:\\\/\\\/hansabuss.ee\\\/en\\\/join-us\\\/\"]}]},{\"@type\":\"BreadcrumbList\",\"@id\":\"https:\\\/\\\/hansabuss.ee\\\/en\\\/join-us\\\/#breadcrumb\",\"itemListElement\":[{\"@type\":\"ListItem\",\"position\":1,\"name\":\"Home\",\"item\":\"https:\\\/\\\/hansabuss.ee\\\/en\\\/\"},{\"@type\":\"ListItem\",\"position\":2,\"name\":\"Join us\"}]},{\"@type\":\"WebSite\",\"@id\":\"https:\\\/\\\/hansabuss.ee\\\/#website\",\"url\":\"https:\\\/\\\/hansabuss.ee\\\/\",\"name\":\"Hansabuss\",\"description\":\"\",\"publisher\":{\"@id\":\"https:\\\/\\\/hansabuss.ee\\\/#organization\"},\"potentialAction\":[{\"@type\":\"SearchAction\",\"target\":{\"@type\":\"EntryPoint\",\"urlTemplate\":\"https:\\\/\\\/hansabuss.ee\\\/?s={search_term_string}\"},\"query-input\":{\"@type\":\"PropertyValueSpecification\",\"valueRequired\":true,\"valueName\":\"search_term_string\"}}],\"inLanguage\":\"en-US\"},{\"@type\":\"Organization\",\"@id\":\"https:\\\/\\\/hansabuss.ee\\\/#organization\",\"name\":\"Hansabuss AS\",\"url\":\"https:\\\/\\\/hansabuss.ee\\\/\",\"logo\":{\"@type\":\"ImageObject\",\"inLanguage\":\"en-US\",\"@id\":\"https:\\\/\\\/hansabuss.ee\\\/#\\\/schema\\\/logo\\\/image\\\/\",\"url\":\"https:\\\/\\\/hansabuss.ee\\\/wp-content\\\/uploads\\\/2021\\\/03\\\/hansabuss-25-logo.svg\",\"contentUrl\":\"https:\\\/\\\/hansabuss.ee\\\/wp-content\\\/uploads\\\/2021\\\/03\\\/hansabuss-25-logo.svg\",\"width\":\"1200\",\"height\":\"630\",\"caption\":\"Hansabuss AS\"},\"image\":{\"@id\":\"https:\\\/\\\/hansabuss.ee\\\/#\\\/schema\\\/logo\\\/image\\\/\"},\"sameAs\":[\"https:\\\/\\\/www.facebook.com\\\/Hansabuss\\\/\",\"https:\\\/\\\/www.instagram.com\\\/hansabuss\\\/\",\"https:\\\/\\\/www.linkedin.com\\\/company\\\/hansabuss-as\"]}]}<\/script>\n<!-- \/ Yoast SEO plugin. -->","yoast_head_json":{"title":"Join us - Hansabuss","robots":{"index":"index","follow":"follow","max-snippet":"max-snippet:-1","max-image-preview":"max-image-preview:large","max-video-preview":"max-video-preview:-1"},"canonical":"https:\/\/hansabuss.ee\/en\/join-us\/","og_locale":"en_US","og_type":"article","og_title":"Join us - Hansabuss","og_url":"https:\/\/hansabuss.ee\/en\/join-us\/","og_site_name":"Hansabuss","article_publisher":"https:\/\/www.facebook.com\/Hansabuss\/","article_modified_time":"2023-08-14T08:15:18+00:00","og_image":[{"width":1024,"height":682,"url":"https:\/\/hansabuss.ee\/wp-content\/uploads\/2021\/04\/Turismibussid-32-kohta-3.jpg","type":"image\/jpeg"}],"twitter_card":"summary_large_image","twitter_misc":{"Est. reading time":"5 minutes"},"schema":{"@context":"https:\/\/schema.org","@graph":[{"@type":"WebPage","@id":"https:\/\/hansabuss.ee\/en\/join-us\/","url":"https:\/\/hansabuss.ee\/en\/join-us\/","name":"Join us - Hansabuss","isPartOf":{"@id":"https:\/\/hansabuss.ee\/#website"},"datePublished":"2021-05-24T12:58:23+00:00","dateModified":"2023-08-14T08:15:18+00:00","breadcrumb":{"@id":"https:\/\/hansabuss.ee\/en\/join-us\/#breadcrumb"},"inLanguage":"en-US","potentialAction":[{"@type":"ReadAction","target":["https:\/\/hansabuss.ee\/en\/join-us\/"]}]},{"@type":"BreadcrumbList","@id":"https:\/\/hansabuss.ee\/en\/join-us\/#breadcrumb","itemListElement":[{"@type":"ListItem","position":1,"name":"Home","item":"https:\/\/hansabuss.ee\/en\/"},{"@type":"ListItem","position":2,"name":"Join us"}]},{"@type":"WebSite","@id":"https:\/\/hansabuss.ee\/#website","url":"https:\/\/hansabuss.ee\/","name":"Hansabuss","description":"","publisher":{"@id":"https:\/\/hansabuss.ee\/#organization"},"potentialAction":[{"@type":"SearchAction","target":{"@type":"EntryPoint","urlTemplate":"https:\/\/hansabuss.ee\/?s={search_term_string}"},"query-input":{"@type":"PropertyValueSpecification","valueRequired":true,"valueName":"search_term_string"}}],"inLanguage":"en-US"},{"@type":"Organization","@id":"https:\/\/hansabuss.ee\/#organization","name":"Hansabuss AS","url":"https:\/\/hansabuss.ee\/","logo":{"@type":"ImageObject","inLanguage":"en-US","@id":"https:\/\/hansabuss.ee\/#\/schema\/logo\/image\/","url":"https:\/\/hansabuss.ee\/wp-content\/uploads\/2021\/03\/hansabuss-25-logo.svg","contentUrl":"https:\/\/hansabuss.ee\/wp-content\/uploads\/2021\/03\/hansabuss-25-logo.svg","width":"1200","height":"630","caption":"Hansabuss AS"},"image":{"@id":"https:\/\/hansabuss.ee\/#\/schema\/logo\/image\/"},"sameAs":["https:\/\/www.facebook.com\/Hansabuss\/","https:\/\/www.instagram.com\/hansabuss\/","https:\/\/www.linkedin.com\/company\/hansabuss-as"]}]}},"_links":{"self":[{"href":"https:\/\/hansabuss.ee\/en\/wp-json\/wp\/v2\/pages\/2940","targetHints":{"allow":["GET"]}}],"collection":[{"href":"https:\/\/hansabuss.ee\/en\/wp-json\/wp\/v2\/pages"}],"about":[{"href":"https:\/\/hansabuss.ee\/en\/wp-json\/wp\/v2\/types\/page"}],"author":[{"embeddable":true,"href":"https:\/\/hansabuss.ee\/en\/wp-json\/wp\/v2\/users\/1"}],"replies":[{"embeddable":true,"href":"https:\/\/hansabuss.ee\/en\/wp-json\/wp\/v2\/comments?post=2940"}],"version-history":[{"count":0,"href":"https:\/\/hansabuss.ee\/en\/wp-json\/wp\/v2\/pages\/2940\/revisions"}],"wp:attachment":[{"href":"https:\/\/hansabuss.ee\/en\/wp-json\/wp\/v2\/media?parent=2940"}],"curies":[{"name":"wp","href":"https:\/\/api.w.org\/{rel}","templated":true}]}}