{"id":1834,"date":"2021-05-05T22:34:47","date_gmt":"2021-05-05T19:34:47","guid":{"rendered":"https:\/\/hansabuss.ee\/frequently-asked-questions\/"},"modified":"2025-07-15T17:07:07","modified_gmt":"2025-07-15T14:07:07","slug":"bus-lines-frequently-asked-questions","status":"publish","type":"page","link":"https:\/\/hansabuss.ee\/en\/bus-lines-frequently-asked-questions\/","title":{"rendered":"Bus lines frequently asked questions"},"content":{"rendered":"<section class=\"l-section wpb_row height_medium\"><div class=\"l-section-h i-cf\"><div class=\"g-cols vc_row via_flex valign_top type_default stacking_default\"><div class=\"vc_col-sm-12 wpb_column vc_column_container\"><div class=\"vc_column-inner\"><div class=\"wpb_wrapper\"><div class=\"w-tabs style_default switch_click accordion\" style=\"--sections-title-size:inherit\"><div class=\"w-tabs-sections titles-align_none icon_plus cpos_right\"><div class=\"w-tabs-section active\" id=\"i4a8\"><button class=\"w-tabs-section-header active\" aria-controls=\"content-i4a8\" aria-expanded=\"true\"><div class=\"w-tabs-section-title\">Where can I find information about public transport tickets?<\/div><div class=\"w-tabs-section-control\"><\/div><\/button><div  class=\"w-tabs-section-content\" id=\"content-i4a8\"><div class=\"w-tabs-section-content-h i-cf\"><div class=\"wpb_text_column\"><div class=\"wpb_wrapper\"><p>Information about tickets and zones can be found here:<br \/>\n<a href=\"https:\/\/www.ytkpohja.ee\/piletite-hinnad\" target=\"_blank\" rel=\"noopener\">https:\/\/www.ytkpohja.ee\/piletite-hinnad<\/a><\/p>\n<\/div><\/div><div class=\"wpb_text_column\"><div class=\"wpb_wrapper\"><\/div><\/div><\/div><\/div><\/div><div class=\"w-tabs-section\" id=\"r523\"><button class=\"w-tabs-section-header\" aria-controls=\"content-r523\" aria-expanded=\"false\"><div class=\"w-tabs-section-title\">Where can I find information about the schedules and bus stops of public bus lines?<\/div><div class=\"w-tabs-section-control\"><\/div><\/button><div  class=\"w-tabs-section-content\" id=\"content-r523\"><div class=\"w-tabs-section-content-h i-cf\"><div class=\"wpb_text_column\"><div class=\"wpb_wrapper\"><p>Schedules and bus stops can be found here:<br \/>\n<a href=\"https:\/\/web.peatus.ee\/\" target=\"_blank\" rel=\"noopener\">https:\/\/web.peatus.ee\/<\/a><\/p>\n<\/div><\/div><\/div><\/div><\/div><div class=\"w-tabs-section\" id=\"t58d\"><button class=\"w-tabs-section-header\" aria-controls=\"content-t58d\" aria-expanded=\"false\"><div class=\"w-tabs-section-title\">Where can I find information about zones?<\/div><div class=\"w-tabs-section-control\"><\/div><\/button><div  class=\"w-tabs-section-content\" id=\"content-t58d\"><div class=\"w-tabs-section-content-h i-cf\"><div class=\"wpb_text_column\"><div class=\"wpb_wrapper\"><p>Information about ticket zones can be found here:<br \/>\n<a href=\"https:\/\/www.ytkpohja.ee\/piletitsoonid\" target=\"_blank\" rel=\"noopener\">https:\/\/www.ytkpohja.ee\/piletitsoonid<\/a><\/p>\n<\/div><\/div><\/div><\/div><\/div><div class=\"w-tabs-section\" id=\"y5f7\"><button class=\"w-tabs-section-header\" aria-controls=\"content-y5f7\" aria-expanded=\"false\"><div class=\"w-tabs-section-title\">Who do I have to contact if I have lost or forgotten something on the bus?<\/div><div class=\"w-tabs-section-control\"><\/div><\/button><div  class=\"w-tabs-section-content\" id=\"content-y5f7\"><div class=\"w-tabs-section-content-h i-cf\"><div class=\"wpb_text_column\"><div class=\"wpb_wrapper\"><p>If the object was lost on the same day, contact the call centre of Hansabuss at <a href=\"tel:+3726007755\">+372 600 7755<\/a> and we will try to resolve the issue as soon as possible. If more than 24 hours have passed since losing the object, please send a description of the object that is as detailed as possible, including the date, time, line and direction of the bus to <a href=\"mailto:liinid@hansabuss.ee\">liinid@hansabuss.ee<\/a><\/p>\n<\/div><\/div><\/div><\/div><\/div><div class=\"w-tabs-section\" id=\"e654\"><button class=\"w-tabs-section-header\" aria-controls=\"content-e654\" aria-expanded=\"false\"><div class=\"w-tabs-section-title\">Do I need to wave at the bus stop to indicate that I wish to board the bus?<\/div><div class=\"w-tabs-section-control\"><\/div><\/button><div  class=\"w-tabs-section-content\" id=\"content-e654\"><div class=\"w-tabs-section-content-h i-cf\"><div class=\"wpb_text_column\"><div class=\"wpb_wrapper\"><p>To ensure smooth traffic without delays, we recommend waving to indicate your wish to get on the bus.<\/p>\n<\/div><\/div><\/div><\/div><\/div><div class=\"w-tabs-section\" id=\"k6ae\"><button class=\"w-tabs-section-header\" aria-controls=\"content-k6ae\" aria-expanded=\"false\"><div class=\"w-tabs-section-title\">Do I need to press the STOP button if I wish to get off the bus?<\/div><div class=\"w-tabs-section-control\"><\/div><\/button><div  class=\"w-tabs-section-content\" id=\"content-k6ae\"><div class=\"w-tabs-section-content-h i-cf\"><div class=\"wpb_text_column\"><div class=\"wpb_wrapper\"><p>To ensure smooth traffic and the safety of all the passengers, we strongly recommend pressing the STOP button.<\/p>\n<\/div><\/div><\/div><\/div><\/div><div class=\"w-tabs-section\" id=\"y70b\"><button class=\"w-tabs-section-header\" aria-controls=\"content-y70b\" aria-expanded=\"false\"><div class=\"w-tabs-section-title\">Is Wi-Fi available on the bus lines in Harju County?<\/div><div class=\"w-tabs-section-control\"><\/div><\/button><div  class=\"w-tabs-section-content\" id=\"content-y70b\"><div class=\"w-tabs-section-content-h i-cf\"><div class=\"wpb_text_column\"><div class=\"wpb_wrapper\"><p>No, it is not.<\/p>\n<\/div><\/div><\/div><\/div><\/div><div class=\"w-tabs-section\" id=\"g771\"><button class=\"w-tabs-section-header\" aria-controls=\"content-g771\" aria-expanded=\"false\"><div class=\"w-tabs-section-title\">Where can I give feedback about a bus trip, bus driver, etc.?<\/div><div class=\"w-tabs-section-control\"><\/div><\/button><div  class=\"w-tabs-section-content\" id=\"content-g771\"><div class=\"w-tabs-section-content-h i-cf\"><div class=\"wpb_text_column\"><div class=\"wpb_wrapper\"><p>If you wish to give feedback, please send it to the e-mail address <a href=\"mailto:liinid@hansabuss.ee\">liinid@hansabuss.ee<\/a><br \/>\nor fill in the short feedback form on our homepage: <a href=\"https:\/\/hansabuss.ee\/en\/give-feedback\/\">Hansabuss.ee\/tagasiside<\/a>.<\/p>\n<\/div><\/div><\/div><\/div><\/div><div class=\"w-tabs-section\" id=\"c7d1\"><button class=\"w-tabs-section-header\" aria-controls=\"content-c7d1\" aria-expanded=\"false\"><div class=\"w-tabs-section-title\">Can I board a bus with special luggage, such as a scooter, bicycle or skis?<\/div><div class=\"w-tabs-section-control\"><\/div><\/button><div  class=\"w-tabs-section-content\" id=\"content-c7d1\"><div class=\"w-tabs-section-content-h i-cf\"><div class=\"wpb_text_column\"><div class=\"wpb_wrapper\"><p>Passengers may carry skis or other sports equipment on public transport, provided that they are appropriately packaged. Bicycles, self-balancing vehicles and other vehicles with an auxiliary motor are not allowed on public transport. <strong>However, scooters may be transported according to the general requirements: they have to be packaged in order to prevent damage to other passengers and the interior of the bus.<\/strong><\/p>\n<\/div><\/div><\/div><\/div><\/div><div class=\"w-tabs-section\" id=\"v83f\"><button class=\"w-tabs-section-header\" aria-controls=\"content-v83f\" aria-expanded=\"false\"><div class=\"w-tabs-section-title\">Can I take my dog on the bus?\u2028<\/div><div class=\"w-tabs-section-control\"><\/div><\/button><div  class=\"w-tabs-section-content\" id=\"content-v83f\"><div class=\"w-tabs-section-content-h i-cf\"><div class=\"wpb_text_column\"><div class=\"wpb_wrapper\"><p>Dogs can be taken on the bus on a short leash and with a muzzle. Passengers are responsible for ensuring that their dog does not disturb other passengers or cause damage in any other way. The passenger transporting the animal is liable for the damage. Guide or service dogs must always be allowed to get on the bus.<\/p>\n<p><strong>Kust ma leian veelgi detailsemad juhised \u00fchistranspordis lemmikloomade ja eripagasiga reisimise kohta?<\/strong><\/p>\n<p>Info leitav: <a href=\"https:\/\/www.ytkpohja.ee\/soitjale-abiks\" target=\"_blank\" rel=\"noopener\">https:\/\/www.ytkpohja.ee\/soitjale-abiks<\/a><\/p>\n<\/div><\/div><\/div><\/div><\/div><div class=\"w-tabs-section\" id=\"m8a2\"><button class=\"w-tabs-section-header\" aria-controls=\"content-m8a2\" aria-expanded=\"false\"><div class=\"w-tabs-section-title\">Can I board a bus with a coffee cup or other loose beverages?<\/div><div class=\"w-tabs-section-control\"><\/div><\/button><div  class=\"w-tabs-section-content\" id=\"content-m8a2\"><div class=\"w-tabs-section-content-h i-cf\"><div class=\"wpb_text_column\"><div class=\"wpb_wrapper\"><p>The consumption of soft drinks on buses is regulated with section 72(3) of the Public Transport Act, according to which it is not permitted to carry in the passenger compartment or baggage compartment of a bus any prohibited baggage that could harm the health or property of other persons travelling in the public transport vehicle or smear or otherwise harm the public transport vehicle. Prohibited baggage means, above all, radioactive, explosive, poisonous, corrosive, inflammable, odoriferous or smearing substances as well as substances and things without the required packaging.<\/p>\n<p>Therefore, loose beverages are not allowed on the bus, including drinking cups with lids that have an opening for straws or drinking, to protect other passengers and ensure the cleanliness of the passenger compartment.<\/p>\n<\/div><\/div><\/div><\/div><\/div><div class=\"w-tabs-section\" id=\"l942\"><button class=\"w-tabs-section-header\" aria-controls=\"content-l942\" aria-expanded=\"false\"><div class=\"w-tabs-section-title\">What should I do if something went wrong when purchasing a ticket using the Public Transport Card (\u00dchiskaart)? <\/div><div class=\"w-tabs-section-control\"><\/div><\/button><div  class=\"w-tabs-section-content\" id=\"content-l942\"><div class=\"w-tabs-section-content-h i-cf\"><div class=\"wpb_text_column\"><div class=\"wpb_wrapper\"><ol>\n<li>If you paid more for the ticket than you should have or the cash register system did not identify your existing right to travel, you have the right to request the refund of any sum paid in excess for the ticket.\n<ul>\n<li>If you paid more than necessary with the e-money on your Public Transport Card, the bus driver can cancel the last e-ticket if you have not completed a new transaction yet.<\/li>\n<li>If a new transaction has already been concluded, but you discover that the ticket price was incorrect, then keep the ticket. The bus driver cannot help you anymore. Fill in this\u00a0<a href=\"https:\/\/www.ytkpohja.ee\/documents\/67371\/24572204\/Avaldus+pileti+kompentseerimiseks+Ridango.doc\/fe59f744-9179-4f0c-9b1c-73e4bb688843\" target=\"_blank\" rel=\"noopener\">application<\/a>\u00a0and send it to \u00dchendatud Piletid AS at\u00a0<a href=\"mailto:info@pilet.ee\">info@pilet.ee<\/a><\/li>\n<li>You bought a ticket in cash, but the price was wrong. The bus driver cannot give you a refund. Fill in this\u00a0<a href=\"https:\/\/www.ytkpohja.ee\/documents\/67371\/24572204\/Avaldus+pileti+kompentseerimiseksPEYTK+(1).doc\/d2497492-b94c-4adb-82a9-d29c32de7575\" target=\"_blank\" rel=\"noopener\">application<\/a>\u00a0and send it to MT\u00dc Harjumaa \u00dchistranspordikeskus (Harju County Public Transport Centre) at\u00a0<a href=\"mailto:info@ytkpohja.ee\">info@ytkpohja.ee<\/a><\/li>\n<\/ul>\n<\/li>\n<li>The cash register on the bus did not identify a valid monthly card on your Public Transport Card and the bus driver requires you to buy a ticket. It is probably a technical failure that is not under the control of the bus driver. Purchase the ticket, keep it and submit an <a href=\"https:\/\/www.ytkpohja.ee\/documents\/67371\/24572204\/Avaldus+pileti+kompentseerimiseks.doc\/4dac4c9f-bcb6-45c6-9f63-d327854c79a9\" target=\"_blank\" rel=\"noopener\">application<\/a>\u00a0for compensation and attach the ticket to it.<\/li>\n<li>Your right for a discount has not been taken into account on the ticket (a discount provided by the local government if you have a personalised Public Transport Card). Fill in this\u00a0<a href=\"https:\/\/www.ytkpohja.ee\/documents\/67371\/24572204\/Avaldus+pileti+kompentseerimiseksPEYTK+(1).doc\/d2497492-b94c-4adb-82a9-d29c32de7575\" target=\"_blank\" rel=\"noopener\">application<\/a>\u00a0and send it to MT\u00dc P\u00f5hja-Eesti \u00dchistranspordikeskus (North-Estonia Public Transport Centre) at\u00a0<a href=\"mailto:info@ytkpohja.ee\">info@ytkpohja.ee<\/a>. Make sure to include the number of your Public Transport Card.<\/li>\n<\/ol>\n<\/div><\/div><\/div><\/div><\/div><\/div><\/div><\/div><\/div><\/div><\/div><\/div><\/section>\n","protected":false},"excerpt":{"rendered":"Where can I find information about public transport tickets?Information about tickets and zones can be found here: https:\/\/www.ytkpohja.ee\/piletite-hinnad Where can I find information about the schedules and bus stops of public bus lines?Schedules and bus stops can be found here: https:\/\/web.peatus.ee\/ Where can I find information about zones?Information about ticket zones can be found here:...","protected":false},"author":1,"featured_media":0,"parent":0,"menu_order":0,"comment_status":"closed","ping_status":"closed","template":"","meta":{"_acf_changed":false,"footnotes":""},"class_list":["post-1834","page","type-page","status-publish","hentry"],"acf":[],"yoast_head":"<!-- This site is optimized with the Yoast SEO plugin v27.4 - https:\/\/yoast.com\/product\/yoast-seo-wordpress\/ -->\n<title>Bus lines frequently asked questions - Hansabuss<\/title>\n<meta name=\"robots\" content=\"index, follow, max-snippet:-1, max-image-preview:large, max-video-preview:-1\" \/>\n<link rel=\"canonical\" href=\"https:\/\/hansabuss.ee\/en\/bus-lines-frequently-asked-questions\/\" \/>\n<meta property=\"og:locale\" content=\"en_US\" \/>\n<meta property=\"og:type\" content=\"article\" \/>\n<meta property=\"og:title\" content=\"Bus lines frequently asked questions - Hansabuss\" \/>\n<meta property=\"og:url\" content=\"https:\/\/hansabuss.ee\/en\/bus-lines-frequently-asked-questions\/\" \/>\n<meta property=\"og:site_name\" content=\"Hansabuss\" \/>\n<meta property=\"article:publisher\" content=\"https:\/\/www.facebook.com\/Hansabuss\/\" \/>\n<meta property=\"article:modified_time\" content=\"2025-07-15T14:07:07+00:00\" \/>\n<meta property=\"og:image\" content=\"https:\/\/hansabuss.ee\/wp-content\/uploads\/2021\/04\/Turismibussid-32-kohta-3.jpg\" \/>\n\t<meta property=\"og:image:width\" content=\"1024\" \/>\n\t<meta property=\"og:image:height\" content=\"682\" \/>\n\t<meta property=\"og:image:type\" content=\"image\/jpeg\" \/>\n<meta name=\"twitter:card\" content=\"summary_large_image\" \/>\n<meta name=\"twitter:label1\" content=\"Est. reading time\" \/>\n\t<meta name=\"twitter:data1\" content=\"6 minutes\" \/>\n<script type=\"application\/ld+json\" class=\"yoast-schema-graph\">{\"@context\":\"https:\\\/\\\/schema.org\",\"@graph\":[{\"@type\":\"WebPage\",\"@id\":\"https:\\\/\\\/hansabuss.ee\\\/en\\\/bus-lines-frequently-asked-questions\\\/\",\"url\":\"https:\\\/\\\/hansabuss.ee\\\/en\\\/bus-lines-frequently-asked-questions\\\/\",\"name\":\"Bus lines frequently asked questions - Hansabuss\",\"isPartOf\":{\"@id\":\"https:\\\/\\\/hansabuss.ee\\\/#website\"},\"datePublished\":\"2021-05-05T19:34:47+00:00\",\"dateModified\":\"2025-07-15T14:07:07+00:00\",\"breadcrumb\":{\"@id\":\"https:\\\/\\\/hansabuss.ee\\\/en\\\/bus-lines-frequently-asked-questions\\\/#breadcrumb\"},\"inLanguage\":\"en-US\",\"potentialAction\":[{\"@type\":\"ReadAction\",\"target\":[\"https:\\\/\\\/hansabuss.ee\\\/en\\\/bus-lines-frequently-asked-questions\\\/\"]}]},{\"@type\":\"BreadcrumbList\",\"@id\":\"https:\\\/\\\/hansabuss.ee\\\/en\\\/bus-lines-frequently-asked-questions\\\/#breadcrumb\",\"itemListElement\":[{\"@type\":\"ListItem\",\"position\":1,\"name\":\"Home\",\"item\":\"https:\\\/\\\/hansabuss.ee\\\/en\\\/\"},{\"@type\":\"ListItem\",\"position\":2,\"name\":\"Bus lines frequently asked questions\"}]},{\"@type\":\"WebSite\",\"@id\":\"https:\\\/\\\/hansabuss.ee\\\/#website\",\"url\":\"https:\\\/\\\/hansabuss.ee\\\/\",\"name\":\"Hansabuss\",\"description\":\"\",\"publisher\":{\"@id\":\"https:\\\/\\\/hansabuss.ee\\\/#organization\"},\"potentialAction\":[{\"@type\":\"SearchAction\",\"target\":{\"@type\":\"EntryPoint\",\"urlTemplate\":\"https:\\\/\\\/hansabuss.ee\\\/?s={search_term_string}\"},\"query-input\":{\"@type\":\"PropertyValueSpecification\",\"valueRequired\":true,\"valueName\":\"search_term_string\"}}],\"inLanguage\":\"en-US\"},{\"@type\":\"Organization\",\"@id\":\"https:\\\/\\\/hansabuss.ee\\\/#organization\",\"name\":\"Hansabuss AS\",\"url\":\"https:\\\/\\\/hansabuss.ee\\\/\",\"logo\":{\"@type\":\"ImageObject\",\"inLanguage\":\"en-US\",\"@id\":\"https:\\\/\\\/hansabuss.ee\\\/#\\\/schema\\\/logo\\\/image\\\/\",\"url\":\"https:\\\/\\\/hansabuss.ee\\\/wp-content\\\/uploads\\\/2021\\\/03\\\/hansabuss-25-logo.svg\",\"contentUrl\":\"https:\\\/\\\/hansabuss.ee\\\/wp-content\\\/uploads\\\/2021\\\/03\\\/hansabuss-25-logo.svg\",\"width\":\"1200\",\"height\":\"630\",\"caption\":\"Hansabuss AS\"},\"image\":{\"@id\":\"https:\\\/\\\/hansabuss.ee\\\/#\\\/schema\\\/logo\\\/image\\\/\"},\"sameAs\":[\"https:\\\/\\\/www.facebook.com\\\/Hansabuss\\\/\",\"https:\\\/\\\/www.instagram.com\\\/hansabuss\\\/\",\"https:\\\/\\\/www.linkedin.com\\\/company\\\/hansabuss-as\"]}]}<\/script>\n<!-- \/ Yoast SEO plugin. -->","yoast_head_json":{"title":"Bus lines frequently asked questions - Hansabuss","robots":{"index":"index","follow":"follow","max-snippet":"max-snippet:-1","max-image-preview":"max-image-preview:large","max-video-preview":"max-video-preview:-1"},"canonical":"https:\/\/hansabuss.ee\/en\/bus-lines-frequently-asked-questions\/","og_locale":"en_US","og_type":"article","og_title":"Bus lines frequently asked questions - Hansabuss","og_url":"https:\/\/hansabuss.ee\/en\/bus-lines-frequently-asked-questions\/","og_site_name":"Hansabuss","article_publisher":"https:\/\/www.facebook.com\/Hansabuss\/","article_modified_time":"2025-07-15T14:07:07+00:00","og_image":[{"width":1024,"height":682,"url":"https:\/\/hansabuss.ee\/wp-content\/uploads\/2021\/04\/Turismibussid-32-kohta-3.jpg","type":"image\/jpeg"}],"twitter_card":"summary_large_image","twitter_misc":{"Est. reading time":"6 minutes"},"schema":{"@context":"https:\/\/schema.org","@graph":[{"@type":"WebPage","@id":"https:\/\/hansabuss.ee\/en\/bus-lines-frequently-asked-questions\/","url":"https:\/\/hansabuss.ee\/en\/bus-lines-frequently-asked-questions\/","name":"Bus lines frequently asked questions - Hansabuss","isPartOf":{"@id":"https:\/\/hansabuss.ee\/#website"},"datePublished":"2021-05-05T19:34:47+00:00","dateModified":"2025-07-15T14:07:07+00:00","breadcrumb":{"@id":"https:\/\/hansabuss.ee\/en\/bus-lines-frequently-asked-questions\/#breadcrumb"},"inLanguage":"en-US","potentialAction":[{"@type":"ReadAction","target":["https:\/\/hansabuss.ee\/en\/bus-lines-frequently-asked-questions\/"]}]},{"@type":"BreadcrumbList","@id":"https:\/\/hansabuss.ee\/en\/bus-lines-frequently-asked-questions\/#breadcrumb","itemListElement":[{"@type":"ListItem","position":1,"name":"Home","item":"https:\/\/hansabuss.ee\/en\/"},{"@type":"ListItem","position":2,"name":"Bus lines frequently asked questions"}]},{"@type":"WebSite","@id":"https:\/\/hansabuss.ee\/#website","url":"https:\/\/hansabuss.ee\/","name":"Hansabuss","description":"","publisher":{"@id":"https:\/\/hansabuss.ee\/#organization"},"potentialAction":[{"@type":"SearchAction","target":{"@type":"EntryPoint","urlTemplate":"https:\/\/hansabuss.ee\/?s={search_term_string}"},"query-input":{"@type":"PropertyValueSpecification","valueRequired":true,"valueName":"search_term_string"}}],"inLanguage":"en-US"},{"@type":"Organization","@id":"https:\/\/hansabuss.ee\/#organization","name":"Hansabuss AS","url":"https:\/\/hansabuss.ee\/","logo":{"@type":"ImageObject","inLanguage":"en-US","@id":"https:\/\/hansabuss.ee\/#\/schema\/logo\/image\/","url":"https:\/\/hansabuss.ee\/wp-content\/uploads\/2021\/03\/hansabuss-25-logo.svg","contentUrl":"https:\/\/hansabuss.ee\/wp-content\/uploads\/2021\/03\/hansabuss-25-logo.svg","width":"1200","height":"630","caption":"Hansabuss AS"},"image":{"@id":"https:\/\/hansabuss.ee\/#\/schema\/logo\/image\/"},"sameAs":["https:\/\/www.facebook.com\/Hansabuss\/","https:\/\/www.instagram.com\/hansabuss\/","https:\/\/www.linkedin.com\/company\/hansabuss-as"]}]}},"_links":{"self":[{"href":"https:\/\/hansabuss.ee\/en\/wp-json\/wp\/v2\/pages\/1834","targetHints":{"allow":["GET"]}}],"collection":[{"href":"https:\/\/hansabuss.ee\/en\/wp-json\/wp\/v2\/pages"}],"about":[{"href":"https:\/\/hansabuss.ee\/en\/wp-json\/wp\/v2\/types\/page"}],"author":[{"embeddable":true,"href":"https:\/\/hansabuss.ee\/en\/wp-json\/wp\/v2\/users\/1"}],"replies":[{"embeddable":true,"href":"https:\/\/hansabuss.ee\/en\/wp-json\/wp\/v2\/comments?post=1834"}],"version-history":[{"count":0,"href":"https:\/\/hansabuss.ee\/en\/wp-json\/wp\/v2\/pages\/1834\/revisions"}],"wp:attachment":[{"href":"https:\/\/hansabuss.ee\/en\/wp-json\/wp\/v2\/media?parent=1834"}],"curies":[{"name":"wp","href":"https:\/\/api.w.org\/{rel}","templated":true}]}}